{"id":1708,"date":"2021-04-12T10:22:33","date_gmt":"2021-04-12T15:22:33","guid":{"rendered":"http:\/\/cbrcr.org\/?page_id=1708"},"modified":"2024-05-25T08:26:28","modified_gmt":"2024-05-25T13:26:28","slug":"actualites","status":"publish","type":"page","link":"http:\/\/cbrcr.org\/index.php\/actualites\/","title":{"rendered":"Actualit\u00e9s"},"content":{"rendered":"\t\t<div data-elementor-type=\"wp-page\" data-elementor-id=\"1708\" class=\"elementor elementor-1708\" data-elementor-post-type=\"page\">\n\t\t\t\t\t\t<section class=\"elementor-section elementor-top-section elementor-element elementor-element-4589992 elementor-section-boxed elementor-section-height-default elementor-section-height-default\" data-id=\"4589992\" data-element_type=\"section\" data-e-type=\"section\">\n\t\t\t\t\t\t<div class=\"elementor-container elementor-column-gap-default\">\n\t\t\t\t\t<div class=\"elementor-column elementor-col-100 elementor-top-column elementor-element elementor-element-cfb31f1\" data-id=\"cfb31f1\" data-element_type=\"column\" data-e-type=\"column\">\n\t\t\t<div class=\"elementor-widget-wrap elementor-element-populated\">\n\t\t\t\t\t\t<div class=\"elementor-element elementor-element-6fc6e8b elementor-widget elementor-widget-posts\" data-id=\"6fc6e8b\" data-element_type=\"widget\" data-e-type=\"widget\" data-settings=\"{&quot;full_content_row_gap&quot;:{&quot;unit&quot;:&quot;px&quot;,&quot;size&quot;:30,&quot;sizes&quot;:[]}}\" data-widget_type=\"posts.full_content\">\n\t\t\t\t<div class=\"elementor-widget-container\">\n\t\t\t\t\t\t\t<div class=\"elementor-posts-container elementor-posts elementor-posts--skin-full_content elementor-grid\" role=\"list\">\n\t\t\t\t<article class=\"elementor-post elementor-grid-item post-6633 post type-post status-publish format-standard hentry category-actualites\" role=\"listitem\">\n\t\t\t\t<div class=\"elementor-post__text\">\n\t\t\t\t<h3 class=\"elementor-post__title\">\n\t\t\t<a href=\"http:\/\/cbrcr.org\/index.php\/2026\/03\/30\/emploi-dete-manoeuvre-biodiversite-protection-des-milieux-naturels\/\" >\n\t\t\t\tEmploi d&rsquo;\u00e9t\u00e9 &#8211; Manoeuvre &#8211; Biodiversit\u00e9 &#038; protection des milieux naturels\t\t\t<\/a>\n\t\t<\/h3>\n\t\t\t\t<div class=\"elementor-post__meta-data\">\n\t\t\t\t\t<span class=\"elementor-post-date\">\n\t\t\t30 mars 2026\t\t<\/span>\n\t\t\t\t<\/div>\n\t\t<div class=\"elementor-post__content\"><style>.elementor-6633 .elementor-element.elementor-element-64c46f8{margin-top:10px;margin-bottom:10px;}.elementor-6633 .elementor-element.elementor-element-de7feea{font-family:var( --e-global-typography-867b43a-font-family ), Sans-serif;font-size:var( --e-global-typography-867b43a-font-size );font-weight:var( --e-global-typography-867b43a-font-weight );line-height:var( --e-global-typography-867b43a-line-height );letter-spacing:var( --e-global-typography-867b43a-letter-spacing );word-spacing:var( --e-global-typography-867b43a-word-spacing );color:var( --e-global-color-0ba0e91 );}@media(min-width:768px){.elementor-6633 .elementor-element.elementor-element-82065e4{width:45.05%;}.elementor-6633 .elementor-element.elementor-element-01966fc{width:54.95%;}}@media(max-width:1024px){.elementor-6633 .elementor-element.elementor-element-de7feea{font-size:var( --e-global-typography-867b43a-font-size );line-height:var( --e-global-typography-867b43a-line-height );letter-spacing:var( --e-global-typography-867b43a-letter-spacing );word-spacing:var( --e-global-typography-867b43a-word-spacing );}}@media(max-width:767px){.elementor-6633 .elementor-element.elementor-element-de7feea{font-size:var( --e-global-typography-867b43a-font-size );line-height:var( --e-global-typography-867b43a-line-height );letter-spacing:var( --e-global-typography-867b43a-letter-spacing );word-spacing:var( --e-global-typography-867b43a-word-spacing );}}<\/style>\t\t<div data-elementor-type=\"wp-post\" data-elementor-id=\"6633\" class=\"elementor elementor-6633\" data-elementor-post-type=\"post\">\n\t\t\t\t\t\t<section class=\"elementor-section elementor-top-section elementor-element elementor-element-64c46f8 elementor-section-boxed elementor-section-height-default elementor-section-height-default\" data-id=\"64c46f8\" data-element_type=\"section\" data-e-type=\"section\">\n\t\t\t\t\t\t<div class=\"elementor-container elementor-column-gap-default\">\n\t\t\t\t\t<div class=\"elementor-column elementor-col-50 elementor-top-column elementor-element elementor-element-82065e4\" data-id=\"82065e4\" data-element_type=\"column\" data-e-type=\"column\">\n\t\t\t<div class=\"elementor-widget-wrap elementor-element-populated\">\n\t\t\t\t\t\t<div class=\"elementor-element elementor-element-8af2561 elementor-widget elementor-widget-image\" data-id=\"8af2561\" data-element_type=\"widget\" data-e-type=\"widget\" data-widget_type=\"image.default\">\n\t\t\t\t<div class=\"elementor-widget-container\">\n\t\t\t\t\t\t\t\t\t\t\t\t\t\t\t<img fetchpriority=\"high\" fetchpriority=\"high\" decoding=\"async\" width=\"1640\" height=\"924\" src=\"https:\/\/cbrcr.org\/wp-content\/uploads\/2021\/12\/Galerie-sentiers_02.jpg\" class=\"attachment-full size-full wp-image-4455\" alt=\"\" srcset=\"https:\/\/cbrcr.org\/wp-content\/uploads\/2021\/12\/Galerie-sentiers_02.jpg 1640w, https:\/\/cbrcr.org\/wp-content\/uploads\/2021\/12\/Galerie-sentiers_02-300x169.jpg 300w, https:\/\/cbrcr.org\/wp-content\/uploads\/2021\/12\/Galerie-sentiers_02-768x433.jpg 768w, https:\/\/cbrcr.org\/wp-content\/uploads\/2021\/12\/Galerie-sentiers_02-1024x577.jpg 1024w, https:\/\/cbrcr.org\/wp-content\/uploads\/2021\/12\/Galerie-sentiers_02-350x197.jpg 350w\" sizes=\"100vw\" \/>\t\t\t\t\t\t\t\t\t\t\t\t\t\t\t<\/div>\n\t\t\t\t<\/div>\n\t\t\t\t\t<\/div>\n\t\t<\/div>\n\t\t\t\t<div class=\"elementor-column elementor-col-50 elementor-top-column elementor-element elementor-element-01966fc\" data-id=\"01966fc\" data-element_type=\"column\" data-e-type=\"column\">\n\t\t\t<div class=\"elementor-widget-wrap elementor-element-populated\">\n\t\t\t\t\t\t<div class=\"elementor-element elementor-element-de7feea elementor-widget elementor-widget-text-editor\" data-id=\"de7feea\" data-element_type=\"widget\" data-e-type=\"widget\" data-widget_type=\"text-editor.default\">\n\t\t\t\t<div class=\"elementor-widget-container\">\n\t\t\t\t\t\t\t\t\t<p>\u00c0 la recherche d&rsquo;un emploi pour travailler dehors durant l&rsquo;\u00e9t\u00e9 ?<\/p>\n<p>Pour d\u00e9couvrir l&rsquo;offre, c&rsquo;est juste ici :\u00a0 CBRCR &#8211; \u00c9tudiant.e \/ Asssistant.e terrain<\/p>\n<p>Manifeste ton int\u00e9r\u00eat en \u00e9crivant \u00e0 : <strong>direction@cbrcr.org<\/strong><\/p>\t\t\t\t\t\t\t\t<\/div>\n\t\t\t\t<\/div>\n\t\t\t\t\t<\/div>\n\t\t<\/div>\n\t\t\t\t\t<\/div>\n\t\t<\/section>\n\t\t\t\t<section class=\"elementor-section elementor-top-section elementor-element elementor-element-424fa55 elementor-section-boxed elementor-section-height-default elementor-section-height-default\" data-id=\"424fa55\" data-element_type=\"section\" data-e-type=\"section\">\n\t\t\t\t\t\t<div class=\"elementor-container elementor-column-gap-default\">\n\t\t\t\t\t<div class=\"elementor-column elementor-col-100 elementor-top-column elementor-element elementor-element-dd41cad\" data-id=\"dd41cad\" data-element_type=\"column\" data-e-type=\"column\">\n\t\t\t<div class=\"elementor-widget-wrap elementor-element-populated\">\n\t\t\t\t\t\t<div class=\"elementor-element elementor-element-533fe6c elementor-widget elementor-widget-image\" data-id=\"533fe6c\" data-element_type=\"widget\" data-e-type=\"widget\" data-widget_type=\"image.default\">\n\t\t\t\t<div class=\"elementor-widget-container\">\n\t\t\t\t\t\t\t\t\t\t\t\t\t\t\t<img decoding=\"async\" src=\"http:\/\/cbrcr.org\/wp-content\/uploads\/2025\/04\/CBRCR-Charge-projets-bandes-riveraines-1.pdf\" title=\"\" alt=\"\" loading=\"lazy\" \/>\t\t\t\t\t\t\t\t\t\t\t\t\t\t\t<\/div>\n\t\t\t\t<\/div>\n\t\t\t\t\t<\/div>\n\t\t<\/div>\n\t\t\t\t\t<\/div>\n\t\t<\/section>\n\t\t\t\t<\/div>\n\t\t<\/div>\t\t<\/div>\n\t\t\t\t<\/article>\n\t\t\t\t<\/div>\n\t\t\n\t\t\t\t\t\t<\/div>\n\t\t\t\t<\/div>\n\t\t\t\t\t<\/div>\n\t\t<\/div>\n\t\t\t\t\t<\/div>\n\t\t<\/section>\n\t\t\t\t<\/div>\n\t\t","protected":false},"excerpt":{"rendered":"","protected":false},"author":1,"featured_media":0,"parent":0,"menu_order":0,"comment_status":"closed","ping_status":"closed","template":"","meta":{"inline_featured_image":false,"footnotes":""},"class_list":["post-1708","page","type-page","status-publish","hentry"],"publishpress_future_action":{"enabled":false,"date":"2026-05-07 11:06:16","action":"change-status","newStatus":"draft","terms":[],"taxonomy":"","extraData":[]},"publishpress_future_workflow_manual_trigger":{"enabledWorkflows":[]},"_links":{"self":[{"href":"http:\/\/cbrcr.org\/index.php\/wp-json\/wp\/v2\/pages\/1708","targetHints":{"allow":["GET"]}}],"collection":[{"href":"http:\/\/cbrcr.org\/index.php\/wp-json\/wp\/v2\/pages"}],"about":[{"href":"http:\/\/cbrcr.org\/index.php\/wp-json\/wp\/v2\/types\/page"}],"author":[{"embeddable":true,"href":"http:\/\/cbrcr.org\/index.php\/wp-json\/wp\/v2\/users\/1"}],"replies":[{"embeddable":true,"href":"http:\/\/cbrcr.org\/index.php\/wp-json\/wp\/v2\/comments?post=1708"}],"version-history":[{"count":109,"href":"http:\/\/cbrcr.org\/index.php\/wp-json\/wp\/v2\/pages\/1708\/revisions"}],"predecessor-version":[{"id":6402,"href":"http:\/\/cbrcr.org\/index.php\/wp-json\/wp\/v2\/pages\/1708\/revisions\/6402"}],"wp:attachment":[{"href":"http:\/\/cbrcr.org\/index.php\/wp-json\/wp\/v2\/media?parent=1708"}],"curies":[{"name":"wp","href":"https:\/\/api.w.org\/{rel}","templated":true}]}}