{"id":1748,"date":"2021-05-18T12:26:57","date_gmt":"2021-05-18T17:26:57","guid":{"rendered":"http:\/\/cbrcr.org\/?page_id=1748"},"modified":"2026-02-01T09:17:15","modified_gmt":"2026-02-01T14:17:15","slug":"documentation","status":"publish","type":"page","link":"http:\/\/cbrcr.org\/index.php\/documentation\/","title":{"rendered":"Documentation"},"content":{"rendered":"\t\t<div data-elementor-type=\"wp-page\" data-elementor-id=\"1748\" class=\"elementor elementor-1748\" data-elementor-post-type=\"page\">\n\t\t\t\t\t\t<section class=\"elementor-section elementor-top-section elementor-element elementor-element-c34c43b elementor-section-boxed elementor-section-height-default elementor-section-height-default\" data-id=\"c34c43b\" data-element_type=\"section\" data-e-type=\"section\">\n\t\t\t\t\t\t<div class=\"elementor-container elementor-column-gap-default\">\n\t\t\t\t\t<div class=\"elementor-column elementor-col-100 elementor-top-column elementor-element elementor-element-b833b5f\" data-id=\"b833b5f\" data-element_type=\"column\" data-e-type=\"column\">\n\t\t\t<div class=\"elementor-widget-wrap elementor-element-populated\">\n\t\t\t\t\t\t<div class=\"elementor-element elementor-element-e1f22d3 elementor-widget elementor-widget-toggle\" data-id=\"e1f22d3\" data-element_type=\"widget\" data-e-type=\"widget\" data-widget_type=\"toggle.default\">\n\t\t\t\t<div class=\"elementor-widget-container\">\n\t\t\t\t\t\t\t<div class=\"elementor-toggle\">\n\t\t\t\t\t\t\t<div class=\"elementor-toggle-item\">\n\t\t\t\t\t<h6 id=\"elementor-tab-title-2361\" class=\"elementor-tab-title\" data-tab=\"1\" role=\"button\" aria-controls=\"elementor-tab-content-2361\" aria-expanded=\"false\">\n\t\t\t\t\t\t\t\t\t\t\t\t<span class=\"elementor-toggle-icon elementor-toggle-icon-left\" aria-hidden=\"true\">\n\t\t\t\t\t\t\t\t\t\t\t\t\t\t\t<span class=\"elementor-toggle-icon-closed\"><i class=\"fas fa-caret-square-down\"><\/i><\/span>\n\t\t\t\t\t\t\t\t<span class=\"elementor-toggle-icon-opened\"><i class=\"elementor-toggle-icon-opened fas fa-caret-up\"><\/i><\/span>\n\t\t\t\t\t\t\t\t\t\t\t\t\t<\/span>\n\t\t\t\t\t\t\t\t\t\t\t\t<a class=\"elementor-toggle-title\" tabindex=\"0\">Protection des renseignements personnels <\/a>\n\t\t\t\t\t<\/h6>\n\n\t\t\t\t\t<div id=\"elementor-tab-content-2361\" class=\"elementor-tab-content elementor-clearfix\" data-tab=\"1\" role=\"region\" aria-labelledby=\"elementor-tab-title-2361\"><p><a href=\"http:\/\/cbrcr.org\/wp-content\/uploads\/2024\/10\/PoL.ConfidentialiteAnnexe1.pdf\"><strong>Politique de confidentialit\u00e9<\/strong><\/a><\/p><p><a href=\"http:\/\/cbrcr.org\/wp-content\/uploads\/2025\/12\/Informations-detaillees.art3_.2_pour-publication.ssm_.pdf\"><strong>Informations d\u00e9taill\u00e9es concernant l\u2019application de la Politique de confidentialit\u00e9<\/strong><\/a><\/p><\/div>\n\t\t\t\t<\/div>\n\t\t\t\t\t\t\t<div class=\"elementor-toggle-item\">\n\t\t\t\t\t<h6 id=\"elementor-tab-title-2362\" class=\"elementor-tab-title\" data-tab=\"2\" role=\"button\" aria-controls=\"elementor-tab-content-2362\" aria-expanded=\"false\">\n\t\t\t\t\t\t\t\t\t\t\t\t<span class=\"elementor-toggle-icon elementor-toggle-icon-left\" aria-hidden=\"true\">\n\t\t\t\t\t\t\t\t\t\t\t\t\t\t\t<span class=\"elementor-toggle-icon-closed\"><i class=\"fas fa-caret-square-down\"><\/i><\/span>\n\t\t\t\t\t\t\t\t<span class=\"elementor-toggle-icon-opened\"><i class=\"elementor-toggle-icon-opened fas fa-caret-up\"><\/i><\/span>\n\t\t\t\t\t\t\t\t\t\t\t\t\t<\/span>\n\t\t\t\t\t\t\t\t\t\t\t\t<a class=\"elementor-toggle-title\" tabindex=\"0\">R\u00e8glements g\u00e9n\u00e9raux<\/a>\n\t\t\t\t\t<\/h6>\n\n\t\t\t\t\t<div id=\"elementor-tab-content-2362\" class=\"elementor-tab-content elementor-clearfix\" data-tab=\"2\" role=\"region\" aria-labelledby=\"elementor-tab-title-2362\"><p><a href=\"http:\/\/cbrcr.org\/wp-content\/uploads\/2024\/10\/CBRCR-Reglements-generaux_rev13oct2024.ssm_.pdf\" target=\"_blank\" rel=\"noopener\">CBRCR &#8211; R\u00e8glements g\u00e9n\u00e9raux 2024<\/a><\/p><\/div>\n\t\t\t\t<\/div>\n\t\t\t\t\t\t\t<div class=\"elementor-toggle-item\">\n\t\t\t\t\t<h6 id=\"elementor-tab-title-2363\" class=\"elementor-tab-title\" data-tab=\"3\" role=\"button\" aria-controls=\"elementor-tab-content-2363\" aria-expanded=\"false\">\n\t\t\t\t\t\t\t\t\t\t\t\t<span class=\"elementor-toggle-icon elementor-toggle-icon-left\" aria-hidden=\"true\">\n\t\t\t\t\t\t\t\t\t\t\t\t\t\t\t<span class=\"elementor-toggle-icon-closed\"><i class=\"fas fa-caret-square-down\"><\/i><\/span>\n\t\t\t\t\t\t\t\t<span class=\"elementor-toggle-icon-opened\"><i class=\"elementor-toggle-icon-opened fas fa-caret-up\"><\/i><\/span>\n\t\t\t\t\t\t\t\t\t\t\t\t\t<\/span>\n\t\t\t\t\t\t\t\t\t\t\t\t<a class=\"elementor-toggle-title\" tabindex=\"0\">Assembl\u00e9es des membres<\/a>\n\t\t\t\t\t<\/h6>\n\n\t\t\t\t\t<div id=\"elementor-tab-content-2363\" class=\"elementor-tab-content elementor-clearfix\" data-tab=\"3\" role=\"region\" aria-labelledby=\"elementor-tab-title-2363\"><p>\u00c0 venir<\/p><\/div>\n\t\t\t\t<\/div>\n\t\t\t\t\t\t\t<div class=\"elementor-toggle-item\">\n\t\t\t\t\t<h6 id=\"elementor-tab-title-2364\" class=\"elementor-tab-title\" data-tab=\"4\" role=\"button\" aria-controls=\"elementor-tab-content-2364\" aria-expanded=\"false\">\n\t\t\t\t\t\t\t\t\t\t\t\t<span class=\"elementor-toggle-icon elementor-toggle-icon-left\" aria-hidden=\"true\">\n\t\t\t\t\t\t\t\t\t\t\t\t\t\t\t<span class=\"elementor-toggle-icon-closed\"><i class=\"fas fa-caret-square-down\"><\/i><\/span>\n\t\t\t\t\t\t\t\t<span class=\"elementor-toggle-icon-opened\"><i class=\"elementor-toggle-icon-opened fas fa-caret-up\"><\/i><\/span>\n\t\t\t\t\t\t\t\t\t\t\t\t\t<\/span>\n\t\t\t\t\t\t\t\t\t\t\t\t<a class=\"elementor-toggle-title\" tabindex=\"0\">Planification strat\u00e9gique <\/a>\n\t\t\t\t\t<\/h6>\n\n\t\t\t\t\t<div id=\"elementor-tab-content-2364\" class=\"elementor-tab-content elementor-clearfix\" data-tab=\"4\" role=\"region\" aria-labelledby=\"elementor-tab-title-2364\"><p><a href=\"http:\/\/cbrcr.org\/wp-content\/uploads\/2024\/10\/Plan.Strategique_AA-23-.23mars2023_V2.pdf\">Planification strat\u00e9gique 2023<\/a><\/p><\/div>\n\t\t\t\t<\/div>\n\t\t\t\t\t\t\t<div class=\"elementor-toggle-item\">\n\t\t\t\t\t<h6 id=\"elementor-tab-title-2365\" class=\"elementor-tab-title\" data-tab=\"5\" role=\"button\" aria-controls=\"elementor-tab-content-2365\" aria-expanded=\"false\">\n\t\t\t\t\t\t\t\t\t\t\t\t<span class=\"elementor-toggle-icon elementor-toggle-icon-left\" aria-hidden=\"true\">\n\t\t\t\t\t\t\t\t\t\t\t\t\t\t\t<span class=\"elementor-toggle-icon-closed\"><i class=\"fas fa-caret-square-down\"><\/i><\/span>\n\t\t\t\t\t\t\t\t<span class=\"elementor-toggle-icon-opened\"><i class=\"elementor-toggle-icon-opened fas fa-caret-up\"><\/i><\/span>\n\t\t\t\t\t\t\t\t\t\t\t\t\t<\/span>\n\t\t\t\t\t\t\t\t\t\t\t\t<a class=\"elementor-toggle-title\" tabindex=\"0\">Plans d'action annuels<\/a>\n\t\t\t\t\t<\/h6>\n\n\t\t\t\t\t<div id=\"elementor-tab-content-2365\" class=\"elementor-tab-content elementor-clearfix\" data-tab=\"5\" role=\"region\" aria-labelledby=\"elementor-tab-title-2365\"><p><a href=\"http:\/\/cbrcr.org\/wp-content\/uploads\/2026\/02\/CBRCR-Plan-daction-2026.pdf\" target=\"_blank\" rel=\"noopener\">CBRCR_2026_Plan d&rsquo;action<\/a><\/p><p><a href=\"http:\/\/cbrcr.org\/wp-content\/uploads\/2025\/02\/CBRCR_Plan-daction-2025.pdf\" target=\"_blank\" rel=\"noopener\"><span style=\"background-color: #ffffff;\">CBRCR_2025_Plan <\/span><span style=\"background-color: #ffffff;\">d&rsquo;action<\/span><\/a><\/p><p><a href=\"http:\/\/cbrcr.org\/wp-content\/uploads\/2024\/10\/CBRCR.Plan-daction-2024_28nov2023.a.docx.pdf\" target=\"_blank\" rel=\"noopener\">CBRCR_2024_Plan d&rsquo;action<\/a><\/p><p><a href=\"http:\/\/cbrcr.org\/wp-content\/uploads\/2024\/10\/Plan-daction-2023_CBRCR.pdf\" target=\"_blank\" rel=\"noopener\">CBRCR_2023_Plan d&rsquo;action<\/a><\/p><p><a href=\"http:\/\/cbrcr.org\/wp-content\/uploads\/2022\/03\/Plan-daction-2022.pdf\" target=\"_blank\" rel=\"noopener\">CBRCR_2022_Plan d&rsquo;action<\/a><\/p><p><a href=\"http:\/\/cbrcr.org\/wp-content\/uploads\/2021\/10\/CBRCR-Plan-daction-2021.pdf\" target=\"_blank\" rel=\"noopener\">CBRCR_2021_Plan d&rsquo;action<\/a><\/p><p><a href=\"http:\/\/cbrcr.org\/wp-content\/uploads\/2021\/07\/CBRCR-Plan-daction-2020.pdf\" target=\"_blank\" rel=\"noopener\">CBRCR_2020_Plan d&rsquo;action<\/a><\/p><\/div>\n\t\t\t\t<\/div>\n\t\t\t\t\t\t\t<div class=\"elementor-toggle-item\">\n\t\t\t\t\t<h6 id=\"elementor-tab-title-2366\" class=\"elementor-tab-title\" data-tab=\"6\" role=\"button\" aria-controls=\"elementor-tab-content-2366\" aria-expanded=\"false\">\n\t\t\t\t\t\t\t\t\t\t\t\t<span class=\"elementor-toggle-icon elementor-toggle-icon-left\" aria-hidden=\"true\">\n\t\t\t\t\t\t\t\t\t\t\t\t\t\t\t<span class=\"elementor-toggle-icon-closed\"><i class=\"fas fa-caret-square-down\"><\/i><\/span>\n\t\t\t\t\t\t\t\t<span class=\"elementor-toggle-icon-opened\"><i class=\"elementor-toggle-icon-opened fas fa-caret-up\"><\/i><\/span>\n\t\t\t\t\t\t\t\t\t\t\t\t\t<\/span>\n\t\t\t\t\t\t\t\t\t\t\t\t<a class=\"elementor-toggle-title\" tabindex=\"0\">M\u00e9moires<\/a>\n\t\t\t\t\t<\/h6>\n\n\t\t\t\t\t<div id=\"elementor-tab-content-2366\" class=\"elementor-tab-content elementor-clearfix\" data-tab=\"6\" role=\"region\" aria-labelledby=\"elementor-tab-title-2366\"><p><a href=\"http:\/\/cbrcr.org\/wp-content\/uploads\/2021\/12\/M\u00e9moire_2019_R\u00eavons-nos-rivi\u00e8res.pdf\" target=\"_blank\" rel=\"noopener\">M\u00e9moire_2019_R\u00eavons nos rivi\u00e8res<\/a><\/p><p><a href=\"http:\/\/cbrcr.org\/wp-content\/uploads\/2021\/12\/M\u00e9moire_2016_SADAQ.pdf\" target=\"_blank\" rel=\"noopener\">M\u00e9moire_2016_SADAQ<\/a><\/p><p><a href=\"http:\/\/cbrcr.org\/wp-content\/uploads\/2021\/12\/M\u00e9moire_2013_Developpement-Chaudiere.pdf\" target=\"_blank\" rel=\"noopener\">M\u00e9moire_2013_Developpement Chaudiere<\/a><\/p><\/div>\n\t\t\t\t<\/div>\n\t\t\t\t\t\t\t<div class=\"elementor-toggle-item\">\n\t\t\t\t\t<h6 id=\"elementor-tab-title-2367\" class=\"elementor-tab-title\" data-tab=\"7\" role=\"button\" aria-controls=\"elementor-tab-content-2367\" aria-expanded=\"false\">\n\t\t\t\t\t\t\t\t\t\t\t\t<span class=\"elementor-toggle-icon elementor-toggle-icon-left\" aria-hidden=\"true\">\n\t\t\t\t\t\t\t\t\t\t\t\t\t\t\t<span class=\"elementor-toggle-icon-closed\"><i class=\"fas fa-caret-square-down\"><\/i><\/span>\n\t\t\t\t\t\t\t\t<span class=\"elementor-toggle-icon-opened\"><i class=\"elementor-toggle-icon-opened fas fa-caret-up\"><\/i><\/span>\n\t\t\t\t\t\t\t\t\t\t\t\t\t<\/span>\n\t\t\t\t\t\t\t\t\t\t\t\t<a class=\"elementor-toggle-title\" tabindex=\"0\">Rapports de projets<\/a>\n\t\t\t\t\t<\/h6>\n\n\t\t\t\t\t<div id=\"elementor-tab-content-2367\" class=\"elementor-tab-content elementor-clearfix\" data-tab=\"7\" role=\"region\" aria-labelledby=\"elementor-tab-title-2367\"><p><a href=\"http:\/\/cbrcr.org\/wp-content\/uploads\/2021\/12\/Rapport_bois%C3%A9-riverain_industriel_2021.pdf\" target=\"_blank\" rel=\"noopener\">Rapport_2021_Plantation bois\u00e9 riverain industriel<\/a><\/p><p><a href=\"http:\/\/cbrcr.org\/wp-content\/uploads\/2021\/11\/Rapport_2020_Lutte-contre-la-berce-du-Caucase.pdf\" target=\"_blank\" rel=\"noopener\">Rapport_2020_Lutte contre la berce du Caucase<\/a><\/p><p><a href=\"http:\/\/cbrcr.org\/wp-content\/uploads\/2021\/05\/Rapport_2020_Caract\u00e9risation-foss\u00e9s-publiques.pdf\" target=\"_blank\" rel=\"noopener\">Rapport_2020_Caract\u00e9risation foss\u00e9s publiques<\/a><\/p><p><a href=\"http:\/\/cbrcr.org\/wp-content\/uploads\/2021\/05\/Rapport_2020_senibilisation-des-producteurs-et-lutte-int\u00e9gr\u00e9e-face-\u00e0-lagril-du-fr\u00eane.pdf\" target=\"_blank\" rel=\"noopener\">Rapport_2020_senibilisation des producteurs et lutte int\u00e9gr\u00e9e face \u00e0 l&rsquo;agril du fr\u00eane<\/a><\/p><p><a href=\"http:\/\/cbrcr.org\/wp-content\/uploads\/2021\/11\/Rapport_2019_Caract%C3%A9risation-qualit%C3%A9-de-leau_Norda-Stelo.pdf\" target=\"_blank\" rel=\"noopener\">Rapport_2019_Caract\u00e9risation qualit\u00e9 de l\u2019eau_Norda Stelo<\/a><\/p><p><a href=\"http:\/\/cbrcr.org\/wp-content\/uploads\/2021\/05\/Rapport_2019_Caract\u00e9risation-berges-milieu-agricole.pdf\" target=\"_blank\" rel=\"noopener\">Rapport_2019_Caract\u00e9risation berges milieu agricole<\/a><\/p><p><a href=\"http:\/\/cbrcr.org\/wp-content\/uploads\/2021\/05\/Rapport_2019_Caract\u00e9risation-milieux-hydriques.pdf\" target=\"_blank\" rel=\"noopener\">Rapport_2019_Caract\u00e9risation milieux hydriques<\/a><\/p><p><a href=\"http:\/\/cbrcr.org\/wp-content\/uploads\/2021\/05\/Rapport_2019_Sensibilisation-agricole-agrile-du-fr\u00eane.pdf\" target=\"_blank\" rel=\"noopener\">Rapport_2019_Sensibilisation agricole agrile du fr\u00eane<\/a><\/p><p><a href=\"http:\/\/cbrcr.org\/wp-content\/uploads\/2021\/11\/Rapport_2019_Lutte-contre-la-berce-du-Caucase.pdf\" target=\"_blank\" rel=\"noopener\">Rapport_2019_Lutte contre la berce du Caucase<\/a><\/p><p><a href=\"http:\/\/cbrcr.org\/wp-content\/uploads\/2021\/11\/Rapport_2018_Lutte-contre-la-berce-du-Caucase.pdf\" target=\"_blank\" rel=\"noopener\">Rapport_2018_Lutte contre la berce du Caucase<\/a><\/p><p><a href=\"http:\/\/cbrcr.org\/wp-content\/uploads\/2021\/11\/Rapport_2017_Lutte-contre-la-berce-du-Caucase.pdf\" target=\"_blank\" rel=\"noopener\">Rapport_2017_Lutte contre la berce du Caucase<\/a><\/p><p><a href=\"http:\/\/cbrcr.org\/wp-content\/uploads\/2021\/11\/Rapport_2015_Lutte-contre-la-berce-du-Caucase.pdf\" target=\"_blank\" rel=\"noopener\">Rapport_2015_Lutte contre la berce du Caucase<\/a><\/p><p><a href=\"http:\/\/cbrcr.org\/wp-content\/uploads\/2021\/05\/Rapport_2014_Caract\u00e9risation-des-esp\u00e8ces-exotiques-envahissantes.pdf\" target=\"_blank\" rel=\"noopener\">Rapport_2014_Caract\u00e9risation des esp\u00e8ces exotiques envahissantes<\/a><\/p><p><a href=\"http:\/\/cbrcr.org\/wp-content\/uploads\/2021\/07\/Rapport_2012_Inventaire-p%C3%AAche-exp%C3%A9rimentale-CapRouge_OBVC.pdf\" target=\"_blank\" rel=\"noopener\">Rapport_2012_Compte rendu de p\u00eaches exp\u00e9rimentales r\u00e9alis\u00e9es dans le bassin versant de la rivi\u00e8re du Cap Rouge<\/a><\/p><p><a href=\"http:\/\/cbrcr.org\/wp-content\/uploads\/2021\/06\/Rapport_2011_Diagnostic-du-BV-de-la-rivi%c3%a8re-du-Cap-Rouge_OBVC.pdf\" target=\"_blank\" rel=\"noopener\">Rapport_2011_Diagnostic du bassin versant de la rivi\u00e8re du Cap Rouge<\/a><\/p><p><a href=\"http:\/\/cbrcr.org\/wp-content\/uploads\/2016\/06\/PORTRAIT-de-CBRCR.pdf\" target=\"_blank\" rel=\"noopener\">Rapport_2009_Portrait du bassin versant de la rivi\u00e8re du Cap Rouge<\/a><\/p><p><a href=\"http:\/\/www.obvcapitale.org\/pdf\/rapport%20Argus%20Cap%20Rouge.pdf\" target=\"_blank\" rel=\"noopener\">Rapport_1994_Plan de restauration et de mise en valeur de la rivi\u00e8re du Cap Rouge<\/a><\/p><\/div>\n\t\t\t\t<\/div>\n\t\t\t\t\t\t\t<div class=\"elementor-toggle-item\">\n\t\t\t\t\t<h6 id=\"elementor-tab-title-2368\" class=\"elementor-tab-title\" data-tab=\"8\" role=\"button\" aria-controls=\"elementor-tab-content-2368\" aria-expanded=\"false\">\n\t\t\t\t\t\t\t\t\t\t\t\t<span class=\"elementor-toggle-icon elementor-toggle-icon-left\" aria-hidden=\"true\">\n\t\t\t\t\t\t\t\t\t\t\t\t\t\t\t<span class=\"elementor-toggle-icon-closed\"><i class=\"fas fa-caret-square-down\"><\/i><\/span>\n\t\t\t\t\t\t\t\t<span class=\"elementor-toggle-icon-opened\"><i class=\"elementor-toggle-icon-opened fas fa-caret-up\"><\/i><\/span>\n\t\t\t\t\t\t\t\t\t\t\t\t\t<\/span>\n\t\t\t\t\t\t\t\t\t\t\t\t<a class=\"elementor-toggle-title\" tabindex=\"0\">Outils de sensibilisation<\/a>\n\t\t\t\t\t<\/h6>\n\n\t\t\t\t\t<div id=\"elementor-tab-content-2368\" class=\"elementor-tab-content elementor-clearfix\" data-tab=\"8\" role=\"region\" aria-labelledby=\"elementor-tab-title-2368\"><p><a href=\"http:\/\/cbrcr.org\/wp-content\/uploads\/2021\/11\/Affiche_phragmite-envahissant_2021.pdf\" target=\"_blank\" rel=\"noopener\">Affiche_2021_phragmite envahissant<\/a><\/p><p><a href=\"http:\/\/cbrcr.org\/wp-content\/uploads\/2021\/11\/Affiche_renou\u00e9e-du-japon_2021.pdf\" target=\"_blank\" rel=\"noopener\">Affiche_2021_renou\u00e9e du japon<\/a><\/p><p><a href=\"http:\/\/cbrcr.org\/wp-content\/uploads\/2017\/04\/Guide_CBRCR_19-03-2018.pdf\" target=\"_blank\" rel=\"noopener\">D\u00e9pliant_2017_Notre rivi\u00e8re : faites-en votre fiert\u00e9 !<\/a><\/p><\/div>\n\t\t\t\t<\/div>\n\t\t\t\t\t\t\t\t<\/div>\n\t\t\t\t\t\t<\/div>\n\t\t\t\t<\/div>\n\t\t\t\t\t<\/div>\n\t\t<\/div>\n\t\t\t\t\t<\/div>\n\t\t<\/section>\n\t\t\t\t<\/div>\n\t\t","protected":false},"excerpt":{"rendered":"<p>Protection des renseignements personnels Politique de confidentialit\u00e9 Informations d\u00e9taill\u00e9es concernant l\u2019application de la Politique de confidentialit\u00e9 R\u00e8glements g\u00e9n\u00e9raux CBRCR &#8211; R\u00e8glements g\u00e9n\u00e9raux 2024 Assembl\u00e9es des membres \u00c0 venir Planification strat\u00e9gique Planification strat\u00e9gique 2023 Plans d&rsquo;action annuels CBRCR_2026_Plan d&rsquo;action CBRCR_2025_Plan d&rsquo;action CBRCR_2024_Plan d&rsquo;action CBRCR_2023_Plan d&rsquo;action CBRCR_2022_Plan d&rsquo;action CBRCR_2021_Plan d&rsquo;action CBRCR_2020_Plan d&rsquo;action M\u00e9moires M\u00e9moire_2019_R\u00eavons nos rivi\u00e8res M\u00e9moire_2016_SADAQ &hellip; <\/p>\n<p class=\"link-more\"><a href=\"http:\/\/cbrcr.org\/index.php\/documentation\/\" class=\"more-link\">Continuer la lecture<span class=\"screen-reader-text\"> de &laquo; Documentation &raquo;<\/span><\/a><\/p>\n","protected":false},"author":1,"featured_media":0,"parent":0,"menu_order":0,"comment_status":"closed","ping_status":"closed","template":"","meta":{"inline_featured_image":false,"footnotes":""},"class_list":["post-1748","page","type-page","status-publish","hentry"],"publishpress_future_action":{"enabled":false,"date":"2026-05-06 18:26:50","action":"change-status","newStatus":"draft","terms":[],"taxonomy":"","extraData":[]},"publishpress_future_workflow_manual_trigger":{"enabledWorkflows":[]},"_links":{"self":[{"href":"http:\/\/cbrcr.org\/index.php\/wp-json\/wp\/v2\/pages\/1748","targetHints":{"allow":["GET"]}}],"collection":[{"href":"http:\/\/cbrcr.org\/index.php\/wp-json\/wp\/v2\/pages"}],"about":[{"href":"http:\/\/cbrcr.org\/index.php\/wp-json\/wp\/v2\/types\/page"}],"author":[{"embeddable":true,"href":"http:\/\/cbrcr.org\/index.php\/wp-json\/wp\/v2\/users\/1"}],"replies":[{"embeddable":true,"href":"http:\/\/cbrcr.org\/index.php\/wp-json\/wp\/v2\/comments?post=1748"}],"version-history":[{"count":118,"href":"http:\/\/cbrcr.org\/index.php\/wp-json\/wp\/v2\/pages\/1748\/revisions"}],"predecessor-version":[{"id":6721,"href":"http:\/\/cbrcr.org\/index.php\/wp-json\/wp\/v2\/pages\/1748\/revisions\/6721"}],"wp:attachment":[{"href":"http:\/\/cbrcr.org\/index.php\/wp-json\/wp\/v2\/media?parent=1748"}],"curies":[{"name":"wp","href":"https:\/\/api.w.org\/{rel}","templated":true}]}}