{"id":2664,"date":"2021-06-16T11:43:41","date_gmt":"2021-06-16T16:43:41","guid":{"rendered":"http:\/\/cbrcr.org\/?page_id=2664"},"modified":"2021-12-14T16:07:30","modified_gmt":"2021-12-14T21:07:30","slug":"phragmite-envahissant","status":"publish","type":"page","link":"http:\/\/cbrcr.org\/index.php\/phragmite-envahissant\/","title":{"rendered":"Phragmite envahissant"},"content":{"rendered":"\t\t<div data-elementor-type=\"wp-page\" data-elementor-id=\"2664\" class=\"elementor elementor-2664\" data-elementor-post-type=\"page\">\n\t\t\t\t\t\t<section class=\"elementor-section elementor-top-section elementor-element elementor-element-f4311ad elementor-section-boxed elementor-section-height-default elementor-section-height-default\" data-id=\"f4311ad\" data-element_type=\"section\" data-e-type=\"section\">\n\t\t\t\t\t\t<div class=\"elementor-container elementor-column-gap-default\">\n\t\t\t\t\t<div class=\"elementor-column elementor-col-100 elementor-top-column elementor-element elementor-element-5edd9df\" data-id=\"5edd9df\" data-element_type=\"column\" data-e-type=\"column\">\n\t\t\t<div class=\"elementor-widget-wrap elementor-element-populated\">\n\t\t\t\t\t\t<div class=\"elementor-element elementor-element-88f5404 elementor-widget elementor-widget-text-editor\" data-id=\"88f5404\" data-element_type=\"widget\" data-e-type=\"widget\" data-widget_type=\"text-editor.default\">\n\t\t\t\t<div class=\"elementor-widget-container\">\n\t\t\t\t\t\t\t\t\t<p>Arriv\u00e9 au Qu\u00e9bec au d\u00e9but des ann\u00e9es 1900, le roseau commun, esp\u00e8ce exotique envahissante (EEE), est devenu non seulement l\u2019esp\u00e8ce la plus abondante sur notre territoire, mais aussi la plus pr\u00e9occupante. Nous ne sommes pas certains de la fa\u00e7on dont elle a \u00e9t\u00e9 transport\u00e9e de son lieu d\u2019origine en Eurasie jusqu\u2019en Am\u00e9rique du Nord, mais cette grande gramin\u00e9e, aussi connue sous le nom de phragmite (<em>Phragmite australis<\/em>), cause de s\u00e9rieux dommages \u00e0 la biodiversit\u00e9 qu\u00e9b\u00e9coise.<\/p>\t\t\t\t\t\t\t\t<\/div>\n\t\t\t\t<\/div>\n\t\t\t\t\t<\/div>\n\t\t<\/div>\n\t\t\t\t\t<\/div>\n\t\t<\/section>\n\t\t\t\t<section class=\"elementor-section elementor-top-section elementor-element elementor-element-4915504 elementor-section-boxed elementor-section-height-default elementor-section-height-default\" data-id=\"4915504\" data-element_type=\"section\" data-e-type=\"section\">\n\t\t\t\t\t\t<div class=\"elementor-container elementor-column-gap-default\">\n\t\t\t\t\t<div class=\"elementor-column elementor-col-100 elementor-top-column elementor-element elementor-element-c817f16\" data-id=\"c817f16\" data-element_type=\"column\" data-e-type=\"column\">\n\t\t\t<div class=\"elementor-widget-wrap elementor-element-populated\">\n\t\t\t\t\t\t<div class=\"elementor-element elementor-element-5561cba elementor-widget elementor-widget-heading\" data-id=\"5561cba\" data-element_type=\"widget\" data-e-type=\"widget\" data-widget_type=\"heading.default\">\n\t\t\t\t<div class=\"elementor-widget-container\">\n\t\t\t\t\t<h2 class=\"elementor-heading-title elementor-size-default\">Comment la reconna\u00eetre ?<\/h2>\t\t\t\t<\/div>\n\t\t\t\t<\/div>\n\t\t\t\t<div class=\"elementor-element elementor-element-a6b3d42 elementor-widget elementor-widget-text-editor\" data-id=\"a6b3d42\" data-element_type=\"widget\" data-e-type=\"widget\" data-widget_type=\"text-editor.default\">\n\t\t\t\t<div class=\"elementor-widget-container\">\n\t\t\t\t\t\t\t\t\t<p>Cette tr\u00e8s grande herbe vivace (2 \u00e0 5 m\u00e8tres) cro\u00eet en colonies denses dans les eaux peu profondes des milieux humides, sur les berges des ruisseaux et des lacs, dans les champs inond\u00e9s et les foss\u00e9s. Une colonie peut atteindre une densit\u00e9 de 200 tiges par m\u00e8tre carr\u00e9.<\/p>\t\t\t\t\t\t\t\t<\/div>\n\t\t\t\t<\/div>\n\t\t\t\t\t<\/div>\n\t\t<\/div>\n\t\t\t\t\t<\/div>\n\t\t<\/section>\n\t\t\t\t<section class=\"elementor-section elementor-top-section elementor-element elementor-element-07f0e38 elementor-section-boxed elementor-section-height-default elementor-section-height-default\" data-id=\"07f0e38\" data-element_type=\"section\" data-e-type=\"section\">\n\t\t\t\t\t\t<div class=\"elementor-container elementor-column-gap-default\">\n\t\t\t\t\t<div class=\"elementor-column elementor-col-25 elementor-top-column elementor-element elementor-element-a6c0f05\" data-id=\"a6c0f05\" data-element_type=\"column\" data-e-type=\"column\">\n\t\t\t<div class=\"elementor-widget-wrap elementor-element-populated\">\n\t\t\t\t\t\t<div class=\"elementor-element elementor-element-f73d023 elementor-widget elementor-widget-image\" data-id=\"f73d023\" data-element_type=\"widget\" data-e-type=\"widget\" data-widget_type=\"image.default\">\n\t\t\t\t<div class=\"elementor-widget-container\">\n\t\t\t\t\t\t\t\t\t\t\t\t\t\t\t<img decoding=\"async\" src=\"https:\/\/cbrcr.org\/wp-content\/uploads\/2021\/06\/AdobeStock_220306570-585x295.jpeg\" title=\"water reed in the wind\" alt=\"water reed in the wind\" loading=\"lazy\" \/>\t\t\t\t\t\t\t\t\t\t\t\t\t\t\t<\/div>\n\t\t\t\t<\/div>\n\t\t\t\t\t<\/div>\n\t\t<\/div>\n\t\t\t\t<div class=\"elementor-column elementor-col-25 elementor-top-column elementor-element elementor-element-cf0ad0d\" data-id=\"cf0ad0d\" data-element_type=\"column\" data-e-type=\"column\">\n\t\t\t<div class=\"elementor-widget-wrap elementor-element-populated\">\n\t\t\t\t\t\t<div class=\"elementor-element elementor-element-0534d71 elementor-widget elementor-widget-heading\" data-id=\"0534d71\" data-element_type=\"widget\" data-e-type=\"widget\" data-widget_type=\"heading.default\">\n\t\t\t\t<div class=\"elementor-widget-container\">\n\t\t\t\t\t<h2 class=\"elementor-heading-title elementor-size-default\">Inflorescence<\/h2>\t\t\t\t<\/div>\n\t\t\t\t<\/div>\n\t\t\t\t<div class=\"elementor-element elementor-element-6879872 elementor-widget elementor-widget-text-editor\" data-id=\"6879872\" data-element_type=\"widget\" data-e-type=\"widget\" data-widget_type=\"text-editor.default\">\n\t\t\t\t<div class=\"elementor-widget-container\">\n\t\t\t\t\t\t\t\t\t<p>La floraison s\u2019\u00e9tend d\u2019ao\u00fbt \u00e0 septembre.<\/p><p>Elle produit un beau plumeau comportant de nombreuses branches pour une taille totale de 20 \u00e0 30 cm au sommet des tiges.<\/p><p>Les inflorescences sont souvent color\u00e9es de rouge pourpre \u00e0 brun\u00e2tre, mais elles peuvent parfois \u00eatre jaune \u00e0 verd\u00e2tre, et elles persistent tout l\u2019hiver sur les tiges.<\/p>\t\t\t\t\t\t\t\t<\/div>\n\t\t\t\t<\/div>\n\t\t\t\t\t<\/div>\n\t\t<\/div>\n\t\t\t\t<div class=\"elementor-column elementor-col-25 elementor-top-column elementor-element elementor-element-27f5e70\" data-id=\"27f5e70\" data-element_type=\"column\" data-e-type=\"column\">\n\t\t\t<div class=\"elementor-widget-wrap elementor-element-populated\">\n\t\t\t\t\t\t<div class=\"elementor-element elementor-element-850a004 elementor-widget elementor-widget-image\" data-id=\"850a004\" data-element_type=\"widget\" data-e-type=\"widget\" data-widget_type=\"image.default\">\n\t\t\t\t<div class=\"elementor-widget-container\">\n\t\t\t\t\t\t\t\t\t\t\t\t\t\t\t<img decoding=\"async\" src=\"https:\/\/cbrcr.org\/wp-content\/uploads\/2021\/06\/DSC03611-585x295.jpg\" title=\"DSC03611\" alt=\"DSC03611\" loading=\"lazy\" \/>\t\t\t\t\t\t\t\t\t\t\t\t\t\t\t<\/div>\n\t\t\t\t<\/div>\n\t\t\t\t\t<\/div>\n\t\t<\/div>\n\t\t\t\t<div class=\"elementor-column elementor-col-25 elementor-top-column elementor-element elementor-element-1da592d\" data-id=\"1da592d\" data-element_type=\"column\" data-e-type=\"column\">\n\t\t\t<div class=\"elementor-widget-wrap elementor-element-populated\">\n\t\t\t\t\t\t<div class=\"elementor-element elementor-element-c4ad52a elementor-widget elementor-widget-heading\" data-id=\"c4ad52a\" data-element_type=\"widget\" data-e-type=\"widget\" data-widget_type=\"heading.default\">\n\t\t\t\t<div class=\"elementor-widget-container\">\n\t\t\t\t\t<h2 class=\"elementor-heading-title elementor-size-default\">Feuilles<\/h2>\t\t\t\t<\/div>\n\t\t\t\t<\/div>\n\t\t\t\t<div class=\"elementor-element elementor-element-ff55b86 elementor-widget elementor-widget-text-editor\" data-id=\"ff55b86\" data-element_type=\"widget\" data-e-type=\"widget\" data-widget_type=\"text-editor.default\">\n\t\t\t\t<div class=\"elementor-widget-container\">\n\t\t\t\t\t\t\t\t\t<p>Elles sont longues et plates avec une largeur variant de 1 \u00e0 5 cm.<\/p><p>Les feuilles sont de couleur verte et elles sont dispos\u00e9es en alternance le long de la tige.<\/p>\t\t\t\t\t\t\t\t<\/div>\n\t\t\t\t<\/div>\n\t\t\t\t\t<\/div>\n\t\t<\/div>\n\t\t\t\t\t<\/div>\n\t\t<\/section>\n\t\t\t\t<section class=\"elementor-section elementor-top-section elementor-element elementor-element-de26803 elementor-section-boxed elementor-section-height-default elementor-section-height-default\" data-id=\"de26803\" data-element_type=\"section\" data-e-type=\"section\">\n\t\t\t\t\t\t<div class=\"elementor-container elementor-column-gap-default\">\n\t\t\t\t\t<div class=\"elementor-column elementor-col-25 elementor-top-column elementor-element elementor-element-ccbbe01\" data-id=\"ccbbe01\" data-element_type=\"column\" data-e-type=\"column\">\n\t\t\t<div class=\"elementor-widget-wrap elementor-element-populated\">\n\t\t\t\t\t\t<div class=\"elementor-element elementor-element-dcc146a elementor-widget elementor-widget-image\" data-id=\"dcc146a\" data-element_type=\"widget\" data-e-type=\"widget\" data-widget_type=\"image.default\">\n\t\t\t\t<div class=\"elementor-widget-container\">\n\t\t\t\t\t\t\t\t\t\t\t\t\t\t\t<img decoding=\"async\" src=\"https:\/\/cbrcr.org\/wp-content\/uploads\/2021\/06\/DSC03600-e1623862356342-585x295.jpg\" title=\"DSC03600\" alt=\"DSC03600\" loading=\"lazy\" \/>\t\t\t\t\t\t\t\t\t\t\t\t\t\t\t<\/div>\n\t\t\t\t<\/div>\n\t\t\t\t\t<\/div>\n\t\t<\/div>\n\t\t\t\t<div class=\"elementor-column elementor-col-25 elementor-top-column elementor-element elementor-element-be0b135\" data-id=\"be0b135\" data-element_type=\"column\" data-e-type=\"column\">\n\t\t\t<div class=\"elementor-widget-wrap elementor-element-populated\">\n\t\t\t\t\t\t<div class=\"elementor-element elementor-element-7bf4ca2 elementor-widget elementor-widget-heading\" data-id=\"7bf4ca2\" data-element_type=\"widget\" data-e-type=\"widget\" data-widget_type=\"heading.default\">\n\t\t\t\t<div class=\"elementor-widget-container\">\n\t\t\t\t\t<h2 class=\"elementor-heading-title elementor-size-default\">Tiges<\/h2>\t\t\t\t<\/div>\n\t\t\t\t<\/div>\n\t\t\t\t<div class=\"elementor-element elementor-element-9102263 elementor-widget elementor-widget-text-editor\" data-id=\"9102263\" data-element_type=\"widget\" data-e-type=\"widget\" data-widget_type=\"text-editor.default\">\n\t\t\t\t<div class=\"elementor-widget-container\">\n\t\t\t\t\t\t\t\t\t<p>La tige de chaque plant est unique (non ramifi\u00e9e), droite, verte ou jaun\u00e2tre et creuse. Elle persiste durant l\u2019hiver.<\/p>\t\t\t\t\t\t\t\t<\/div>\n\t\t\t\t<\/div>\n\t\t\t\t\t<\/div>\n\t\t<\/div>\n\t\t\t\t<div class=\"elementor-column elementor-col-25 elementor-top-column elementor-element elementor-element-69d3de3\" data-id=\"69d3de3\" data-element_type=\"column\" data-e-type=\"column\">\n\t\t\t<div class=\"elementor-widget-wrap elementor-element-populated\">\n\t\t\t\t\t\t<div class=\"elementor-element elementor-element-9dc2dc0 elementor-widget elementor-widget-image\" data-id=\"9dc2dc0\" data-element_type=\"widget\" data-e-type=\"widget\" data-widget_type=\"image.default\">\n\t\t\t\t<div class=\"elementor-widget-container\">\n\t\t\t\t\t\t\t\t\t\t\t\t\t\t\t<img decoding=\"async\" src=\"https:\/\/cbrcr.org\/wp-content\/uploads\/2021\/06\/DSC04035-585x295.jpg\" title=\"DSC04035\" alt=\"DSC04035\" loading=\"lazy\" \/>\t\t\t\t\t\t\t\t\t\t\t\t\t\t\t<\/div>\n\t\t\t\t<\/div>\n\t\t\t\t\t<\/div>\n\t\t<\/div>\n\t\t\t\t<div class=\"elementor-column elementor-col-25 elementor-top-column elementor-element elementor-element-43a6952\" data-id=\"43a6952\" data-element_type=\"column\" data-e-type=\"column\">\n\t\t\t<div class=\"elementor-widget-wrap elementor-element-populated\">\n\t\t\t\t\t\t<div class=\"elementor-element elementor-element-a0b2f62 elementor-widget elementor-widget-heading\" data-id=\"a0b2f62\" data-element_type=\"widget\" data-e-type=\"widget\" data-widget_type=\"heading.default\">\n\t\t\t\t<div class=\"elementor-widget-container\">\n\t\t\t\t\t<h2 class=\"elementor-heading-title elementor-size-default\">Graines<\/h2>\t\t\t\t<\/div>\n\t\t\t\t<\/div>\n\t\t\t\t<div class=\"elementor-element elementor-element-59827d0 elementor-widget elementor-widget-text-editor\" data-id=\"59827d0\" data-element_type=\"widget\" data-e-type=\"widget\" data-widget_type=\"text-editor.default\">\n\t\t\t\t<div class=\"elementor-widget-container\">\n\t\t\t\t\t\t\t\t\t<p>Chaque plan de phragmite peut produire de 800 \u00e0 1 600 graines lors de son cycle de reproduction, en septembre.<\/p><p>Chaque graine est accompagn\u00e9e d\u2019une touffe de poils soyeux facilitant le transport a\u00e9rien.<\/p>\t\t\t\t\t\t\t\t<\/div>\n\t\t\t\t<\/div>\n\t\t\t\t\t<\/div>\n\t\t<\/div>\n\t\t\t\t\t<\/div>\n\t\t<\/section>\n\t\t\t\t<section class=\"elementor-section elementor-top-section elementor-element elementor-element-d3b6236 elementor-section-boxed elementor-section-height-default elementor-section-height-default\" data-id=\"d3b6236\" data-element_type=\"section\" data-e-type=\"section\">\n\t\t\t\t\t\t<div class=\"elementor-container elementor-column-gap-default\">\n\t\t\t\t\t<div class=\"elementor-column elementor-col-100 elementor-top-column elementor-element elementor-element-b183bcd\" data-id=\"b183bcd\" data-element_type=\"column\" data-e-type=\"column\">\n\t\t\t<div class=\"elementor-widget-wrap elementor-element-populated\">\n\t\t\t\t\t\t<div class=\"elementor-element elementor-element-f697f6a elementor-widget elementor-widget-heading\" data-id=\"f697f6a\" data-element_type=\"widget\" data-e-type=\"widget\" data-widget_type=\"heading.default\">\n\t\t\t\t<div class=\"elementor-widget-container\">\n\t\t\t\t\t<h2 class=\"elementor-heading-title elementor-size-default\">Racines<\/h2>\t\t\t\t<\/div>\n\t\t\t\t<\/div>\n\t\t\t\t<div class=\"elementor-element elementor-element-16d31e9 elementor-widget elementor-widget-text-editor\" data-id=\"16d31e9\" data-element_type=\"widget\" data-e-type=\"widget\" data-widget_type=\"text-editor.default\">\n\t\t\t\t<div class=\"elementor-widget-container\">\n\t\t\t\t\t\t\t\t\t<p>Le syst\u00e8me racinaire du roseau commun forme un r\u00e9seau dense de plusieurs m\u00e8tres de profondeur. Les rhizomes peuvent pousser de plus 3 m en une seule saison. Il est important de noter que seulement un petit fragment de racine peut reformer un nouveau plant !\u00a0<\/p>\t\t\t\t\t\t\t\t<\/div>\n\t\t\t\t<\/div>\n\t\t\t\t\t<\/div>\n\t\t<\/div>\n\t\t\t\t\t<\/div>\n\t\t<\/section>\n\t\t\t\t<section class=\"elementor-section elementor-top-section elementor-element elementor-element-9f066c9 elementor-section-boxed elementor-section-height-default elementor-section-height-default\" data-id=\"9f066c9\" data-element_type=\"section\" data-e-type=\"section\">\n\t\t\t\t\t\t<div class=\"elementor-container elementor-column-gap-default\">\n\t\t\t\t\t<div class=\"elementor-column elementor-col-50 elementor-top-column elementor-element elementor-element-806f2a1\" data-id=\"806f2a1\" data-element_type=\"column\" data-e-type=\"column\">\n\t\t\t<div class=\"elementor-widget-wrap elementor-element-populated\">\n\t\t\t\t\t\t<div class=\"elementor-element elementor-element-e87d874 elementor-widget elementor-widget-heading\" data-id=\"e87d874\" data-element_type=\"widget\" data-e-type=\"widget\" data-widget_type=\"heading.default\">\n\t\t\t\t<div class=\"elementor-widget-container\">\n\t\t\t\t\t<h2 class=\"elementor-heading-title elementor-size-default\">Pourquoi est-elle une menace ?<\/h2>\t\t\t\t<\/div>\n\t\t\t\t<\/div>\n\t\t\t\t<div class=\"elementor-element elementor-element-2932be9 elementor-widget elementor-widget-text-editor\" data-id=\"2932be9\" data-element_type=\"widget\" data-e-type=\"widget\" data-widget_type=\"text-editor.default\">\n\t\t\t\t<div class=\"elementor-widget-container\">\n\t\t\t\t\t\t\t\t\t<p>Le roseau commun est une plante vigoureuse qui se disperse rapidement gr\u00e2ce son incroyable syst\u00e8me racinaire, pouvant cro\u00eetre de plusieurs m\u00e8tres par ann\u00e9e. De plus, ses racines lib\u00e8rent des toxines dans le sol pour entraver la croissance des plantes avoisinantes et les tuer. Donc, apr\u00e8s son implantation, une colonie de phragmites peut facilement asphyxier les autres v\u00e9g\u00e9taux et \u00eatre responsable de l\u2019ass\u00e8chement des milieux o\u00f9 elle pousse. Cette esp\u00e8ce constitue alors une menace pour les mar\u00e9cages et autres milieux humides.<\/p><p><strong>Notre objectif\u00a0: la diminution d\u2019au moins 75 % de la superficie des colonies de phragmites dans les sentiers.<\/strong><\/p><p>Pour atteindre cet objectif, nos actions de lutte de 2021 \u00e0 2025 sont les suivantes :<\/p><ol><li style=\"list-style-type: none;\"><ol><li style=\"list-style-type: none;\"><ol><li>Des travaux de coupe et d\u2019extraction manuelle chaque ann\u00e9e. Les plants coup\u00e9s ou arrach\u00e9s sont ensuite plac\u00e9s dans des sacs \u00e0 ordures robustes et herm\u00e9tiques pour \u00e9viter la dispersion des graines et jet\u00e9s aux ordures pour \u00eatre br\u00fbl\u00e9s.<\/li><li>Installation d\u2019une b\u00e2che sur un site pour au minimum un an, apr\u00e8s une fauche. La b\u00e2che permet de couper l\u2019apport en lumi\u00e8re au sol et d\u2019\u00e9touffer la plante pour inhiber sa croissance.<\/li><li>Rev\u00e9g\u00e9talisation des sites nouvellement d\u00e9nud\u00e9s avec des plantes indig\u00e8nes, \u00e0 partir de 2023.<\/li><li>Un suivi annuel jusqu\u2019en 2025 pour suivre l\u2019\u00e9volution des anciennes colonies et \u00e9liminer dans l\u2019imm\u00e9diat l\u2019apparition de nouvelles colonies.<\/li><\/ol><\/li><\/ol><\/li><\/ol>\t\t\t\t\t\t\t\t<\/div>\n\t\t\t\t<\/div>\n\t\t\t\t<div class=\"elementor-element elementor-element-b467e3f elementor-widget elementor-widget-heading\" data-id=\"b467e3f\" data-element_type=\"widget\" data-e-type=\"widget\" data-widget_type=\"heading.default\">\n\t\t\t\t<div class=\"elementor-widget-container\">\n\t\t\t\t\t<h2 class=\"elementor-heading-title elementor-size-default\">Comment pouvez-vous nous aider ?<\/h2>\t\t\t\t<\/div>\n\t\t\t\t<\/div>\n\t\t\t\t<div class=\"elementor-element elementor-element-82b7ddd elementor-widget elementor-widget-text-editor\" data-id=\"82b7ddd\" data-element_type=\"widget\" data-e-type=\"widget\" data-widget_type=\"text-editor.default\">\n\t\t\t\t<div class=\"elementor-widget-container\">\n\t\t\t\t\t\t\t\t\t<ul><li style=\"list-style-type: none;\"><ul><li style=\"list-style-type: none;\"><ul><li>Apprenez \u00e0 identifier les phragmites envahissants.<\/li><li>Cette esp\u00e8ce ne doit pas \u00eatre achet\u00e9e, cueillie ou plant\u00e9e.<\/li><li>Ne mettez pas les restes de roseau dans votre composteur de jardin. Ils doivent \u00eatre plac\u00e9s dans des sacs \u00e0 ordures robustes et jet\u00e9s aux ordures pour \u00eatre br\u00fbl\u00e9s.<\/li><li>Restez sur les sentiers balis\u00e9s et gardez les animaux en laisse, car en vous \u00e9cartant des sentiers ou en p\u00e9n\u00e9trant dans des zones o\u00f9 les phragmites sont pr\u00e9sents, il se peut que vous encouragiez la dispersion de cette plante. Si vous n\u2019avez pas pu les \u00e9viter, alors inspectez et brossez vos v\u00eatements, les animaux, les v\u00e9hicules (y compris les v\u00e9los) sur place pour \u00e9viter de transf\u00e9rer des graines dans une nouvelle zone.<\/li><\/ul><\/li><\/ul><\/li><\/ul>\t\t\t\t\t\t\t\t<\/div>\n\t\t\t\t<\/div>\n\t\t\t\t\t<\/div>\n\t\t<\/div>\n\t\t\t\t<div class=\"elementor-column elementor-col-50 elementor-top-column elementor-element elementor-element-de71398\" data-id=\"de71398\" data-element_type=\"column\" data-e-type=\"column\">\n\t\t\t<div class=\"elementor-widget-wrap elementor-element-populated\">\n\t\t\t\t\t\t<div class=\"elementor-element elementor-element-a6ad4b6 elementor-widget elementor-widget-image\" data-id=\"a6ad4b6\" data-element_type=\"widget\" data-e-type=\"widget\" data-widget_type=\"image.default\">\n\t\t\t\t<div class=\"elementor-widget-container\">\n\t\t\t\t\t\t\t\t\t\t\t\t\t\t\t\t<a href=\"http:\/\/cbrcr.org\/wp-content\/uploads\/2021\/11\/Affiche_phragmite-envahissant_2021.pdf\" target=\"_blank\">\n\t\t\t\t\t\t\t<img fetchpriority=\"high\" decoding=\"async\" width=\"592\" height=\"882\" src=\"https:\/\/cbrcr.org\/wp-content\/uploads\/2021\/06\/Capture-1.png\" class=\"attachment-full size-full wp-image-2674\" alt=\"\" srcset=\"https:\/\/cbrcr.org\/wp-content\/uploads\/2021\/06\/Capture-1.png 592w, https:\/\/cbrcr.org\/wp-content\/uploads\/2021\/06\/Capture-1-201x300.png 201w, https:\/\/cbrcr.org\/wp-content\/uploads\/2021\/06\/Capture-1-350x521.png 350w\" sizes=\"100vw\" \/>\t\t\t\t\t\t\t\t<\/a>\n\t\t\t\t\t\t\t\t\t\t\t\t\t\t\t<\/div>\n\t\t\t\t<\/div>\n\t\t\t\t\t<\/div>\n\t\t<\/div>\n\t\t\t\t\t<\/div>\n\t\t<\/section>\n\t\t\t\t<section class=\"elementor-section elementor-top-section elementor-element elementor-element-cc31172 elementor-section-boxed elementor-section-height-default elementor-section-height-default\" data-id=\"cc31172\" data-element_type=\"section\" data-e-type=\"section\">\n\t\t\t\t\t\t<div class=\"elementor-container elementor-column-gap-default\">\n\t\t\t\t\t<div class=\"elementor-column elementor-col-100 elementor-top-column elementor-element elementor-element-39b1783\" data-id=\"39b1783\" data-element_type=\"column\" data-e-type=\"column\">\n\t\t\t<div class=\"elementor-widget-wrap elementor-element-populated\">\n\t\t\t\t\t\t<div class=\"elementor-element elementor-element-5da213c elementor-align-center elementor-widget elementor-widget-button\" data-id=\"5da213c\" data-element_type=\"widget\" data-e-type=\"widget\" data-widget_type=\"button.default\">\n\t\t\t\t<div class=\"elementor-widget-container\">\n\t\t\t\t\t\t\t\t\t<div class=\"elementor-button-wrapper\">\n\t\t\t\t\t<a class=\"elementor-button elementor-button-link elementor-size-sm\" href=\"http:\/\/cbrcr.org\/index.php\/2021\/05\/11\/strategies-et-interventions-sur-les-plantes-exotiques-envahissantes-de-la-riviere-du-cap-rouge\/\" target=\"_blank\">\n\t\t\t\t\t\t<span class=\"elementor-button-content-wrapper\">\n\t\t\t\t\t\t\t\t\t<span class=\"elementor-button-text\">Pour en savoir plus<\/span>\n\t\t\t\t\t<\/span>\n\t\t\t\t\t<\/a>\n\t\t\t\t<\/div>\n\t\t\t\t\t\t\t\t<\/div>\n\t\t\t\t<\/div>\n\t\t\t\t\t<\/div>\n\t\t<\/div>\n\t\t\t\t\t<\/div>\n\t\t<\/section>\n\t\t\t\t<\/div>\n\t\t","protected":false},"excerpt":{"rendered":"<p>Arriv\u00e9 au Qu\u00e9bec au d\u00e9but des ann\u00e9es 1900, le roseau commun, esp\u00e8ce exotique envahissante (EEE), est devenu non seulement l\u2019esp\u00e8ce la plus abondante sur notre territoire, mais aussi la plus pr\u00e9occupante. Nous ne sommes pas certains de la fa\u00e7on dont elle a \u00e9t\u00e9 transport\u00e9e de son lieu d\u2019origine en Eurasie jusqu\u2019en Am\u00e9rique du Nord, mais &hellip; <\/p>\n<p class=\"link-more\"><a href=\"http:\/\/cbrcr.org\/index.php\/phragmite-envahissant\/\" class=\"more-link\">Continuer la lecture<span class=\"screen-reader-text\"> de &laquo; Phragmite envahissant &raquo;<\/span><\/a><\/p>\n","protected":false},"author":1,"featured_media":0,"parent":0,"menu_order":0,"comment_status":"closed","ping_status":"closed","template":"","meta":{"inline_featured_image":false,"footnotes":""},"class_list":["post-2664","page","type-page","status-publish","hentry"],"publishpress_future_action":{"enabled":false,"date":"2026-05-06 18:27:12","action":"change-status","newStatus":"draft","terms":[],"taxonomy":"","extraData":[]},"publishpress_future_workflow_manual_trigger":{"enabledWorkflows":[]},"_links":{"self":[{"href":"http:\/\/cbrcr.org\/index.php\/wp-json\/wp\/v2\/pages\/2664","targetHints":{"allow":["GET"]}}],"collection":[{"href":"http:\/\/cbrcr.org\/index.php\/wp-json\/wp\/v2\/pages"}],"about":[{"href":"http:\/\/cbrcr.org\/index.php\/wp-json\/wp\/v2\/types\/page"}],"author":[{"embeddable":true,"href":"http:\/\/cbrcr.org\/index.php\/wp-json\/wp\/v2\/users\/1"}],"replies":[{"embeddable":true,"href":"http:\/\/cbrcr.org\/index.php\/wp-json\/wp\/v2\/comments?post=2664"}],"version-history":[{"count":17,"href":"http:\/\/cbrcr.org\/index.php\/wp-json\/wp\/v2\/pages\/2664\/revisions"}],"predecessor-version":[{"id":3964,"href":"http:\/\/cbrcr.org\/index.php\/wp-json\/wp\/v2\/pages\/2664\/revisions\/3964"}],"wp:attachment":[{"href":"http:\/\/cbrcr.org\/index.php\/wp-json\/wp\/v2\/media?parent=2664"}],"curies":[{"name":"wp","href":"https:\/\/api.w.org\/{rel}","templated":true}]}}