{"id":4468,"date":"2021-12-21T11:36:01","date_gmt":"2021-12-21T16:36:01","guid":{"rendered":"http:\/\/cbrcr.org\/?page_id=4468"},"modified":"2022-01-06T11:24:52","modified_gmt":"2022-01-06T16:24:52","slug":"carte-interactive-des-sentiers","status":"publish","type":"page","link":"http:\/\/cbrcr.org\/index.php\/carte-interactive-des-sentiers\/","title":{"rendered":"Carte interactive des sentiers"},"content":{"rendered":"\t\t<div data-elementor-type=\"wp-page\" data-elementor-id=\"4468\" class=\"elementor elementor-4468\" data-elementor-post-type=\"page\">\n\t\t\t\t\t\t<section class=\"elementor-section elementor-top-section elementor-element elementor-element-555fe37 elementor-section-boxed elementor-section-height-default elementor-section-height-default\" data-id=\"555fe37\" data-element_type=\"section\" data-e-type=\"section\">\n\t\t\t\t\t\t<div class=\"elementor-container elementor-column-gap-default\">\n\t\t\t\t\t<div class=\"elementor-column elementor-col-100 elementor-top-column elementor-element elementor-element-0d28425\" data-id=\"0d28425\" data-element_type=\"column\" data-e-type=\"column\">\n\t\t\t<div class=\"elementor-widget-wrap elementor-element-populated\">\n\t\t\t\t\t\t<div class=\"elementor-element elementor-element-7cfdf2c elementor-widget elementor-widget-text-editor\" data-id=\"7cfdf2c\" data-element_type=\"widget\" data-e-type=\"widget\" data-widget_type=\"text-editor.default\">\n\t\t\t\t<div class=\"elementor-widget-container\">\n\t\t\t\t\t\t\t\t\t<p>Cliquez sur un lien pour afficher le secteur souhait\u00e9.<\/p>\t\t\t\t\t\t\t\t<\/div>\n\t\t\t\t<\/div>\n\t\t\t\t\t<\/div>\n\t\t<\/div>\n\t\t\t\t\t<\/div>\n\t\t<\/section>\n\t\t\t\t<section class=\"elementor-section elementor-top-section elementor-element elementor-element-0b96b21 elementor-section-boxed elementor-section-height-default elementor-section-height-default\" data-id=\"0b96b21\" data-element_type=\"section\" data-e-type=\"section\">\n\t\t\t\t\t\t<div class=\"elementor-container elementor-column-gap-default\">\n\t\t\t\t\t<div class=\"elementor-column elementor-col-33 elementor-top-column elementor-element elementor-element-fb417b5\" data-id=\"fb417b5\" data-element_type=\"column\" data-e-type=\"column\">\n\t\t\t<div class=\"elementor-widget-wrap\">\n\t\t\t\t\t\t\t<\/div>\n\t\t<\/div>\n\t\t\t\t<div class=\"elementor-column elementor-col-33 elementor-top-column elementor-element elementor-element-bbbd469\" data-id=\"bbbd469\" data-element_type=\"column\" data-e-type=\"column\">\n\t\t\t<div class=\"elementor-widget-wrap elementor-element-populated\">\n\t\t\t\t\t\t<div class=\"elementor-element elementor-element-e0200e6 elementor-widget elementor-widget-hotspot\" data-id=\"e0200e6\" data-element_type=\"widget\" data-e-type=\"widget\" data-settings=\"{&quot;hotspot&quot;:[{&quot;hotspot_link&quot;:{&quot;url&quot;:&quot;http:\\\/\\\/cbrcr.org\\\/index.php\\\/carte-interactive-des-sentiers-secteur-sud\\\/&quot;,&quot;is_external&quot;:&quot;&quot;,&quot;nofollow&quot;:&quot;&quot;,&quot;custom_attributes&quot;:&quot;&quot;},&quot;hotspot_icon&quot;:{&quot;value&quot;:{&quot;url&quot;:&quot;http:\\\/\\\/cbrcr.org\\\/wp-content\\\/uploads\\\/2022\\\/01\\\/chiffre-1.svg&quot;,&quot;id&quot;:4786},&quot;library&quot;:&quot;svg&quot;},&quot;hotspot_tooltip_content&quot;:&quot;&quot;,&quot;hotspot_horizontal&quot;:&quot;right&quot;,&quot;hotspot_offset_x&quot;:{&quot;unit&quot;:&quot;%&quot;,&quot;size&quot;:61,&quot;sizes&quot;:[]},&quot;hotspot_offset_y&quot;:{&quot;unit&quot;:&quot;%&quot;,&quot;size&quot;:98,&quot;sizes&quot;:[]},&quot;_id&quot;:&quot;9aa08b9&quot;,&quot;hotspot_offset_x_tablet&quot;:{&quot;unit&quot;:&quot;px&quot;,&quot;size&quot;:62,&quot;sizes&quot;:[]},&quot;hotspot_offset_y_tablet&quot;:{&quot;unit&quot;:&quot;px&quot;,&quot;size&quot;:100,&quot;sizes&quot;:[]},&quot;hotspot_offset_y_mobile&quot;:{&quot;unit&quot;:&quot;px&quot;,&quot;size&quot;:100,&quot;sizes&quot;:[]},&quot;hotspot_custom_size&quot;:&quot;&quot;,&quot;hotspot_width&quot;:null,&quot;hotspot_height&quot;:null,&quot;hotspot_label&quot;:&quot;&quot;,&quot;hotspot_icon_position&quot;:null,&quot;hotspot_icon_spacing&quot;:null,&quot;hotspot_vertical&quot;:&quot;top&quot;,&quot;hotspot_tooltip_position&quot;:&quot;no&quot;,&quot;hotspot_position&quot;:null,&quot;hotspot_tooltip_width&quot;:null,&quot;hotspot_tooltip_text_wrap&quot;:null},{&quot;hotspot_link&quot;:{&quot;url&quot;:&quot;http:\\\/\\\/cbrcr.org\\\/index.php\\\/carte-interactive-des-sentiers-secteur-centre\\\/&quot;,&quot;is_external&quot;:&quot;&quot;,&quot;nofollow&quot;:&quot;&quot;,&quot;custom_attributes&quot;:&quot;&quot;},&quot;hotspot_icon&quot;:{&quot;value&quot;:{&quot;url&quot;:&quot;http:\\\/\\\/cbrcr.org\\\/wp-content\\\/uploads\\\/2022\\\/01\\\/chiffre-2.svg&quot;,&quot;id&quot;:4784},&quot;library&quot;:&quot;svg&quot;},&quot;hotspot_tooltip_content&quot;:&quot;&quot;,&quot;hotspot_horizontal&quot;:&quot;right&quot;,&quot;hotspot_offset_x&quot;:{&quot;unit&quot;:&quot;%&quot;,&quot;size&quot;:13,&quot;sizes&quot;:[]},&quot;hotspot_offset_y&quot;:{&quot;unit&quot;:&quot;%&quot;,&quot;size&quot;:19,&quot;sizes&quot;:[]},&quot;_id&quot;:&quot;6cf8276&quot;,&quot;hotspot_offset_x_tablet&quot;:{&quot;unit&quot;:&quot;px&quot;,&quot;size&quot;:11,&quot;sizes&quot;:[]},&quot;hotspot_offset_y_tablet&quot;:{&quot;unit&quot;:&quot;px&quot;,&quot;size&quot;:16,&quot;sizes&quot;:[]},&quot;hotspot_label&quot;:&quot;&quot;,&quot;hotspot_icon_position&quot;:null,&quot;hotspot_icon_spacing&quot;:null,&quot;hotspot_custom_size&quot;:&quot;no&quot;,&quot;hotspot_width&quot;:null,&quot;hotspot_height&quot;:null,&quot;hotspot_vertical&quot;:&quot;top&quot;,&quot;hotspot_tooltip_position&quot;:&quot;no&quot;,&quot;hotspot_position&quot;:null,&quot;hotspot_tooltip_width&quot;:null,&quot;hotspot_tooltip_text_wrap&quot;:null},{&quot;_id&quot;:&quot;d86e3fc&quot;,&quot;hotspot_link&quot;:{&quot;url&quot;:&quot;http:\\\/\\\/cbrcr.org\\\/index.php\\\/carte-interactive-des-sentiers-secteur-nord\\\/&quot;,&quot;is_external&quot;:&quot;&quot;,&quot;nofollow&quot;:&quot;&quot;,&quot;custom_attributes&quot;:&quot;&quot;},&quot;hotspot_icon&quot;:{&quot;value&quot;:{&quot;url&quot;:&quot;http:\\\/\\\/cbrcr.org\\\/wp-content\\\/uploads\\\/2022\\\/01\\\/chiffre-3.svg&quot;,&quot;id&quot;:4785},&quot;library&quot;:&quot;svg&quot;},&quot;hotspot_tooltip_content&quot;:&quot;&quot;,&quot;hotspot_horizontal&quot;:&quot;right&quot;,&quot;hotspot_offset_x&quot;:{&quot;unit&quot;:&quot;%&quot;,&quot;size&quot;:98,&quot;sizes&quot;:[]},&quot;hotspot_offset_y&quot;:{&quot;unit&quot;:&quot;%&quot;,&quot;size&quot;:3,&quot;sizes&quot;:[]},&quot;hotspot_offset_x_tablet&quot;:{&quot;unit&quot;:&quot;px&quot;,&quot;size&quot;:97,&quot;sizes&quot;:[]},&quot;hotspot_offset_x_mobile&quot;:{&quot;unit&quot;:&quot;px&quot;,&quot;size&quot;:98,&quot;sizes&quot;:[]},&quot;hotspot_offset_y_tablet&quot;:{&quot;unit&quot;:&quot;px&quot;,&quot;size&quot;:2,&quot;sizes&quot;:[]},&quot;hotspot_offset_y_mobile&quot;:{&quot;unit&quot;:&quot;px&quot;,&quot;size&quot;:1,&quot;sizes&quot;:[]},&quot;hotspot_label&quot;:&quot;&quot;,&quot;hotspot_icon_position&quot;:null,&quot;hotspot_icon_spacing&quot;:null,&quot;hotspot_custom_size&quot;:&quot;no&quot;,&quot;hotspot_width&quot;:null,&quot;hotspot_height&quot;:null,&quot;hotspot_vertical&quot;:&quot;top&quot;,&quot;hotspot_tooltip_position&quot;:&quot;no&quot;,&quot;hotspot_position&quot;:null,&quot;hotspot_tooltip_width&quot;:null,&quot;hotspot_tooltip_text_wrap&quot;:null}],&quot;tooltip_trigger&quot;:&quot;none&quot;,&quot;tooltip_position&quot;:&quot;top&quot;}\" data-widget_type=\"hotspot.default\">\n\t\t\t\t<div class=\"elementor-widget-container\">\n\t\t\t\t\t<img fetchpriority=\"high\" decoding=\"async\" width=\"1280\" height=\"1078\" src=\"http:\/\/cbrcr.org\/wp-content\/uploads\/2021\/12\/Accueil_V3.png\" class=\"attachment-full size-full wp-image-4640\" alt=\"\" srcset=\"http:\/\/cbrcr.org\/wp-content\/uploads\/2021\/12\/Accueil_V3.png 1280w, http:\/\/cbrcr.org\/wp-content\/uploads\/2021\/12\/Accueil_V3-300x253.png 300w, http:\/\/cbrcr.org\/wp-content\/uploads\/2021\/12\/Accueil_V3-768x647.png 768w, http:\/\/cbrcr.org\/wp-content\/uploads\/2021\/12\/Accueil_V3-1024x862.png 1024w, http:\/\/cbrcr.org\/wp-content\/uploads\/2021\/12\/Accueil_V3-350x295.png 350w\" sizes=\"100vw\" \/>\n\t\t\t\t\t\t<a class=\"e-hotspot elementor-repeater-item-9aa08b9  e-hotspot--position-right e-hotspot--position-top e-hotspot--link  e-hotspot--icon\" href=\"http:\/\/cbrcr.org\/index.php\/carte-interactive-des-sentiers-secteur-sud\/\">\n\n\t\t\t\t\t\t\t\t<div class=\"e-hotspot__button e-hotspot--soft-beat\">\n\t\t\t\t\t\t\t\t\t\t\t\t\t\t\t\t\t\t<div class=\"e-hotspot__icon\"><svg xmlns=\"http:\/\/www.w3.org\/2000\/svg\" id=\"fb9fd087-0daa-4575-8730-37fb0af1195c\" data-name=\"Calque 3\" viewBox=\"0 0 45 45\"><circle cx=\"22.5\" cy=\"22.5\" r=\"20.6\" fill=\"#eb7965\"><\/circle><path d=\"M21.3,17.2h0l-3.5,1.7-.7-3.2,4.8-2.2h3.5V31.7H21.3Z\" fill=\"#fff\"><\/path><\/svg><\/div>\n\t\t\t\t\t\t\t\t\t\t\t\t\t\t\t\t\t\t\t\t\t<\/div>\n\n\t\t\t\t\t\t\t\t\n\t\t\t<\/a>\n\n\t\n\t\t\t\t\t\t<a class=\"e-hotspot elementor-repeater-item-6cf8276  e-hotspot--position-right e-hotspot--position-top e-hotspot--link  e-hotspot--icon\" href=\"http:\/\/cbrcr.org\/index.php\/carte-interactive-des-sentiers-secteur-centre\/\">\n\n\t\t\t\t\t\t\t\t<div class=\"e-hotspot__button e-hotspot--soft-beat\">\n\t\t\t\t\t\t\t\t\t\t\t\t\t\t\t\t\t\t<div class=\"e-hotspot__icon\"><svg xmlns=\"http:\/\/www.w3.org\/2000\/svg\" id=\"a78cf774-3c96-4219-bc7b-625582b8fdb7\" data-name=\"Calque 2\" viewBox=\"0 0 45 45\"><circle cx=\"22.5\" cy=\"22.5\" r=\"20.6\" fill=\"#ffc413\"><\/circle><path d=\"M16.9,31V28.4l2.4-2.1c4-3.6,5.9-5.6,6-7.7,0-1.5-.9-2.7-3-2.7a6.84,6.84,0,0,0-3.9,1.5l-1.2-3.1a10.44,10.44,0,0,1,6-1.9c4.1,0,6.4,2.4,6.4,5.7,0,3.1-2.2,5.5-4.8,7.8L23,27.4v.1h6.9V31Z\" fill=\"#fff\"><\/path><\/svg><\/div>\n\t\t\t\t\t\t\t\t\t\t\t\t\t\t\t\t\t\t\t\t\t<\/div>\n\n\t\t\t\t\t\t\t\t\n\t\t\t<\/a>\n\n\t\n\t\t\t\t\t\t<a class=\"e-hotspot elementor-repeater-item-d86e3fc  e-hotspot--position-right e-hotspot--position-top e-hotspot--link  e-hotspot--icon\" href=\"http:\/\/cbrcr.org\/index.php\/carte-interactive-des-sentiers-secteur-nord\/\">\n\n\t\t\t\t\t\t\t\t<div class=\"e-hotspot__button e-hotspot--soft-beat\">\n\t\t\t\t\t\t\t\t\t\t\t\t\t\t\t\t\t\t<div class=\"e-hotspot__icon\"><svg xmlns=\"http:\/\/www.w3.org\/2000\/svg\" id=\"fce3ce8a-3e52-486e-8594-4f176936a648\" data-name=\"Calque 1\" viewBox=\"0 0 45 45\"><circle cx=\"22.5\" cy=\"22.5\" r=\"20.6\" fill=\"#00b4f0\"><\/circle><path d=\"M17.7,27.3a10.16,10.16,0,0,0,4.2,1.1c2.2,0,3.3-1.1,3.3-2.4,0-1.8-1.8-2.6-3.7-2.6H19.8V20.3h1.7c1.4,0,3.2-.6,3.2-2.1,0-1.1-.9-1.9-2.7-1.9a7.45,7.45,0,0,0-3.8,1.1l-.9-3.1a11.45,11.45,0,0,1,5.6-1.4c3.9,0,6,2,6,4.5,0,1.9-1.1,3.4-3.3,4.2v.1a4.43,4.43,0,0,1,3.9,4.4c0,3.2-2.8,5.6-7.4,5.6a10.4,10.4,0,0,1-5.4-1.3Z\" fill=\"#fff\"><\/path><\/svg><\/div>\n\t\t\t\t\t\t\t\t\t\t\t\t\t\t\t\t\t\t\t\t\t<\/div>\n\n\t\t\t\t\t\t\t\t\n\t\t\t<\/a>\n\n\t\n\t\t\t\t\t\t<\/div>\n\t\t\t\t<\/div>\n\t\t\t\t\t<\/div>\n\t\t<\/div>\n\t\t\t\t<div class=\"elementor-column elementor-col-33 elementor-top-column elementor-element elementor-element-049a4a8\" data-id=\"049a4a8\" data-element_type=\"column\" data-e-type=\"column\">\n\t\t\t<div class=\"elementor-widget-wrap\">\n\t\t\t\t\t\t\t<\/div>\n\t\t<\/div>\n\t\t\t\t\t<\/div>\n\t\t<\/section>\n\t\t\t\t<section class=\"elementor-section elementor-top-section elementor-element elementor-element-72236f0 elementor-section-boxed elementor-section-height-default elementor-section-height-default\" data-id=\"72236f0\" data-element_type=\"section\" data-e-type=\"section\">\n\t\t\t\t\t\t<div class=\"elementor-container elementor-column-gap-default\">\n\t\t\t\t\t<div class=\"elementor-column elementor-col-100 elementor-top-column elementor-element elementor-element-3c49ea7\" data-id=\"3c49ea7\" data-element_type=\"column\" data-e-type=\"column\">\n\t\t\t<div class=\"elementor-widget-wrap\">\n\t\t\t\t\t\t\t<\/div>\n\t\t<\/div>\n\t\t\t\t\t<\/div>\n\t\t<\/section>\n\t\t\t\t<section class=\"elementor-section elementor-top-section elementor-element elementor-element-e9d98e4 elementor-section-boxed elementor-section-height-default elementor-section-height-default\" data-id=\"e9d98e4\" data-element_type=\"section\" data-e-type=\"section\">\n\t\t\t\t\t\t<div class=\"elementor-container elementor-column-gap-default\">\n\t\t\t\t\t<div class=\"elementor-column elementor-col-100 elementor-top-column elementor-element elementor-element-2cc2e42\" data-id=\"2cc2e42\" data-element_type=\"column\" data-e-type=\"column\">\n\t\t\t<div class=\"elementor-widget-wrap\">\n\t\t\t\t\t\t\t<\/div>\n\t\t<\/div>\n\t\t\t\t\t<\/div>\n\t\t<\/section>\n\t\t\t\t<\/div>\n\t\t","protected":false},"excerpt":{"rendered":"<p>Cliquez sur un lien pour afficher le secteur souhait\u00e9. Pour t\u00e9l\u00e9charger la version PDF<\/p>\n","protected":false},"author":1,"featured_media":0,"parent":0,"menu_order":0,"comment_status":"closed","ping_status":"closed","template":"","meta":{"inline_featured_image":false,"footnotes":""},"class_list":["post-4468","page","type-page","status-publish","hentry"],"publishpress_future_action":{"enabled":false,"date":"2026-05-07 11:18:41","action":"change-status","newStatus":"draft","terms":[],"taxonomy":"","extraData":[]},"publishpress_future_workflow_manual_trigger":{"enabledWorkflows":[]},"_links":{"self":[{"href":"http:\/\/cbrcr.org\/index.php\/wp-json\/wp\/v2\/pages\/4468","targetHints":{"allow":["GET"]}}],"collection":[{"href":"http:\/\/cbrcr.org\/index.php\/wp-json\/wp\/v2\/pages"}],"about":[{"href":"http:\/\/cbrcr.org\/index.php\/wp-json\/wp\/v2\/types\/page"}],"author":[{"embeddable":true,"href":"http:\/\/cbrcr.org\/index.php\/wp-json\/wp\/v2\/users\/1"}],"replies":[{"embeddable":true,"href":"http:\/\/cbrcr.org\/index.php\/wp-json\/wp\/v2\/comments?post=4468"}],"version-history":[{"count":151,"href":"http:\/\/cbrcr.org\/index.php\/wp-json\/wp\/v2\/pages\/4468\/revisions"}],"predecessor-version":[{"id":6625,"href":"http:\/\/cbrcr.org\/index.php\/wp-json\/wp\/v2\/pages\/4468\/revisions\/6625"}],"wp:attachment":[{"href":"http:\/\/cbrcr.org\/index.php\/wp-json\/wp\/v2\/media?parent=4468"}],"curies":[{"name":"wp","href":"https:\/\/api.w.org\/{rel}","templated":true}]}}