{"id":6198,"date":"2024-04-10T08:47:07","date_gmt":"2024-04-10T13:47:07","guid":{"rendered":"http:\/\/cbrcr.org\/?page_id=6198"},"modified":"2024-04-10T22:24:28","modified_gmt":"2024-04-11T03:24:28","slug":"20ieme-anniversaire","status":"publish","type":"page","link":"http:\/\/cbrcr.org\/index.php\/20ieme-anniversaire\/","title":{"rendered":"20i\u00e8me anniversaire"},"content":{"rendered":"\t\t<div data-elementor-type=\"wp-page\" data-elementor-id=\"6198\" class=\"elementor elementor-6198\" data-elementor-post-type=\"page\">\n\t\t\t\t\t\t<section class=\"elementor-section elementor-top-section elementor-element elementor-element-95fc946 elementor-section-boxed elementor-section-height-default elementor-section-height-default\" data-id=\"95fc946\" data-element_type=\"section\" data-e-type=\"section\">\n\t\t\t\t\t\t<div class=\"elementor-container elementor-column-gap-default\">\n\t\t\t\t\t<div class=\"elementor-column elementor-col-100 elementor-top-column elementor-element elementor-element-7d67c8d\" data-id=\"7d67c8d\" data-element_type=\"column\" data-e-type=\"column\">\n\t\t\t<div class=\"elementor-widget-wrap elementor-element-populated\">\n\t\t\t\t\t\t<div class=\"elementor-element elementor-element-d611bc3 elementor-widget elementor-widget-text-editor\" data-id=\"d611bc3\" data-element_type=\"widget\" data-e-type=\"widget\" data-widget_type=\"text-editor.default\">\n\t\t\t\t<div class=\"elementor-widget-container\">\n\t\t\t\t\t\t\t\t\t<p style=\"text-align: justify;\">Bonjour,<\/p><p style=\"text-align: justify;\">Le 26 mars 2024, les administrateurs, la direction et les employ\u00e9s du CBRCR ont tenu \u00e0 souligner le 20i\u00e8me anniversaire d\u2019existence et d\u2019op\u00e9ration de notre organisme (2003-2023\/2024), par une rencontre amicale \u00ab style 5 \u00e0 7 \u00bb, avec la participation appr\u00e9ci\u00e9e des membres de l\u2019organisme, d\u2019anciens collaborateurs ainsi que de ses partenaires publics et priv\u00e9s.<\/p><p style=\"text-align: justify;\">Vous pouvez consulter ci-apr\u00e8s quelques pr\u00e9sentations et documents ainsi que des photos capt\u00e9es lors de cette activit\u00e9, dont une brochure-souvenir en lien avec les diff\u00e9rents conseils d\u2019administration dans le temps et les remerciements et l\u2019hommage rendus au cours de cette soir\u00e9e.<\/p><p style=\"text-align: justify;\">Roch Maltais, pr\u00e9sident<\/p><p style=\"text-align: justify;\">\u00a0<\/p>\t\t\t\t\t\t\t\t<\/div>\n\t\t\t\t<\/div>\n\t\t\t\t<div class=\"elementor-element elementor-element-1d1e585 elementor-align-start elementor-icon-list--layout-traditional elementor-list-item-link-full_width elementor-widget elementor-widget-icon-list\" data-id=\"1d1e585\" data-element_type=\"widget\" data-e-type=\"widget\" data-widget_type=\"icon-list.default\">\n\t\t\t\t<div class=\"elementor-widget-container\">\n\t\t\t\t\t\t\t<ul class=\"elementor-icon-list-items\">\n\t\t\t\t\t\t\t<li class=\"elementor-icon-list-item\">\n\t\t\t\t\t\t\t\t\t\t\t<a href=\"http:\/\/cbrcr.org\/wp-content\/uploads\/2024\/04\/projet.BROCHURE_v.25mars2024_CBRCR_3avril2024.pdf\" target=\"_blank\">\n\n\t\t\t\t\t\t\t\t\t\t\t\t<span class=\"elementor-icon-list-icon\">\n\t\t\t\t\t\t\t<i aria-hidden=\"true\" class=\"far fa-dot-circle\"><\/i>\t\t\t\t\t\t<\/span>\n\t\t\t\t\t\t\t\t\t\t<span class=\"elementor-icon-list-text\">Brochure Souvenir 20i\u00e8me anniversaire<\/span>\n\t\t\t\t\t\t\t\t\t\t\t<\/a>\n\t\t\t\t\t\t\t\t\t<\/li>\n\t\t\t\t\t\t\t\t<li class=\"elementor-icon-list-item\">\n\t\t\t\t\t\t\t\t\t\t\t<a href=\"http:\/\/cbrcr.org\/wp-content\/uploads\/2024\/04\/CBRCR-20e-Premiere-partie_pour-site-Web.pdf\" target=\"_blank\">\n\n\t\t\t\t\t\t\t\t\t\t\t\t<span class=\"elementor-icon-list-icon\">\n\t\t\t\t\t\t\t<i aria-hidden=\"true\" class=\"far fa-dot-circle\"><\/i>\t\t\t\t\t\t<\/span>\n\t\t\t\t\t\t\t\t\t\t<span class=\"elementor-icon-list-text\">Pr\u00e9sentation partie 1<\/span>\n\t\t\t\t\t\t\t\t\t\t\t<\/a>\n\t\t\t\t\t\t\t\t\t<\/li>\n\t\t\t\t\t\t\t\t<li class=\"elementor-icon-list-item\">\n\t\t\t\t\t\t\t\t\t\t\t<a href=\"http:\/\/cbrcr.org\/wp-content\/uploads\/2024\/04\/CBRCR-20e-Deuxieme-partie_pour-site-Web.pdf\" target=\"_blank\">\n\n\t\t\t\t\t\t\t\t\t\t\t\t<span class=\"elementor-icon-list-icon\">\n\t\t\t\t\t\t\t<i aria-hidden=\"true\" class=\"far fa-dot-circle\"><\/i>\t\t\t\t\t\t<\/span>\n\t\t\t\t\t\t\t\t\t\t<span class=\"elementor-icon-list-text\">Pr\u00e9sentation partie 2<\/span>\n\t\t\t\t\t\t\t\t\t\t\t<\/a>\n\t\t\t\t\t\t\t\t\t<\/li>\n\t\t\t\t\t\t<\/ul>\n\t\t\t\t\t\t<\/div>\n\t\t\t\t<\/div>\n\t\t\t\t<div class=\"elementor-element elementor-element-00498c4 elementor-widget elementor-widget-spacer\" data-id=\"00498c4\" data-element_type=\"widget\" data-e-type=\"widget\" data-widget_type=\"spacer.default\">\n\t\t\t\t<div class=\"elementor-widget-container\">\n\t\t\t\t\t\t\t<div class=\"elementor-spacer\">\n\t\t\t<div class=\"elementor-spacer-inner\"><\/div>\n\t\t<\/div>\n\t\t\t\t\t\t<\/div>\n\t\t\t\t<\/div>\n\t\t\t\t<div class=\"elementor-element elementor-element-67457d6 elementor-widget elementor-widget-gallery\" data-id=\"67457d6\" data-element_type=\"widget\" data-e-type=\"widget\" data-settings=\"{&quot;gallery_layout&quot;:&quot;masonry&quot;,&quot;lazyload&quot;:&quot;yes&quot;,&quot;columns&quot;:4,&quot;columns_tablet&quot;:2,&quot;columns_mobile&quot;:1,&quot;gap&quot;:{&quot;unit&quot;:&quot;px&quot;,&quot;size&quot;:10,&quot;sizes&quot;:[]},&quot;gap_tablet&quot;:{&quot;unit&quot;:&quot;px&quot;,&quot;size&quot;:10,&quot;sizes&quot;:[]},&quot;gap_mobile&quot;:{&quot;unit&quot;:&quot;px&quot;,&quot;size&quot;:10,&quot;sizes&quot;:[]},&quot;link_to&quot;:&quot;file&quot;,&quot;overlay_background&quot;:&quot;yes&quot;,&quot;content_hover_animation&quot;:&quot;fade-in&quot;}\" data-widget_type=\"gallery.default\">\n\t\t\t\t<div class=\"elementor-widget-container\">\n\t\t\t\t\t\t\t<div class=\"elementor-gallery__container\">\n\t\t\t\t\t\t\t<a class=\"e-gallery-item elementor-gallery-item elementor-animated-content\" href=\"http:\/\/cbrcr.org\/wp-content\/uploads\/2024\/04\/1_20240326_0891.a-scaled.jpg\" data-elementor-open-lightbox=\"yes\" data-elementor-lightbox-slideshow=\"67457d6\" data-elementor-lightbox-title=\"1_20240326_0891.a\" data-e-action-hash=\"#elementor-action%3Aaction%3Dlightbox%26settings%3DeyJpZCI6NjI3MiwidXJsIjoiaHR0cDpcL1wvY2JyY3Iub3JnXC93cC1jb250ZW50XC91cGxvYWRzXC8yMDI0XC8wNFwvMV8yMDI0MDMyNl8wODkxLmEtc2NhbGVkLmpwZyIsInNsaWRlc2hvdyI6IjY3NDU3ZDYifQ%3D%3D\">\n\t\t\t\t\t<div class=\"e-gallery-image elementor-gallery-item__image\" data-thumbnail=\"http:\/\/cbrcr.org\/wp-content\/uploads\/2024\/04\/1_20240326_0891.a-768x365.jpg\" data-width=\"740\" data-height=\"352\" aria-label=\"\" role=\"img\" ><\/div>\n\t\t\t\t\t\t\t\t\t\t\t<div class=\"elementor-gallery-item__overlay\"><\/div>\n\t\t\t\t\t\t\t\t\t\t\t\t\t\t<\/a>\n\t\t\t\t\t\t\t<a class=\"e-gallery-item elementor-gallery-item elementor-animated-content\" href=\"http:\/\/cbrcr.org\/wp-content\/uploads\/2024\/04\/2_20240326_0769.a-scaled.jpg\" data-elementor-open-lightbox=\"yes\" data-elementor-lightbox-slideshow=\"67457d6\" data-elementor-lightbox-title=\"2_20240326_0769.a\" data-e-action-hash=\"#elementor-action%3Aaction%3Dlightbox%26settings%3DeyJpZCI6NjI3MywidXJsIjoiaHR0cDpcL1wvY2JyY3Iub3JnXC93cC1jb250ZW50XC91cGxvYWRzXC8yMDI0XC8wNFwvMl8yMDI0MDMyNl8wNzY5LmEtc2NhbGVkLmpwZyIsInNsaWRlc2hvdyI6IjY3NDU3ZDYifQ%3D%3D\">\n\t\t\t\t\t<div class=\"e-gallery-image elementor-gallery-item__image\" data-thumbnail=\"http:\/\/cbrcr.org\/wp-content\/uploads\/2024\/04\/2_20240326_0769.a-768x614.jpg\" data-width=\"740\" data-height=\"592\" aria-label=\"\" role=\"img\" ><\/div>\n\t\t\t\t\t\t\t\t\t\t\t<div class=\"elementor-gallery-item__overlay\"><\/div>\n\t\t\t\t\t\t\t\t\t\t\t\t\t\t<\/a>\n\t\t\t\t\t\t\t<a class=\"e-gallery-item elementor-gallery-item elementor-animated-content\" href=\"http:\/\/cbrcr.org\/wp-content\/uploads\/2024\/04\/3_20240326_0793.a-scaled.jpg\" data-elementor-open-lightbox=\"yes\" data-elementor-lightbox-slideshow=\"67457d6\" data-elementor-lightbox-title=\"3_20240326_0793.a\" data-e-action-hash=\"#elementor-action%3Aaction%3Dlightbox%26settings%3DeyJpZCI6NjI3NCwidXJsIjoiaHR0cDpcL1wvY2JyY3Iub3JnXC93cC1jb250ZW50XC91cGxvYWRzXC8yMDI0XC8wNFwvM18yMDI0MDMyNl8wNzkzLmEtc2NhbGVkLmpwZyIsInNsaWRlc2hvdyI6IjY3NDU3ZDYifQ%3D%3D\">\n\t\t\t\t\t<div class=\"e-gallery-image elementor-gallery-item__image\" data-thumbnail=\"http:\/\/cbrcr.org\/wp-content\/uploads\/2024\/04\/3_20240326_0793.a-768x737.jpg\" data-width=\"740\" data-height=\"710\" aria-label=\"\" role=\"img\" ><\/div>\n\t\t\t\t\t\t\t\t\t\t\t<div class=\"elementor-gallery-item__overlay\"><\/div>\n\t\t\t\t\t\t\t\t\t\t\t\t\t\t<\/a>\n\t\t\t\t\t\t\t<a class=\"e-gallery-item elementor-gallery-item elementor-animated-content\" href=\"http:\/\/cbrcr.org\/wp-content\/uploads\/2024\/04\/4_20240326_0777.a-scaled.jpg\" data-elementor-open-lightbox=\"yes\" data-elementor-lightbox-slideshow=\"67457d6\" data-elementor-lightbox-title=\"4_20240326_0777.a\" data-e-action-hash=\"#elementor-action%3Aaction%3Dlightbox%26settings%3DeyJpZCI6NjI3NSwidXJsIjoiaHR0cDpcL1wvY2JyY3Iub3JnXC93cC1jb250ZW50XC91cGxvYWRzXC8yMDI0XC8wNFwvNF8yMDI0MDMyNl8wNzc3LmEtc2NhbGVkLmpwZyIsInNsaWRlc2hvdyI6IjY3NDU3ZDYifQ%3D%3D\">\n\t\t\t\t\t<div class=\"e-gallery-image elementor-gallery-item__image\" data-thumbnail=\"http:\/\/cbrcr.org\/wp-content\/uploads\/2024\/04\/4_20240326_0777.a-768x960.jpg\" data-width=\"740\" data-height=\"925\" aria-label=\"\" role=\"img\" ><\/div>\n\t\t\t\t\t\t\t\t\t\t\t<div class=\"elementor-gallery-item__overlay\"><\/div>\n\t\t\t\t\t\t\t\t\t\t\t\t\t\t<\/a>\n\t\t\t\t\t\t\t<a class=\"e-gallery-item elementor-gallery-item elementor-animated-content\" href=\"http:\/\/cbrcr.org\/wp-content\/uploads\/2024\/04\/5_20240326_0791.a-scaled.jpg\" data-elementor-open-lightbox=\"yes\" data-elementor-lightbox-slideshow=\"67457d6\" data-elementor-lightbox-title=\"5_20240326_0791.a\" data-e-action-hash=\"#elementor-action%3Aaction%3Dlightbox%26settings%3DeyJpZCI6NjI3NiwidXJsIjoiaHR0cDpcL1wvY2JyY3Iub3JnXC93cC1jb250ZW50XC91cGxvYWRzXC8yMDI0XC8wNFwvNV8yMDI0MDMyNl8wNzkxLmEtc2NhbGVkLmpwZyIsInNsaWRlc2hvdyI6IjY3NDU3ZDYifQ%3D%3D\">\n\t\t\t\t\t<div class=\"e-gallery-image elementor-gallery-item__image\" data-thumbnail=\"http:\/\/cbrcr.org\/wp-content\/uploads\/2024\/04\/5_20240326_0791.a-768x614.jpg\" data-width=\"740\" data-height=\"592\" aria-label=\"\" role=\"img\" ><\/div>\n\t\t\t\t\t\t\t\t\t\t\t<div class=\"elementor-gallery-item__overlay\"><\/div>\n\t\t\t\t\t\t\t\t\t\t\t\t\t\t<\/a>\n\t\t\t\t\t\t\t<a class=\"e-gallery-item elementor-gallery-item elementor-animated-content\" href=\"http:\/\/cbrcr.org\/wp-content\/uploads\/2024\/04\/6_20240326_0858.a-scaled.jpg\" data-elementor-open-lightbox=\"yes\" data-elementor-lightbox-slideshow=\"67457d6\" data-elementor-lightbox-title=\"6_20240326_0858.a\" data-e-action-hash=\"#elementor-action%3Aaction%3Dlightbox%26settings%3DeyJpZCI6NjI3NywidXJsIjoiaHR0cDpcL1wvY2JyY3Iub3JnXC93cC1jb250ZW50XC91cGxvYWRzXC8yMDI0XC8wNFwvNl8yMDI0MDMyNl8wODU4LmEtc2NhbGVkLmpwZyIsInNsaWRlc2hvdyI6IjY3NDU3ZDYifQ%3D%3D\">\n\t\t\t\t\t<div class=\"e-gallery-image elementor-gallery-item__image\" data-thumbnail=\"http:\/\/cbrcr.org\/wp-content\/uploads\/2024\/04\/6_20240326_0858.a-768x614.jpg\" data-width=\"740\" data-height=\"592\" aria-label=\"\" role=\"img\" ><\/div>\n\t\t\t\t\t\t\t\t\t\t\t<div class=\"elementor-gallery-item__overlay\"><\/div>\n\t\t\t\t\t\t\t\t\t\t\t\t\t\t<\/a>\n\t\t\t\t\t\t\t<a class=\"e-gallery-item elementor-gallery-item elementor-animated-content\" href=\"http:\/\/cbrcr.org\/wp-content\/uploads\/2024\/04\/7_20240326_0901.a-scaled.jpg\" data-elementor-open-lightbox=\"yes\" data-elementor-lightbox-slideshow=\"67457d6\" data-elementor-lightbox-title=\"7_20240326_0901.a\" data-e-action-hash=\"#elementor-action%3Aaction%3Dlightbox%26settings%3DeyJpZCI6NjI3OCwidXJsIjoiaHR0cDpcL1wvY2JyY3Iub3JnXC93cC1jb250ZW50XC91cGxvYWRzXC8yMDI0XC8wNFwvN18yMDI0MDMyNl8wOTAxLmEtc2NhbGVkLmpwZyIsInNsaWRlc2hvdyI6IjY3NDU3ZDYifQ%3D%3D\">\n\t\t\t\t\t<div class=\"e-gallery-image elementor-gallery-item__image\" data-thumbnail=\"http:\/\/cbrcr.org\/wp-content\/uploads\/2024\/04\/7_20240326_0901.a-768x611.jpg\" data-width=\"740\" data-height=\"589\" aria-label=\"\" role=\"img\" ><\/div>\n\t\t\t\t\t\t\t\t\t\t\t<div class=\"elementor-gallery-item__overlay\"><\/div>\n\t\t\t\t\t\t\t\t\t\t\t\t\t\t<\/a>\n\t\t\t\t\t\t\t<a class=\"e-gallery-item elementor-gallery-item elementor-animated-content\" href=\"http:\/\/cbrcr.org\/wp-content\/uploads\/2024\/04\/8_20240326.a-2-scaled.jpg\" data-elementor-open-lightbox=\"yes\" data-elementor-lightbox-slideshow=\"67457d6\" data-elementor-lightbox-title=\"8_20240326.a (2)\" data-e-action-hash=\"#elementor-action%3Aaction%3Dlightbox%26settings%3DeyJpZCI6NjI3OSwidXJsIjoiaHR0cDpcL1wvY2JyY3Iub3JnXC93cC1jb250ZW50XC91cGxvYWRzXC8yMDI0XC8wNFwvOF8yMDI0MDMyNi5hLTItc2NhbGVkLmpwZyIsInNsaWRlc2hvdyI6IjY3NDU3ZDYifQ%3D%3D\">\n\t\t\t\t\t<div class=\"e-gallery-image elementor-gallery-item__image\" data-thumbnail=\"http:\/\/cbrcr.org\/wp-content\/uploads\/2024\/04\/8_20240326.a-2-768x614.jpg\" data-width=\"740\" data-height=\"592\" aria-label=\"\" role=\"img\" ><\/div>\n\t\t\t\t\t\t\t\t\t\t\t<div class=\"elementor-gallery-item__overlay\"><\/div>\n\t\t\t\t\t\t\t\t\t\t\t\t\t\t<\/a>\n\t\t\t\t\t\t\t<a class=\"e-gallery-item elementor-gallery-item elementor-animated-content\" href=\"http:\/\/cbrcr.org\/wp-content\/uploads\/2024\/04\/9_20240326_0937.a-scaled.jpg\" data-elementor-open-lightbox=\"yes\" data-elementor-lightbox-slideshow=\"67457d6\" data-elementor-lightbox-title=\"9_20240326_0937.a\" data-e-action-hash=\"#elementor-action%3Aaction%3Dlightbox%26settings%3DeyJpZCI6NjI4MCwidXJsIjoiaHR0cDpcL1wvY2JyY3Iub3JnXC93cC1jb250ZW50XC91cGxvYWRzXC8yMDI0XC8wNFwvOV8yMDI0MDMyNl8wOTM3LmEtc2NhbGVkLmpwZyIsInNsaWRlc2hvdyI6IjY3NDU3ZDYifQ%3D%3D\">\n\t\t\t\t\t<div class=\"e-gallery-image elementor-gallery-item__image\" data-thumbnail=\"http:\/\/cbrcr.org\/wp-content\/uploads\/2024\/04\/9_20240326_0937.a-768x614.jpg\" data-width=\"740\" data-height=\"592\" aria-label=\"\" role=\"img\" ><\/div>\n\t\t\t\t\t\t\t\t\t\t\t<div class=\"elementor-gallery-item__overlay\"><\/div>\n\t\t\t\t\t\t\t\t\t\t\t\t\t\t<\/a>\n\t\t\t\t\t\t\t<a class=\"e-gallery-item elementor-gallery-item elementor-animated-content\" href=\"http:\/\/cbrcr.org\/wp-content\/uploads\/2024\/04\/10_20240326.a-scaled.jpg\" data-elementor-open-lightbox=\"yes\" data-elementor-lightbox-slideshow=\"67457d6\" data-elementor-lightbox-title=\"10_20240326.a\" data-e-action-hash=\"#elementor-action%3Aaction%3Dlightbox%26settings%3DeyJpZCI6NjI4MSwidXJsIjoiaHR0cDpcL1wvY2JyY3Iub3JnXC93cC1jb250ZW50XC91cGxvYWRzXC8yMDI0XC8wNFwvMTBfMjAyNDAzMjYuYS1zY2FsZWQuanBnIiwic2xpZGVzaG93IjoiNjc0NTdkNiJ9\">\n\t\t\t\t\t<div class=\"e-gallery-image elementor-gallery-item__image\" data-thumbnail=\"http:\/\/cbrcr.org\/wp-content\/uploads\/2024\/04\/10_20240326.a-768x577.jpg\" data-width=\"740\" data-height=\"556\" aria-label=\"\" role=\"img\" ><\/div>\n\t\t\t\t\t\t\t\t\t\t\t<div class=\"elementor-gallery-item__overlay\"><\/div>\n\t\t\t\t\t\t\t\t\t\t\t\t\t\t<\/a>\n\t\t\t\t\t\t\t<a class=\"e-gallery-item elementor-gallery-item elementor-animated-content\" href=\"http:\/\/cbrcr.org\/wp-content\/uploads\/2024\/04\/11_20240326_1019.a-scaled.jpg\" data-elementor-open-lightbox=\"yes\" data-elementor-lightbox-slideshow=\"67457d6\" data-elementor-lightbox-title=\"11_20240326_1019.a\" data-e-action-hash=\"#elementor-action%3Aaction%3Dlightbox%26settings%3DeyJpZCI6NjI4MiwidXJsIjoiaHR0cDpcL1wvY2JyY3Iub3JnXC93cC1jb250ZW50XC91cGxvYWRzXC8yMDI0XC8wNFwvMTFfMjAyNDAzMjZfMTAxOS5hLXNjYWxlZC5qcGciLCJzbGlkZXNob3ciOiI2NzQ1N2Q2In0%3D\">\n\t\t\t\t\t<div class=\"e-gallery-image elementor-gallery-item__image\" data-thumbnail=\"http:\/\/cbrcr.org\/wp-content\/uploads\/2024\/04\/11_20240326_1019.a-768x614.jpg\" data-width=\"740\" data-height=\"592\" aria-label=\"\" role=\"img\" ><\/div>\n\t\t\t\t\t\t\t\t\t\t\t<div class=\"elementor-gallery-item__overlay\"><\/div>\n\t\t\t\t\t\t\t\t\t\t\t\t\t\t<\/a>\n\t\t\t\t\t\t\t<a class=\"e-gallery-item elementor-gallery-item elementor-animated-content\" href=\"http:\/\/cbrcr.org\/wp-content\/uploads\/2024\/04\/12_20240326_1076-Enhanced-NR.a-scaled.jpg\" data-elementor-open-lightbox=\"yes\" data-elementor-lightbox-slideshow=\"67457d6\" data-elementor-lightbox-title=\"12_20240326_1076-Enhanced-NR.a\" data-e-action-hash=\"#elementor-action%3Aaction%3Dlightbox%26settings%3DeyJpZCI6NjI4MywidXJsIjoiaHR0cDpcL1wvY2JyY3Iub3JnXC93cC1jb250ZW50XC91cGxvYWRzXC8yMDI0XC8wNFwvMTJfMjAyNDAzMjZfMTA3Ni1FbmhhbmNlZC1OUi5hLXNjYWxlZC5qcGciLCJzbGlkZXNob3ciOiI2NzQ1N2Q2In0%3D\">\n\t\t\t\t\t<div class=\"e-gallery-image elementor-gallery-item__image\" data-thumbnail=\"http:\/\/cbrcr.org\/wp-content\/uploads\/2024\/04\/12_20240326_1076-Enhanced-NR.a-768x512.jpg\" data-width=\"740\" data-height=\"493\" aria-label=\"\" role=\"img\" ><\/div>\n\t\t\t\t\t\t\t\t\t\t\t<div class=\"elementor-gallery-item__overlay\"><\/div>\n\t\t\t\t\t\t\t\t\t\t\t\t\t\t<\/a>\n\t\t\t\t\t\t\t<a class=\"e-gallery-item elementor-gallery-item elementor-animated-content\" href=\"http:\/\/cbrcr.org\/wp-content\/uploads\/2024\/04\/13_20240326_1179.a-scaled.jpg\" data-elementor-open-lightbox=\"yes\" data-elementor-lightbox-slideshow=\"67457d6\" data-elementor-lightbox-title=\"13_20240326_1179.a\" data-e-action-hash=\"#elementor-action%3Aaction%3Dlightbox%26settings%3DeyJpZCI6NjI4NCwidXJsIjoiaHR0cDpcL1wvY2JyY3Iub3JnXC93cC1jb250ZW50XC91cGxvYWRzXC8yMDI0XC8wNFwvMTNfMjAyNDAzMjZfMTE3OS5hLXNjYWxlZC5qcGciLCJzbGlkZXNob3ciOiI2NzQ1N2Q2In0%3D\">\n\t\t\t\t\t<div class=\"e-gallery-image elementor-gallery-item__image\" data-thumbnail=\"http:\/\/cbrcr.org\/wp-content\/uploads\/2024\/04\/13_20240326_1179.a-768x982.jpg\" data-width=\"740\" data-height=\"946\" aria-label=\"\" role=\"img\" ><\/div>\n\t\t\t\t\t\t\t\t\t\t\t<div class=\"elementor-gallery-item__overlay\"><\/div>\n\t\t\t\t\t\t\t\t\t\t\t\t\t\t<\/a>\n\t\t\t\t\t\t\t<a class=\"e-gallery-item elementor-gallery-item elementor-animated-content\" href=\"http:\/\/cbrcr.org\/wp-content\/uploads\/2024\/04\/14_20240326_1106.a-scaled.jpg\" data-elementor-open-lightbox=\"yes\" data-elementor-lightbox-slideshow=\"67457d6\" data-elementor-lightbox-title=\"14_20240326_1106.a\" data-e-action-hash=\"#elementor-action%3Aaction%3Dlightbox%26settings%3DeyJpZCI6NjI2OSwidXJsIjoiaHR0cDpcL1wvY2JyY3Iub3JnXC93cC1jb250ZW50XC91cGxvYWRzXC8yMDI0XC8wNFwvMTRfMjAyNDAzMjZfMTEwNi5hLXNjYWxlZC5qcGciLCJzbGlkZXNob3ciOiI2NzQ1N2Q2In0%3D\">\n\t\t\t\t\t<div class=\"e-gallery-image elementor-gallery-item__image\" data-thumbnail=\"http:\/\/cbrcr.org\/wp-content\/uploads\/2024\/04\/14_20240326_1106.a-768x614.jpg\" data-width=\"740\" data-height=\"592\" aria-label=\"\" role=\"img\" ><\/div>\n\t\t\t\t\t\t\t\t\t\t\t<div class=\"elementor-gallery-item__overlay\"><\/div>\n\t\t\t\t\t\t\t\t\t\t\t\t\t\t<\/a>\n\t\t\t\t\t\t\t<a class=\"e-gallery-item elementor-gallery-item elementor-animated-content\" href=\"http:\/\/cbrcr.org\/wp-content\/uploads\/2024\/04\/20240326_1105-Enhanced-NR.a-1-scaled.jpg\" data-elementor-open-lightbox=\"yes\" data-elementor-lightbox-slideshow=\"67457d6\" data-elementor-lightbox-title=\"20240326_1105-Enhanced-NR.a\" data-e-action-hash=\"#elementor-action%3Aaction%3Dlightbox%26settings%3DeyJpZCI6NjI3MSwidXJsIjoiaHR0cDpcL1wvY2JyY3Iub3JnXC93cC1jb250ZW50XC91cGxvYWRzXC8yMDI0XC8wNFwvMjAyNDAzMjZfMTEwNS1FbmhhbmNlZC1OUi5hLTEtc2NhbGVkLmpwZyIsInNsaWRlc2hvdyI6IjY3NDU3ZDYifQ%3D%3D\">\n\t\t\t\t\t<div class=\"e-gallery-image elementor-gallery-item__image\" data-thumbnail=\"http:\/\/cbrcr.org\/wp-content\/uploads\/2024\/04\/20240326_1105-Enhanced-NR.a-1-768x526.jpg\" data-width=\"740\" data-height=\"507\" aria-label=\"\" role=\"img\" ><\/div>\n\t\t\t\t\t\t\t\t\t\t\t<div class=\"elementor-gallery-item__overlay\"><\/div>\n\t\t\t\t\t\t\t\t\t\t\t\t\t\t<\/a>\n\t\t\t\t\t\t\t<a class=\"e-gallery-item elementor-gallery-item elementor-animated-content\" href=\"http:\/\/cbrcr.org\/wp-content\/uploads\/2024\/04\/15_20240326_1161.a-scaled.jpg\" data-elementor-open-lightbox=\"yes\" data-elementor-lightbox-slideshow=\"67457d6\" data-elementor-lightbox-title=\"15_20240326_1161.a\" data-e-action-hash=\"#elementor-action%3Aaction%3Dlightbox%26settings%3DeyJpZCI6NjI3MCwidXJsIjoiaHR0cDpcL1wvY2JyY3Iub3JnXC93cC1jb250ZW50XC91cGxvYWRzXC8yMDI0XC8wNFwvMTVfMjAyNDAzMjZfMTE2MS5hLXNjYWxlZC5qcGciLCJzbGlkZXNob3ciOiI2NzQ1N2Q2In0%3D\">\n\t\t\t\t\t<div class=\"e-gallery-image elementor-gallery-item__image\" data-thumbnail=\"http:\/\/cbrcr.org\/wp-content\/uploads\/2024\/04\/15_20240326_1161.a-768x512.jpg\" data-width=\"740\" data-height=\"493\" aria-label=\"\" role=\"img\" ><\/div>\n\t\t\t\t\t\t\t\t\t\t\t<div class=\"elementor-gallery-item__overlay\"><\/div>\n\t\t\t\t\t\t\t\t\t\t\t\t\t\t<\/a>\n\t\t\t\t\t<\/div>\n\t\t\t\t\t<\/div>\n\t\t\t\t<\/div>\n\t\t\t\t\t<\/div>\n\t\t<\/div>\n\t\t\t\t\t<\/div>\n\t\t<\/section>\n\t\t\t\t<\/div>\n\t\t","protected":false},"excerpt":{"rendered":"<p>Bonjour, Le 26 mars 2024, les administrateurs, la direction et les employ\u00e9s du CBRCR ont tenu \u00e0 souligner le 20i\u00e8me anniversaire d\u2019existence et d\u2019op\u00e9ration de notre organisme (2003-2023\/2024), par une rencontre amicale \u00ab style 5 \u00e0 7 \u00bb, avec la participation appr\u00e9ci\u00e9e des membres de l\u2019organisme, d\u2019anciens collaborateurs ainsi que de ses partenaires publics et &hellip; <\/p>\n<p class=\"link-more\"><a href=\"http:\/\/cbrcr.org\/index.php\/20ieme-anniversaire\/\" class=\"more-link\">Continuer la lecture<span class=\"screen-reader-text\"> de &laquo; 20i\u00e8me anniversaire &raquo;<\/span><\/a><\/p>\n","protected":false},"author":1,"featured_media":0,"parent":0,"menu_order":0,"comment_status":"closed","ping_status":"closed","template":"","meta":{"inline_featured_image":false,"footnotes":""},"class_list":["post-6198","page","type-page","status-publish","hentry"],"publishpress_future_action":{"enabled":false,"date":"2026-05-09 03:30:22","action":"change-status","newStatus":"draft","terms":[],"taxonomy":"","extraData":[]},"publishpress_future_workflow_manual_trigger":{"enabledWorkflows":[]},"_links":{"self":[{"href":"http:\/\/cbrcr.org\/index.php\/wp-json\/wp\/v2\/pages\/6198","targetHints":{"allow":["GET"]}}],"collection":[{"href":"http:\/\/cbrcr.org\/index.php\/wp-json\/wp\/v2\/pages"}],"about":[{"href":"http:\/\/cbrcr.org\/index.php\/wp-json\/wp\/v2\/types\/page"}],"author":[{"embeddable":true,"href":"http:\/\/cbrcr.org\/index.php\/wp-json\/wp\/v2\/users\/1"}],"replies":[{"embeddable":true,"href":"http:\/\/cbrcr.org\/index.php\/wp-json\/wp\/v2\/comments?post=6198"}],"version-history":[{"count":49,"href":"http:\/\/cbrcr.org\/index.php\/wp-json\/wp\/v2\/pages\/6198\/revisions"}],"predecessor-version":[{"id":6299,"href":"http:\/\/cbrcr.org\/index.php\/wp-json\/wp\/v2\/pages\/6198\/revisions\/6299"}],"wp:attachment":[{"href":"http:\/\/cbrcr.org\/index.php\/wp-json\/wp\/v2\/media?parent=6198"}],"curies":[{"name":"wp","href":"https:\/\/api.w.org\/{rel}","templated":true}]}}