{"id":629,"date":"2018-07-06T14:59:37","date_gmt":"2018-07-06T14:59:37","guid":{"rendered":"http:\/\/cbrcr.org\/?page_id=629"},"modified":"2021-12-14T16:27:27","modified_gmt":"2021-12-14T21:27:27","slug":"renouee-du-japon","status":"publish","type":"page","link":"http:\/\/cbrcr.org\/index.php\/renouee-du-japon\/","title":{"rendered":"Renou\u00e9e du Japon"},"content":{"rendered":"\t\t<div data-elementor-type=\"wp-page\" data-elementor-id=\"629\" class=\"elementor elementor-629\" data-elementor-post-type=\"page\">\n\t\t\t\t\t\t<section class=\"elementor-section elementor-top-section elementor-element elementor-element-f4311ad elementor-section-boxed elementor-section-height-default elementor-section-height-default\" data-id=\"f4311ad\" data-element_type=\"section\" data-e-type=\"section\">\n\t\t\t\t\t\t<div class=\"elementor-container elementor-column-gap-default\">\n\t\t\t\t\t<div class=\"elementor-column elementor-col-100 elementor-top-column elementor-element elementor-element-5edd9df\" data-id=\"5edd9df\" data-element_type=\"column\" data-e-type=\"column\">\n\t\t\t<div class=\"elementor-widget-wrap elementor-element-populated\">\n\t\t\t\t\t\t<div class=\"elementor-element elementor-element-88f5404 elementor-widget elementor-widget-text-editor\" data-id=\"88f5404\" data-element_type=\"widget\" data-e-type=\"widget\" data-widget_type=\"text-editor.default\">\n\t\t\t\t<div class=\"elementor-widget-container\">\n\t\t\t\t\t\t\t\t\t<p>Au Qu\u00e9bec, la renou\u00e9e du Japon (<em>Fallopia japonica<\/em>), commun\u00e9ment appel\u00e9e bambou japonais, continue \u00e0 s\u2019implanter. C\u2019est une plante envahissante qui provient de l\u2019Asie orientale et introduite en Am\u00e9rique du Nord comme esp\u00e8ce ornementale dans les ann\u00e9es 1900. \u00c0 premi\u00e8re vue, sa croissance rapide et ses jolies grappes de fleurs blanches en font une esp\u00e8ce de choix pour la cr\u00e9ation de haies ou comme plante d\u00e9corative, mais elle figure, depuis 2007, au palmar\u00e8s des 100 pires esp\u00e8ces envahissantes de la plan\u00e8te, selon l\u2019Union internationale pour la conservation de la nature (UICN).<\/p>\t\t\t\t\t\t\t\t<\/div>\n\t\t\t\t<\/div>\n\t\t\t\t\t<\/div>\n\t\t<\/div>\n\t\t\t\t\t<\/div>\n\t\t<\/section>\n\t\t\t\t<section class=\"elementor-section elementor-top-section elementor-element elementor-element-4915504 elementor-section-boxed elementor-section-height-default elementor-section-height-default\" data-id=\"4915504\" data-element_type=\"section\" data-e-type=\"section\">\n\t\t\t\t\t\t<div class=\"elementor-container elementor-column-gap-default\">\n\t\t\t\t\t<div class=\"elementor-column elementor-col-100 elementor-top-column elementor-element elementor-element-c817f16\" data-id=\"c817f16\" data-element_type=\"column\" data-e-type=\"column\">\n\t\t\t<div class=\"elementor-widget-wrap elementor-element-populated\">\n\t\t\t\t\t\t<div class=\"elementor-element elementor-element-5561cba elementor-widget elementor-widget-heading\" data-id=\"5561cba\" data-element_type=\"widget\" data-e-type=\"widget\" data-widget_type=\"heading.default\">\n\t\t\t\t<div class=\"elementor-widget-container\">\n\t\t\t\t\t<h2 class=\"elementor-heading-title elementor-size-default\">Comment la reconna\u00eetre ?<\/h2>\t\t\t\t<\/div>\n\t\t\t\t<\/div>\n\t\t\t\t<div class=\"elementor-element elementor-element-a6b3d42 elementor-widget elementor-widget-text-editor\" data-id=\"a6b3d42\" data-element_type=\"widget\" data-e-type=\"widget\" data-widget_type=\"text-editor.default\">\n\t\t\t\t<div class=\"elementor-widget-container\">\n\t\t\t\t\t\t\t\t\t<p>La renou\u00e9e du Japon pousse dans les milieux \u00e0 sol humide, en bordure des plans d&rsquo;eau, sur les plages, dans les foss\u00e9s, dans les canaux d&rsquo;irrigation, dans les remblais et autres habitats perturb\u00e9s. Elle tol\u00e8re des conditions difficiles telles que des temp\u00e9ratures \u00e9lev\u00e9es, des salinit\u00e9s \u00e9lev\u00e9es, des s\u00e9cheresses et des inondations. Vivace \u00e0 croissance rapide, la renou\u00e9e atteint 2 \u00e0 3 m de hauteur pendant l&rsquo;\u00e9t\u00e9.<\/p>\t\t\t\t\t\t\t\t<\/div>\n\t\t\t\t<\/div>\n\t\t\t\t\t<\/div>\n\t\t<\/div>\n\t\t\t\t\t<\/div>\n\t\t<\/section>\n\t\t\t\t<section class=\"elementor-section elementor-top-section elementor-element elementor-element-2995b4f elementor-section-boxed elementor-section-height-default elementor-section-height-default\" data-id=\"2995b4f\" data-element_type=\"section\" data-e-type=\"section\">\n\t\t\t\t\t\t<div class=\"elementor-container elementor-column-gap-default\">\n\t\t\t\t\t<div class=\"elementor-column elementor-col-25 elementor-top-column elementor-element elementor-element-8057651\" data-id=\"8057651\" data-element_type=\"column\" data-e-type=\"column\">\n\t\t\t<div class=\"elementor-widget-wrap elementor-element-populated\">\n\t\t\t\t\t\t<div class=\"elementor-element elementor-element-f73d023 elementor-widget elementor-widget-image\" data-id=\"f73d023\" data-element_type=\"widget\" data-e-type=\"widget\" data-widget_type=\"image.default\">\n\t\t\t\t<div class=\"elementor-widget-container\">\n\t\t\t\t\t\t\t\t\t\t\t\t\t\t\t<img decoding=\"async\" src=\"http:\/\/cbrcr.org\/wp-content\/uploads\/2021\/06\/Capture-585x295.png\" title=\"Capture\" alt=\"Capture\" loading=\"lazy\" \/>\t\t\t\t\t\t\t\t\t\t\t\t\t\t\t<\/div>\n\t\t\t\t<\/div>\n\t\t\t\t\t<\/div>\n\t\t<\/div>\n\t\t\t\t<div class=\"elementor-column elementor-col-25 elementor-top-column elementor-element elementor-element-0411235\" data-id=\"0411235\" data-element_type=\"column\" data-e-type=\"column\">\n\t\t\t<div class=\"elementor-widget-wrap elementor-element-populated\">\n\t\t\t\t\t\t<div class=\"elementor-element elementor-element-069e5ef elementor-widget elementor-widget-heading\" data-id=\"069e5ef\" data-element_type=\"widget\" data-e-type=\"widget\" data-widget_type=\"heading.default\">\n\t\t\t\t<div class=\"elementor-widget-container\">\n\t\t\t\t\t<h2 class=\"elementor-heading-title elementor-size-default\">Inflorescence<\/h2>\t\t\t\t<\/div>\n\t\t\t\t<\/div>\n\t\t\t\t<div class=\"elementor-element elementor-element-6879872 elementor-widget elementor-widget-text-editor\" data-id=\"6879872\" data-element_type=\"widget\" data-e-type=\"widget\" data-widget_type=\"text-editor.default\">\n\t\t\t\t<div class=\"elementor-widget-container\">\n\t\t\t\t\t\t\t\t\t<p>La floraison a lieu de juillet \u00e0 septembre, \u00e0 la fin de l\u2019\u00e9t\u00e9.<\/p><p>Les fleurs sont petites et ont la forme d&rsquo;une goutte d&rsquo;eau.<\/p><p>Elles sont blanch\u00e2tres et sont r\u00e9unies en grappes.<\/p>\t\t\t\t\t\t\t\t<\/div>\n\t\t\t\t<\/div>\n\t\t\t\t\t<\/div>\n\t\t<\/div>\n\t\t\t\t<div class=\"elementor-column elementor-col-25 elementor-top-column elementor-element elementor-element-c636ba8\" data-id=\"c636ba8\" data-element_type=\"column\" data-e-type=\"column\">\n\t\t\t<div class=\"elementor-widget-wrap elementor-element-populated\">\n\t\t\t\t\t\t<div class=\"elementor-element elementor-element-6f2bddc elementor-widget elementor-widget-image\" data-id=\"6f2bddc\" data-element_type=\"widget\" data-e-type=\"widget\" data-widget_type=\"image.default\">\n\t\t\t\t<div class=\"elementor-widget-container\">\n\t\t\t\t\t\t\t\t\t\t\t\t\t\t\t<img decoding=\"async\" src=\"http:\/\/cbrcr.org\/wp-content\/uploads\/2021\/06\/IMG_0235-585x295.jpg\" title=\"IMG_0235\" alt=\"IMG_0235\" loading=\"lazy\" \/>\t\t\t\t\t\t\t\t\t\t\t\t\t\t\t<\/div>\n\t\t\t\t<\/div>\n\t\t\t\t\t<\/div>\n\t\t<\/div>\n\t\t\t\t<div class=\"elementor-column elementor-col-25 elementor-top-column elementor-element elementor-element-fff6487\" data-id=\"fff6487\" data-element_type=\"column\" data-e-type=\"column\">\n\t\t\t<div class=\"elementor-widget-wrap elementor-element-populated\">\n\t\t\t\t\t\t<div class=\"elementor-element elementor-element-99f4d12 elementor-widget elementor-widget-heading\" data-id=\"99f4d12\" data-element_type=\"widget\" data-e-type=\"widget\" data-widget_type=\"heading.default\">\n\t\t\t\t<div class=\"elementor-widget-container\">\n\t\t\t\t\t<h2 class=\"elementor-heading-title elementor-size-default\">Feuilles<\/h2>\t\t\t\t<\/div>\n\t\t\t\t<\/div>\n\t\t\t\t<div class=\"elementor-element elementor-element-ff55b86 elementor-widget elementor-widget-text-editor\" data-id=\"ff55b86\" data-element_type=\"widget\" data-e-type=\"widget\" data-widget_type=\"text-editor.default\">\n\t\t\t\t<div class=\"elementor-widget-container\">\n\t\t\t\t\t\t\t\t\t<p>Les feuilles sont larges et triangulaires, leur extr\u00e9mit\u00e9 est pointue alors que la base est carr\u00e9e.<\/p><p>Elles mesurent de 7 \u00e0 15 cm de long par 5 \u00e0 12 cm de large.<\/p><p>Elles sont dispos\u00e9es en alternance le long de la tige et la base de la feuille qui l&rsquo;unit \u00e0 la tige, nomm\u00e9e le p\u00e9tiole, est rouge\u00e2tre.<\/p>\t\t\t\t\t\t\t\t<\/div>\n\t\t\t\t<\/div>\n\t\t\t\t\t<\/div>\n\t\t<\/div>\n\t\t\t\t\t<\/div>\n\t\t<\/section>\n\t\t\t\t<section class=\"elementor-section elementor-top-section elementor-element elementor-element-44c8d87 elementor-section-boxed elementor-section-height-default elementor-section-height-default\" data-id=\"44c8d87\" data-element_type=\"section\" data-e-type=\"section\">\n\t\t\t\t\t\t<div class=\"elementor-container elementor-column-gap-default\">\n\t\t\t\t\t<div class=\"elementor-column elementor-col-25 elementor-top-column elementor-element elementor-element-47db8dc\" data-id=\"47db8dc\" data-element_type=\"column\" data-e-type=\"column\">\n\t\t\t<div class=\"elementor-widget-wrap elementor-element-populated\">\n\t\t\t\t\t\t<div class=\"elementor-element elementor-element-eca996f elementor-widget elementor-widget-image\" data-id=\"eca996f\" data-element_type=\"widget\" data-e-type=\"widget\" data-widget_type=\"image.default\">\n\t\t\t\t<div class=\"elementor-widget-container\">\n\t\t\t\t\t\t\t\t\t\t\t\t\t\t\t<img decoding=\"async\" src=\"http:\/\/cbrcr.org\/wp-content\/uploads\/2021\/06\/IMG_0230-585x295.jpg\" title=\"IMG_0230\" alt=\"IMG_0230\" loading=\"lazy\" \/>\t\t\t\t\t\t\t\t\t\t\t\t\t\t\t<\/div>\n\t\t\t\t<\/div>\n\t\t\t\t\t<\/div>\n\t\t<\/div>\n\t\t\t\t<div class=\"elementor-column elementor-col-25 elementor-top-column elementor-element elementor-element-65129ec\" data-id=\"65129ec\" data-element_type=\"column\" data-e-type=\"column\">\n\t\t\t<div class=\"elementor-widget-wrap elementor-element-populated\">\n\t\t\t\t\t\t<div class=\"elementor-element elementor-element-a22bfaf elementor-widget elementor-widget-heading\" data-id=\"a22bfaf\" data-element_type=\"widget\" data-e-type=\"widget\" data-widget_type=\"heading.default\">\n\t\t\t\t<div class=\"elementor-widget-container\">\n\t\t\t\t\t<h2 class=\"elementor-heading-title elementor-size-default\">Tiges<\/h2>\t\t\t\t<\/div>\n\t\t\t\t<\/div>\n\t\t\t\t<div class=\"elementor-element elementor-element-9102263 elementor-widget elementor-widget-text-editor\" data-id=\"9102263\" data-element_type=\"widget\" data-e-type=\"widget\" data-widget_type=\"text-editor.default\">\n\t\t\t\t<div class=\"elementor-widget-container\">\n\t\t\t\t\t\t\t\t\t<p>Les tiges de la renou\u00e9e du Japon ressemblent \u00e0 des tiges de bambou.<\/p><p>Elles sont rondes, creuses et ont diam\u00e8tre de 1 \u00e0 2 cm.<\/p><p>Les tiges peuvent \u00eatre simples ou ramifi\u00e9es et elles portent des taches rouge-violet.<\/p>\t\t\t\t\t\t\t\t<\/div>\n\t\t\t\t<\/div>\n\t\t\t\t\t<\/div>\n\t\t<\/div>\n\t\t\t\t<div class=\"elementor-column elementor-col-25 elementor-top-column elementor-element elementor-element-a4efb50\" data-id=\"a4efb50\" data-element_type=\"column\" data-e-type=\"column\">\n\t\t\t<div class=\"elementor-widget-wrap elementor-element-populated\">\n\t\t\t\t\t\t<div class=\"elementor-element elementor-element-bc56888 elementor-widget elementor-widget-image\" data-id=\"bc56888\" data-element_type=\"widget\" data-e-type=\"widget\" data-widget_type=\"image.default\">\n\t\t\t\t<div class=\"elementor-widget-container\">\n\t\t\t\t\t\t\t\t\t\t\t\t\t\t\t<img decoding=\"async\" src=\"http:\/\/cbrcr.org\/wp-content\/uploads\/2021\/06\/fallopia-japonica-844620_1280-585x295.jpg\" title=\"fallopia-japonica-844620_1280\" alt=\"fallopia-japonica-844620_1280\" loading=\"lazy\" \/>\t\t\t\t\t\t\t\t\t\t\t\t\t\t\t<\/div>\n\t\t\t\t<\/div>\n\t\t\t\t\t<\/div>\n\t\t<\/div>\n\t\t\t\t<div class=\"elementor-column elementor-col-25 elementor-top-column elementor-element elementor-element-2a7605d\" data-id=\"2a7605d\" data-element_type=\"column\" data-e-type=\"column\">\n\t\t\t<div class=\"elementor-widget-wrap elementor-element-populated\">\n\t\t\t\t\t\t<div class=\"elementor-element elementor-element-c943a34 elementor-widget elementor-widget-heading\" data-id=\"c943a34\" data-element_type=\"widget\" data-e-type=\"widget\" data-widget_type=\"heading.default\">\n\t\t\t\t<div class=\"elementor-widget-container\">\n\t\t\t\t\t<h2 class=\"elementor-heading-title elementor-size-default\">Graines<\/h2>\t\t\t\t<\/div>\n\t\t\t\t<\/div>\n\t\t\t\t<div class=\"elementor-element elementor-element-59827d0 elementor-widget elementor-widget-text-editor\" data-id=\"59827d0\" data-element_type=\"widget\" data-e-type=\"widget\" data-widget_type=\"text-editor.default\">\n\t\t\t\t<div class=\"elementor-widget-container\">\n\t\t\t\t\t\t\t\t\t<p>Rapidement apr\u00e8s la floraison, de petits fruits ail\u00e9s sont form\u00e9s.<\/p><p>Les graines ont un aspect brillant et mesurent 0,3 cm de long.<\/p>\t\t\t\t\t\t\t\t<\/div>\n\t\t\t\t<\/div>\n\t\t\t\t\t<\/div>\n\t\t<\/div>\n\t\t\t\t\t<\/div>\n\t\t<\/section>\n\t\t\t\t<section class=\"elementor-section elementor-top-section elementor-element elementor-element-2184c25 elementor-section-boxed elementor-section-height-default elementor-section-height-default\" data-id=\"2184c25\" data-element_type=\"section\" data-e-type=\"section\">\n\t\t\t\t\t\t<div class=\"elementor-container elementor-column-gap-default\">\n\t\t\t\t\t<div class=\"elementor-column elementor-col-100 elementor-top-column elementor-element elementor-element-0a827ef\" data-id=\"0a827ef\" data-element_type=\"column\" data-e-type=\"column\">\n\t\t\t<div class=\"elementor-widget-wrap elementor-element-populated\">\n\t\t\t\t\t\t<div class=\"elementor-element elementor-element-b5b2ea1 elementor-widget elementor-widget-heading\" data-id=\"b5b2ea1\" data-element_type=\"widget\" data-e-type=\"widget\" data-widget_type=\"heading.default\">\n\t\t\t\t<div class=\"elementor-widget-container\">\n\t\t\t\t\t<h2 class=\"elementor-heading-title elementor-size-default\">Racine<\/h2>\t\t\t\t<\/div>\n\t\t\t\t<\/div>\n\t\t\t\t<div class=\"elementor-element elementor-element-16d31e9 elementor-widget elementor-widget-text-editor\" data-id=\"16d31e9\" data-element_type=\"widget\" data-e-type=\"widget\" data-widget_type=\"text-editor.default\">\n\t\t\t\t<div class=\"elementor-widget-container\">\n\t\t\t\t\t\t\t\t\t<p>Le syst\u00e8me racinaire est compos\u00e9 d&rsquo;un imposant r\u00e9seau de rhizomes pouvant atteindre plus de 2 m de profondeur et s&rsquo;entendre lat\u00e9ralement sur 7 m.<\/p><p>Un minuscule fragment de tige ou de rhizome peut donner naissance \u00e0 un nouveau plant !<\/p>\t\t\t\t\t\t\t\t<\/div>\n\t\t\t\t<\/div>\n\t\t\t\t\t<\/div>\n\t\t<\/div>\n\t\t\t\t\t<\/div>\n\t\t<\/section>\n\t\t\t\t<section class=\"elementor-section elementor-top-section elementor-element elementor-element-9f066c9 elementor-section-boxed elementor-section-height-default elementor-section-height-default\" data-id=\"9f066c9\" data-element_type=\"section\" data-e-type=\"section\">\n\t\t\t\t\t\t<div class=\"elementor-container elementor-column-gap-default\">\n\t\t\t\t\t<div class=\"elementor-column elementor-col-50 elementor-top-column elementor-element elementor-element-806f2a1\" data-id=\"806f2a1\" data-element_type=\"column\" data-e-type=\"column\">\n\t\t\t<div class=\"elementor-widget-wrap elementor-element-populated\">\n\t\t\t\t\t\t<div class=\"elementor-element elementor-element-e87d874 elementor-widget elementor-widget-heading\" data-id=\"e87d874\" data-element_type=\"widget\" data-e-type=\"widget\" data-widget_type=\"heading.default\">\n\t\t\t\t<div class=\"elementor-widget-container\">\n\t\t\t\t\t<h2 class=\"elementor-heading-title elementor-size-default\">Pourquoi est-elle une menace ?<\/h2>\t\t\t\t<\/div>\n\t\t\t\t<\/div>\n\t\t\t\t<div class=\"elementor-element elementor-element-2932be9 elementor-widget elementor-widget-text-editor\" data-id=\"2932be9\" data-element_type=\"widget\" data-e-type=\"widget\" data-widget_type=\"text-editor.default\">\n\t\t\t\t<div class=\"elementor-widget-container\">\n\t\t\t\t\t\t\t\t\t<p>La renou\u00e9e du Japon pousse t\u00f4t au printemps et sa croissance rapide lui permet de former des massifs monosp\u00e9cifiques qui cr\u00e9ent de l&rsquo;ombrage aux esp\u00e8ces indig\u00e8nes. Elle emp\u00eache les autres esp\u00e8ces de pousser, appauvrit la biodiversit\u00e9 et cause des dommages aux infrastructures (rhizomes pouvant percer de l\u2019asphalte). Sur les rives, elle limite l\u2019acc\u00e8s aux cours d\u2019eau et accro\u00eet les risques d\u2019inondation. De plus, son syst\u00e8me racinaire lib\u00e8rerait des toxines qui emp\u00eachent l&rsquo;\u00e9tablissement d&rsquo;autres v\u00e9g\u00e9taux.<\/p><p><strong>Notre objectif : l\u2019\u00e9limination d&rsquo;au moins 300 m2 de superficie, en plus de contr\u00f4ler sur 140 m2, l&rsquo;expansion des colonies qui ne peuvent pas \u00eatre \u00e9limin\u00e9es.<\/strong><\/p><p>Pour atteindre cet objectif, nos actions de lutte de 2021 \u00e0 2025 sont les suivantes :<\/p><ol><li style=\"list-style-type: none;\"><ol><li style=\"list-style-type: none;\"><ol><li>Des travaux de coupe et d\u2019extraction manuelle chaque ann\u00e9e. Les plants coup\u00e9s ou arrach\u00e9s sont plac\u00e9s dans des sacs \u00e0 ordures robustes et herm\u00e9tiques pour \u00e9viter la dispersion des graines et des rhizomes et jet\u00e9s aux ordures pour \u00eatre br\u00fbl\u00e9s.<\/li><li>Installation d\u2019une b\u00e2che sur un site pour au minimum un an, apr\u00e8s une fauche. La b\u00e2che permet de couper l\u2019apport en lumi\u00e8re au sol et d\u2019\u00e9touffer la plante pour inhiber sa croissance.<\/li><li>Rev\u00e9g\u00e9talisation des sites nouvellement d\u00e9nud\u00e9s avec des plantes indig\u00e8nes, \u00e0 partir de 2023.<\/li><li>Un suivi annuel jusqu\u2019en 2025 pour suivre l\u2019\u00e9volution des anciennes colonies et \u00e9liminer dans l\u2019imm\u00e9diat l\u2019apparition de nouvelles colonies.<\/li><\/ol><\/li><\/ol><\/li><\/ol>\t\t\t\t\t\t\t\t<\/div>\n\t\t\t\t<\/div>\n\t\t\t\t<div class=\"elementor-element elementor-element-b467e3f elementor-widget elementor-widget-heading\" data-id=\"b467e3f\" data-element_type=\"widget\" data-e-type=\"widget\" data-widget_type=\"heading.default\">\n\t\t\t\t<div class=\"elementor-widget-container\">\n\t\t\t\t\t<h2 class=\"elementor-heading-title elementor-size-default\">Comment pouvez-vous nous aider ?<\/h2>\t\t\t\t<\/div>\n\t\t\t\t<\/div>\n\t\t\t\t<div class=\"elementor-element elementor-element-82b7ddd elementor-widget elementor-widget-text-editor\" data-id=\"82b7ddd\" data-element_type=\"widget\" data-e-type=\"widget\" data-widget_type=\"text-editor.default\">\n\t\t\t\t<div class=\"elementor-widget-container\">\n\t\t\t\t\t\t\t\t\t<ul><li style=\"list-style-type: none;\"><ul><li style=\"list-style-type: none;\"><ul><li>Apprenez \u00e0 identifier la renou\u00e9e du Japon.<\/li><li>Cette esp\u00e8ce ne doit pas \u00eatre achet\u00e9e, cueillie ou plant\u00e9e.<\/li><li>Ne mettez pas les restes de renou\u00e9s dans votre composteur de jardin. Ils doivent \u00eatre plac\u00e9s dans des sacs \u00e0 ordures robustes et jet\u00e9s aux ordures pour \u00eatre br\u00fbl\u00e9s.<\/li><li>\u00c9vitez de la tondre ou de couper le plant avec une d\u00e9broussailleuse, car cela favorisera sa dispersion.<\/li><li>Si elle est d\u00e9j\u00e0 pr\u00e9sente dans votre jardin, \u00e9liminez-la le plus t\u00f4t possible.<\/li><\/ul><\/li><\/ul><\/li><\/ul>\t\t\t\t\t\t\t\t<\/div>\n\t\t\t\t<\/div>\n\t\t\t\t\t<\/div>\n\t\t<\/div>\n\t\t\t\t<div class=\"elementor-column elementor-col-50 elementor-top-column elementor-element elementor-element-de71398\" data-id=\"de71398\" data-element_type=\"column\" data-e-type=\"column\">\n\t\t\t<div class=\"elementor-widget-wrap elementor-element-populated\">\n\t\t\t\t\t\t<div class=\"elementor-element elementor-element-a6ad4b6 elementor-widget elementor-widget-image\" data-id=\"a6ad4b6\" data-element_type=\"widget\" data-e-type=\"widget\" data-widget_type=\"image.default\">\n\t\t\t\t<div class=\"elementor-widget-container\">\n\t\t\t\t\t\t\t\t\t\t\t\t\t\t\t\t<a href=\"http:\/\/cbrcr.org\/wp-content\/uploads\/2021\/11\/Affiche_renou%c3%a9e-du-japon_2021.pdf\" target=\"_blank\">\n\t\t\t\t\t\t\t<img fetchpriority=\"high\" decoding=\"async\" width=\"600\" height=\"886\" src=\"http:\/\/cbrcr.org\/wp-content\/uploads\/2021\/06\/Panneau.png\" class=\"attachment-full size-full wp-image-2658\" alt=\"\" srcset=\"http:\/\/cbrcr.org\/wp-content\/uploads\/2021\/06\/Panneau.png 600w, http:\/\/cbrcr.org\/wp-content\/uploads\/2021\/06\/Panneau-203x300.png 203w, http:\/\/cbrcr.org\/wp-content\/uploads\/2021\/06\/Panneau-350x517.png 350w\" sizes=\"100vw\" \/>\t\t\t\t\t\t\t\t<\/a>\n\t\t\t\t\t\t\t\t\t\t\t\t\t\t\t<\/div>\n\t\t\t\t<\/div>\n\t\t\t\t\t<\/div>\n\t\t<\/div>\n\t\t\t\t\t<\/div>\n\t\t<\/section>\n\t\t\t\t<section class=\"elementor-section elementor-top-section elementor-element elementor-element-ef4998d elementor-section-boxed elementor-section-height-default elementor-section-height-default\" data-id=\"ef4998d\" data-element_type=\"section\" data-e-type=\"section\">\n\t\t\t\t\t\t<div class=\"elementor-container elementor-column-gap-default\">\n\t\t\t\t\t<div class=\"elementor-column elementor-col-100 elementor-top-column elementor-element elementor-element-201493f\" data-id=\"201493f\" data-element_type=\"column\" data-e-type=\"column\">\n\t\t\t<div class=\"elementor-widget-wrap elementor-element-populated\">\n\t\t\t\t\t\t<div class=\"elementor-element elementor-element-5da213c elementor-align-center elementor-widget elementor-widget-button\" data-id=\"5da213c\" data-element_type=\"widget\" data-e-type=\"widget\" data-widget_type=\"button.default\">\n\t\t\t\t<div class=\"elementor-widget-container\">\n\t\t\t\t\t\t\t\t\t<div class=\"elementor-button-wrapper\">\n\t\t\t\t\t<a class=\"elementor-button elementor-button-link elementor-size-sm\" href=\"http:\/\/cbrcr.org\/index.php\/2021\/05\/11\/strategies-et-interventions-sur-les-plantes-exotiques-envahissantes-de-la-riviere-du-cap-rouge\/\" target=\"_blank\">\n\t\t\t\t\t\t<span class=\"elementor-button-content-wrapper\">\n\t\t\t\t\t\t\t\t\t<span class=\"elementor-button-text\">Pour en savoir plus<\/span>\n\t\t\t\t\t<\/span>\n\t\t\t\t\t<\/a>\n\t\t\t\t<\/div>\n\t\t\t\t\t\t\t\t<\/div>\n\t\t\t\t<\/div>\n\t\t\t\t\t<\/div>\n\t\t<\/div>\n\t\t\t\t\t<\/div>\n\t\t<\/section>\n\t\t\t\t<\/div>\n\t\t","protected":false},"excerpt":{"rendered":"<p>Au Qu\u00e9bec, la renou\u00e9e du Japon (Fallopia japonica), commun\u00e9ment appel\u00e9e bambou japonais, continue \u00e0 s\u2019implanter. C\u2019est une plante envahissante qui provient de l\u2019Asie orientale et introduite en Am\u00e9rique du Nord comme esp\u00e8ce ornementale dans les ann\u00e9es 1900. \u00c0 premi\u00e8re vue, sa croissance rapide et ses jolies grappes de fleurs blanches en font une esp\u00e8ce de &hellip; <\/p>\n<p class=\"link-more\"><a href=\"http:\/\/cbrcr.org\/index.php\/renouee-du-japon\/\" class=\"more-link\">Continuer la lecture<span class=\"screen-reader-text\"> de &laquo; Renou\u00e9e du Japon &raquo;<\/span><\/a><\/p>\n","protected":false},"author":1,"featured_media":0,"parent":0,"menu_order":0,"comment_status":"closed","ping_status":"closed","template":"","meta":{"inline_featured_image":false,"footnotes":""},"class_list":["post-629","page","type-page","status-publish","hentry"],"publishpress_future_action":{"enabled":false,"date":"2026-05-07 05:02:55","action":"change-status","newStatus":"draft","terms":[],"taxonomy":"","extraData":[]},"publishpress_future_workflow_manual_trigger":{"enabledWorkflows":[]},"_links":{"self":[{"href":"http:\/\/cbrcr.org\/index.php\/wp-json\/wp\/v2\/pages\/629","targetHints":{"allow":["GET"]}}],"collection":[{"href":"http:\/\/cbrcr.org\/index.php\/wp-json\/wp\/v2\/pages"}],"about":[{"href":"http:\/\/cbrcr.org\/index.php\/wp-json\/wp\/v2\/types\/page"}],"author":[{"embeddable":true,"href":"http:\/\/cbrcr.org\/index.php\/wp-json\/wp\/v2\/users\/1"}],"replies":[{"embeddable":true,"href":"http:\/\/cbrcr.org\/index.php\/wp-json\/wp\/v2\/comments?post=629"}],"version-history":[{"count":38,"href":"http:\/\/cbrcr.org\/index.php\/wp-json\/wp\/v2\/pages\/629\/revisions"}],"predecessor-version":[{"id":3970,"href":"http:\/\/cbrcr.org\/index.php\/wp-json\/wp\/v2\/pages\/629\/revisions\/3970"}],"wp:attachment":[{"href":"http:\/\/cbrcr.org\/index.php\/wp-json\/wp\/v2\/media?parent=629"}],"curies":[{"name":"wp","href":"https:\/\/api.w.org\/{rel}","templated":true}]}}