{"id":1333,"date":"2021-05-10T10:47:15","date_gmt":"2021-05-10T15:47:15","guid":{"rendered":"http:\/\/cbrcr.org\/?page_id=1333"},"modified":"2025-12-07T09:32:58","modified_gmt":"2025-12-07T14:32:58","slug":"equipe-de-travail","status":"publish","type":"page","link":"https:\/\/cbrcr.org\/index.php\/equipe-de-travail\/","title":{"rendered":"\u00c9quipe de travail"},"content":{"rendered":"\t\t<div data-elementor-type=\"wp-page\" data-elementor-id=\"1333\" class=\"elementor elementor-1333\" data-elementor-post-type=\"page\">\n\t\t\t\t\t\t<section class=\"elementor-section elementor-top-section elementor-element elementor-element-202f8ee9 elementor-section-boxed elementor-section-height-default elementor-section-height-default\" data-id=\"202f8ee9\" data-element_type=\"section\" data-e-type=\"section\" data-settings=\"{&quot;background_background&quot;:&quot;classic&quot;}\">\n\t\t\t\t\t\t\t<div class=\"elementor-background-overlay\"><\/div>\n\t\t\t\t\t\t\t<div class=\"elementor-container elementor-column-gap-default\">\n\t\t\t\t\t<div class=\"elementor-column elementor-col-100 elementor-top-column elementor-element elementor-element-24174ce5\" data-id=\"24174ce5\" data-element_type=\"column\" data-e-type=\"column\">\n\t\t\t<div class=\"elementor-widget-wrap elementor-element-populated\">\n\t\t\t\t\t\t<div class=\"elementor-element elementor-element-3671e500 elementor-widget elementor-widget-heading\" data-id=\"3671e500\" data-element_type=\"widget\" data-e-type=\"widget\" data-widget_type=\"heading.default\">\n\t\t\t\t<div class=\"elementor-widget-container\">\n\t\t\t\t\t<h2 class=\"elementor-heading-title elementor-size-default\">Notre \u00e9quipe en 2025<\/h2>\t\t\t\t<\/div>\n\t\t\t\t<\/div>\n\t\t\t\t\t<\/div>\n\t\t<\/div>\n\t\t\t\t\t<\/div>\n\t\t<\/section>\n\t\t\t\t<section class=\"elementor-section elementor-top-section elementor-element elementor-element-eaf25c1 elementor-section-boxed elementor-section-height-default elementor-section-height-default\" data-id=\"eaf25c1\" data-element_type=\"section\" data-e-type=\"section\">\n\t\t\t\t\t\t<div class=\"elementor-container elementor-column-gap-default\">\n\t\t\t\t\t<div class=\"elementor-column elementor-col-100 elementor-top-column elementor-element elementor-element-6eb9ca0\" data-id=\"6eb9ca0\" data-element_type=\"column\" data-e-type=\"column\">\n\t\t\t<div class=\"elementor-widget-wrap elementor-element-populated\">\n\t\t\t\t\t\t<div class=\"elementor-element elementor-element-05bcb5c elementor-widget elementor-widget-image\" data-id=\"05bcb5c\" data-element_type=\"widget\" data-e-type=\"widget\" data-widget_type=\"image.default\">\n\t\t\t\t<div class=\"elementor-widget-container\">\n\t\t\t\t\t\t\t\t\t\t\t\t\t\t\t<img decoding=\"async\" src=\"https:\/\/cbrcr.org\/wp-content\/uploads\/2025\/12\/Equipe-CBRCR-2025.jpg\" title=\"\u00c9quipe CBRCR 2025\" alt=\"\u00c9quipe CBRCR 2025\" loading=\"lazy\" \/>\t\t\t\t\t\t\t\t\t\t\t\t\t\t\t<\/div>\n\t\t\t\t<\/div>\n\t\t\t\t\t<\/div>\n\t\t<\/div>\n\t\t\t\t\t<\/div>\n\t\t<\/section>\n\t\t\t\t<section class=\"elementor-section elementor-top-section elementor-element elementor-element-ccfbe00 elementor-section-boxed elementor-section-height-default elementor-section-height-default\" data-id=\"ccfbe00\" data-element_type=\"section\" data-e-type=\"section\">\n\t\t\t\t\t\t<div class=\"elementor-container elementor-column-gap-default\">\n\t\t\t\t\t<div class=\"elementor-column elementor-col-100 elementor-top-column elementor-element elementor-element-bce78e6\" data-id=\"bce78e6\" data-element_type=\"column\" data-e-type=\"column\">\n\t\t\t<div class=\"elementor-widget-wrap elementor-element-populated\">\n\t\t\t\t\t\t<div class=\"elementor-element elementor-element-7961a51 elementor-widget elementor-widget-text-editor\" data-id=\"7961a51\" data-element_type=\"widget\" data-e-type=\"widget\" data-widget_type=\"text-editor.default\">\n\t\t\t\t<div class=\"elementor-widget-container\">\n\t\t\t\t\t\t\t\t\t<p style=\"text-align: center;\"><span style=\"color: black;\" data-olk-copy-source=\"MessageBody\">L\u2019\u00e9quipe de travail 2025 se compose de : <strong>Laurier C\u00f4t\u00e9<\/strong>, <em>directeur g\u00e9n\u00e9ral<\/em>, <strong>David Auclair<\/strong>, <em>responsable des sentiers<\/em>, <strong>Nathan Gagn\u00e9<\/strong>, <em>charg\u00e9 de projet<\/em>,\u00a0<\/span><span style=\"color: black;\"><strong>Alexandra Raymond<\/strong>, <em>\u00e9tudiante\/stagiaire<\/em>, <strong>Fr\u00e9d\u00e9ric Ouellet<\/strong>, <em>\u00e9tudiant<\/em>, <strong>\u00a0Thomas X. Laurent<\/strong>, <em>\u00e9tudiant<\/em>.<\/span><\/p>\t\t\t\t\t\t\t\t<\/div>\n\t\t\t\t<\/div>\n\t\t\t\t\t<\/div>\n\t\t<\/div>\n\t\t\t\t\t<\/div>\n\t\t<\/section>\n\t\t\t\t<\/div>\n\t\t","protected":false},"excerpt":{"rendered":"<p>Notre \u00e9quipe en 2025 L\u2019\u00e9quipe de travail 2025 se compose de : Laurier C\u00f4t\u00e9, directeur g\u00e9n\u00e9ral, David Auclair, responsable des sentiers, Nathan Gagn\u00e9, charg\u00e9 de projet,\u00a0Alexandra Raymond, \u00e9tudiante\/stagiaire, Fr\u00e9d\u00e9ric Ouellet, \u00e9tudiant, \u00a0Thomas X. Laurent, \u00e9tudiant.<\/p>\n","protected":false},"author":1,"featured_media":0,"parent":0,"menu_order":0,"comment_status":"closed","ping_status":"closed","template":"","meta":{"inline_featured_image":false,"footnotes":""},"class_list":["post-1333","page","type-page","status-publish","hentry"],"publishpress_future_action":{"enabled":false,"date":"2026-05-07 11:24:13","action":"change-status","newStatus":"draft","terms":[],"taxonomy":"","extraData":[]},"publishpress_future_workflow_manual_trigger":{"enabledWorkflows":[]},"_links":{"self":[{"href":"https:\/\/cbrcr.org\/index.php\/wp-json\/wp\/v2\/pages\/1333","targetHints":{"allow":["GET"]}}],"collection":[{"href":"https:\/\/cbrcr.org\/index.php\/wp-json\/wp\/v2\/pages"}],"about":[{"href":"https:\/\/cbrcr.org\/index.php\/wp-json\/wp\/v2\/types\/page"}],"author":[{"embeddable":true,"href":"https:\/\/cbrcr.org\/index.php\/wp-json\/wp\/v2\/users\/1"}],"replies":[{"embeddable":true,"href":"https:\/\/cbrcr.org\/index.php\/wp-json\/wp\/v2\/comments?post=1333"}],"version-history":[{"count":229,"href":"https:\/\/cbrcr.org\/index.php\/wp-json\/wp\/v2\/pages\/1333\/revisions"}],"predecessor-version":[{"id":6614,"href":"https:\/\/cbrcr.org\/index.php\/wp-json\/wp\/v2\/pages\/1333\/revisions\/6614"}],"wp:attachment":[{"href":"https:\/\/cbrcr.org\/index.php\/wp-json\/wp\/v2\/media?parent=1333"}],"curies":[{"name":"wp","href":"https:\/\/api.w.org\/{rel}","templated":true}]}}