{"id":1658,"date":"2021-05-18T10:47:34","date_gmt":"2021-05-18T15:47:34","guid":{"rendered":"http:\/\/cbrcr.org\/?page_id=1658"},"modified":"2023-01-19T15:18:55","modified_gmt":"2023-01-19T20:18:55","slug":"membres-et-administrateurs","status":"publish","type":"page","link":"https:\/\/cbrcr.org\/index.php\/membres-et-administrateurs\/","title":{"rendered":"Membres et administrateurs"},"content":{"rendered":"\t\t<div data-elementor-type=\"wp-page\" data-elementor-id=\"1658\" class=\"elementor elementor-1658\" data-elementor-post-type=\"page\">\n\t\t\t\t\t\t<section class=\"elementor-section elementor-top-section elementor-element elementor-element-03dcb82 elementor-section-boxed elementor-section-height-default elementor-section-height-default\" data-id=\"03dcb82\" data-element_type=\"section\" data-e-type=\"section\">\n\t\t\t\t\t\t<div class=\"elementor-container elementor-column-gap-default\">\n\t\t\t\t\t<div class=\"elementor-column elementor-col-100 elementor-top-column elementor-element elementor-element-9ddca86\" data-id=\"9ddca86\" data-element_type=\"column\" data-e-type=\"column\">\n\t\t\t<div class=\"elementor-widget-wrap elementor-element-populated\">\n\t\t\t\t\t\t<div class=\"elementor-element elementor-element-b6514c5 elementor-tabs-view-horizontal elementor-widget elementor-widget-tabs\" data-id=\"b6514c5\" data-element_type=\"widget\" data-e-type=\"widget\" data-widget_type=\"tabs.default\">\n\t\t\t\t<div class=\"elementor-widget-container\">\n\t\t\t\t\t\t\t<div class=\"elementor-tabs\">\n\t\t\t<div class=\"elementor-tabs-wrapper\" role=\"tablist\" >\n\t\t\t\t\t\t\t\t\t<div id=\"elementor-tab-title-1911\" class=\"elementor-tab-title elementor-tab-desktop-title\" aria-selected=\"true\" data-tab=\"1\" role=\"tab\" tabindex=\"0\" aria-controls=\"elementor-tab-content-1911\" aria-expanded=\"false\">Les membres<\/div>\n\t\t\t\t\t\t\t\t\t<div id=\"elementor-tab-title-1912\" class=\"elementor-tab-title elementor-tab-desktop-title\" aria-selected=\"false\" data-tab=\"2\" role=\"tab\" tabindex=\"-1\" aria-controls=\"elementor-tab-content-1912\" aria-expanded=\"false\">Le conseil d'administration<\/div>\n\t\t\t\t\t\t\t\t\t<div id=\"elementor-tab-title-1913\" class=\"elementor-tab-title elementor-tab-desktop-title\" aria-selected=\"false\" data-tab=\"3\" role=\"tab\" tabindex=\"-1\" aria-controls=\"elementor-tab-content-1913\" aria-expanded=\"false\">Le comit\u00e9 de direction<\/div>\n\t\t\t\t\t\t\t<\/div>\n\t\t\t<div class=\"elementor-tabs-content-wrapper\" role=\"tablist\" aria-orientation=\"vertical\">\n\t\t\t\t\t\t\t\t\t<div class=\"elementor-tab-title elementor-tab-mobile-title\" aria-selected=\"true\" data-tab=\"1\" role=\"tab\" tabindex=\"0\" aria-controls=\"elementor-tab-content-1911\" aria-expanded=\"false\">Les membres<\/div>\n\t\t\t\t\t<div id=\"elementor-tab-content-1911\" class=\"elementor-tab-content elementor-clearfix\" data-tab=\"1\" role=\"tabpanel\" aria-labelledby=\"elementor-tab-title-1911\" tabindex=\"0\" hidden=\"false\"><h3 style=\"box-sizing: inherit;\"><span style=\"box-sizing: inherit; color: #000080;\"><span style=\"box-sizing: inherit; font-weight: bold;\">Assembl\u00e9e des membres<\/span><\/span><\/h3>\n<h6 style=\"box-sizing: inherit;\"><span style=\"box-sizing: inherit;\">&nbsp;<\/span>Voici les documents disponibles pour l\u2019assembl\u00e9e annuelle de 2020 :<\/h6>\n<p style=\"box-sizing: inherit;\"><span style=\"box-sizing: inherit; color: #339966;\"><a style=\"box-sizing: inherit; color: #339966; box-shadow: #0f0f0f 0px -1px 0px inset;\" href=\"http:\/\/cbrcr.org\/wp-content\/uploads\/2020\/06\/CBRCR-Projet-dordre-du-jour-AA-2020.pdf\">Ordre du jour 2020<\/a><\/span><\/p>\n<p style=\"box-sizing: inherit;\"><span style=\"box-sizing: inherit; color: #339966;\"><a style=\"box-sizing: inherit; color: #339966; box-shadow: #0f0f0f 0px -1px 0px inset;\" href=\"http:\/\/cbrcr.org\/wp-content\/uploads\/2020\/06\/Fiche-conf%C3%A9rence-Sylvie-Verreault-18-juin.pdf\">Conf\u00e9rence de Mme Sylvie Verreault<\/a><\/span><\/p>\n<p style=\"box-sizing: inherit;\"><span style=\"box-sizing: inherit; color: #339966;\"><a style=\"box-sizing: inherit; color: #339966; box-shadow: #0f0f0f 0px -1px 0px inset;\" href=\"http:\/\/cbrcr.org\/wp-content\/uploads\/2020\/11\/CBRCR-PV-Assembl%C3%A9e-annuelle-2019.corr12.10.2020.pdf\">Proc\u00e8s-verbal de la quinzi\u00e8me assembl\u00e9e annuelle (28 mars 2019)<\/a><\/span><\/p>\n<hr style=\"box-sizing: content-box; background-color: #bbbbbb; margin-bottom: 1.5em;\">\n<p style=\"box-sizing: inherit;\">L\u2019assembl\u00e9e annuelle des membres est l\u2019occasion pour toutes les personnes int\u00e9ress\u00e9es par les activit\u00e9s du CBRCR de rencontrer les administrateurs et de prendre connaissance :<\/p>\n<ul style=\"box-sizing: inherit;\">\n<li style=\"box-sizing: inherit;\">de la mission du CBRCR<\/li>\n<li style=\"box-sizing: inherit;\">du rapport des activit\u00e9s et des \u00e9tats financiers, des orientations strat\u00e9giques, du plan d\u2019action et des pr\u00e9visions budg\u00e9taires de l\u2019ann\u00e9e en cours<\/li>\n<li style=\"box-sizing: inherit;\">de la nomination du membre bienfaiteur de l\u2019ann\u00e9e, s\u2019il y a lieu<\/li>\n<li style=\"box-sizing: inherit;\">des nouveaux administrateurs \u00e9lus.<\/li>\n<\/ul>\n<p style=\"box-sizing: inherit;\">Chaque assembl\u00e9e permet aussi \u00e0 de nouvelles personnes de devenir des membres r\u00e9guliers du CBRCR. Onze assembl\u00e9es annuelles ont marqu\u00e9 la progression du CBRCR depuis que le projet de mettre sur pied un organisme de bassin versant a \u00e9t\u00e9 lanc\u00e9 en 2001.<\/p>\n<p style=\"box-sizing: inherit;\">L\u2019assembl\u00e9e g\u00e9n\u00e9rale de fondation a eu lieu le 3 d\u00e9cembre 2003 et r\u00e9unissait des personnes repr\u00e9sentatives des secteurs communautaire, \u00e9conomique, municipal et gouvernemental. Elle a permis l\u2019adoption des r\u00e8glements g\u00e9n\u00e9raux et l\u2019\u00e9lection d\u2019un premier conseil d\u2019administration.<br style=\"box-sizing: inherit;\">Dates des autres assembl\u00e9es annuelles qui ont suivi par la suite:<\/p>\n<ul style=\"box-sizing: inherit;\">\n<li style=\"box-sizing: inherit;\">le 10 mars 2005<\/li>\n<li style=\"box-sizing: inherit;\">le 14 mars 2006<\/li>\n<li style=\"box-sizing: inherit;\">le 15 mars 2007<\/li>\n<li style=\"box-sizing: inherit;\">le 20 mars 2008<\/li>\n<li style=\"box-sizing: inherit;\">le 26 mars 2009<\/li>\n<li style=\"box-sizing: inherit;\">le 25 mars 2010<\/li>\n<li style=\"box-sizing: inherit;\">le 24 mars 2011<\/li>\n<li style=\"box-sizing: inherit;\">le 21 mars 2013<\/li>\n<li style=\"box-sizing: inherit;\">le 27 mars 2014<\/li>\n<li style=\"box-sizing: inherit;\">le 26 mars 2015<\/li>\n<li style=\"box-sizing: inherit;\">le 31 mars 2016<\/li>\n<li style=\"box-sizing: inherit;\">le 23 mars 2017<\/li>\n<li style=\"box-sizing: inherit;\">le 22 mars 2018<\/li>\n<li style=\"box-sizing: inherit;\">le 28 mars 2019<\/li>\n<li style=\"box-sizing: inherit;\">le 18 juin 2020<\/li>\n<\/ul><\/div>\n\t\t\t\t\t\t\t\t\t<div class=\"elementor-tab-title elementor-tab-mobile-title\" aria-selected=\"false\" data-tab=\"2\" role=\"tab\" tabindex=\"-1\" aria-controls=\"elementor-tab-content-1912\" aria-expanded=\"false\">Le conseil d'administration<\/div>\n\t\t\t\t\t<div id=\"elementor-tab-content-1912\" class=\"elementor-tab-content elementor-clearfix\" data-tab=\"2\" role=\"tabpanel\" aria-labelledby=\"elementor-tab-title-1912\" tabindex=\"0\" hidden=\"hidden\"><div style=\"box-sizing: inherit;\"><div style=\"box-sizing: inherit;\"><div style=\"box-sizing: inherit;\"><p><span style=\"color: #000080; font-size: 1.125rem;\">Administration<\/span><\/p><p>\u00a0<\/p><article style=\"box-sizing: inherit;\"><div style=\"box-sizing: inherit;\"><p style=\"box-sizing: inherit;\">Le conseil d\u2019administration est constitu\u00e9 de membres r\u00e9guliers du CBRCR qui ont \u00e9t\u00e9 \u00e9lus par l\u2019assembl\u00e9e annuelle des membres dans le cas des repr\u00e9sentants des secteurs communautaire et \u00e9conomique ou qui ont \u00e9t\u00e9 nomm\u00e9s par leur organisation dans le cas des repr\u00e9sentants du secteur municipal.<br style=\"box-sizing: inherit;\" \/>Le secteur gouvernemental d\u00e9signe \u00e9galement des repr\u00e9sentants qui y jouent un r\u00f4le conseil.<br style=\"box-sizing: inherit;\" \/>Des membres r\u00e9guliers peuvent aussi \u00eatre coopt\u00e9s au conseil d\u2019administration afin de combler des postes vacants et d\u2019y assurer une juste repr\u00e9sentativit\u00e9 du bassin versant.<br style=\"box-sizing: inherit;\" \/>Pour l\u2019exercice 2020-2021, les membres du conseil d\u2019administration sont :<\/p><h6 style=\"box-sizing: inherit;\"><span style=\"box-sizing: inherit;\"><span style=\"box-sizing: inherit; color: #339966;\">Secteur communautaire :<\/span><\/span><\/h6><ul style=\"box-sizing: inherit;\"><li style=\"box-sizing: inherit;\">Vincent Audet (Citoyen)<\/li><li style=\"box-sizing: inherit;\">Monique B\u00e9land (Citoyenne)<\/li><li style=\"box-sizing: inherit;\">Maxime Fortin (Citoyen)<\/li><li style=\"box-sizing: inherit;\">Isabelle Gagnon (Citoyenne)<\/li><li>Denis Isabelle (Citoyen)<\/li><li style=\"box-sizing: inherit;\">Michel Lagac\u00e9 (Citoyen)<\/li><li style=\"box-sizing: inherit;\">Roch Maltais (Citoyen)<\/li><li style=\"box-sizing: inherit;\">Alain Schreiber (Citoyen)<\/li><li style=\"box-sizing: inherit;\">Normand Villeneuve (Citoyen)<\/li><\/ul><h6 style=\"box-sizing: inherit;\"><span style=\"box-sizing: inherit; color: #339966;\">Secteur \u00e9conomique :<\/span><\/h6><ul style=\"box-sizing: inherit;\"><li style=\"box-sizing: inherit;\">Vital Boul\u00e9 \u2013 Entreprise de services en environnement<\/li><li style=\"box-sizing: inherit;\">Gabriel Lalancette \u2013 Entreprise agricole<\/li><\/ul><h6 style=\"box-sizing: inherit;\"><span style=\"box-sizing: inherit; color: #339966;\">Secteur municipal :<\/span><\/h6><ul style=\"box-sizing: inherit;\"><li style=\"box-sizing: inherit;\">Anne Corriveau \u2013 Ville de Qu\u00e9bec<\/li><li style=\"box-sizing: inherit;\">Marie-Jos\u00e9e Savard \u2013 Ville de Qu\u00e9bec<\/li><li style=\"box-sizing: inherit;\">Vacant \u2013 Ville de Saint-Augustin-de-Desmaures<\/li><\/ul><h6 style=\"box-sizing: inherit;\"><span style=\"box-sizing: inherit; color: #339966;\">Secteur gouvernemental et institutionnel* :<\/span><\/h6><ul style=\"box-sizing: inherit;\"><li style=\"box-sizing: inherit;\">Mustapha Eddib, Minist\u00e8re de l\u2019Agriculture, des P\u00eacheries et de l\u2019Alimentation<\/li><li style=\"box-sizing: inherit;\">Martin Lafrance, Minist\u00e8re des Transports<\/li><li style=\"box-sizing: inherit;\">Sarah Brousseau-Trudel, Minist\u00e8re de l\u2019Agriculture, P\u00eacheries et Alimentation<\/li><li style=\"box-sizing: inherit;\">Vacant &#8211; Ville de Saint-Augustin-de-Desmaures<\/li><\/ul><p style=\"box-sizing: inherit;\">*Les membres de ce dernier secteur n\u2019ont pas le droit de vote.<\/p><\/div><\/article><\/div><\/div><\/div><\/div>\n\t\t\t\t\t\t\t\t\t<div class=\"elementor-tab-title elementor-tab-mobile-title\" aria-selected=\"false\" data-tab=\"3\" role=\"tab\" tabindex=\"-1\" aria-controls=\"elementor-tab-content-1913\" aria-expanded=\"false\">Le comit\u00e9 de direction<\/div>\n\t\t\t\t\t<div id=\"elementor-tab-content-1913\" class=\"elementor-tab-content elementor-clearfix\" data-tab=\"3\" role=\"tabpanel\" aria-labelledby=\"elementor-tab-title-1913\" tabindex=\"0\" hidden=\"hidden\"><h6>Comit\u00e9 de direction<\/h6><p>Le conseil d\u2019administration a \u00e9lu quatre des siens pour former le comit\u00e9 de direction. Ensemble, ces derniers ont pour fonction de voir \u00e0 la gestion des affaires courantes du CBRCR.<br \/>Pour l\u2019exercice 2020-2021, les membres du comit\u00e9 de direction sont :<\/p><ul><li>Normand Villeneuve \u2013 Pr\u00e9sident<\/li><li>Alain Schreiber \u2013 Vice-pr\u00e9sident<\/li><li>Roch Maltais \u2013 Secr\u00e9taire<\/li><li>Monique B\u00e9land \u2013 Tr\u00e9sori\u00e8re<\/li><\/ul><\/div>\n\t\t\t\t\t\t\t<\/div>\n\t\t<\/div>\n\t\t\t\t\t\t<\/div>\n\t\t\t\t<\/div>\n\t\t\t\t\t<\/div>\n\t\t<\/div>\n\t\t\t\t\t<\/div>\n\t\t<\/section>\n\t\t\t\t<section class=\"elementor-section elementor-top-section elementor-element elementor-element-abd27fa elementor-section-boxed elementor-section-height-default elementor-section-height-default\" data-id=\"abd27fa\" data-element_type=\"section\" data-e-type=\"section\">\n\t\t\t\t\t\t<div class=\"elementor-container elementor-column-gap-default\">\n\t\t\t\t\t<div class=\"elementor-column elementor-col-100 elementor-top-column elementor-element elementor-element-961cb62\" data-id=\"961cb62\" data-element_type=\"column\" data-e-type=\"column\">\n\t\t\t<div class=\"elementor-widget-wrap elementor-element-populated\">\n\t\t\t\t\t\t<div class=\"elementor-element elementor-element-b395711 elementor-widget elementor-widget-heading\" data-id=\"b395711\" data-element_type=\"widget\" data-e-type=\"widget\" data-widget_type=\"heading.default\">\n\t\t\t\t<div class=\"elementor-widget-container\">\n\t\t\t\t\t<h2 class=\"elementor-heading-title elementor-size-default\">R\u00e9glements g\u00e9n\u00e9raux<\/h2>\t\t\t\t<\/div>\n\t\t\t\t<\/div>\n\t\t\t\t<div class=\"elementor-element elementor-element-defdb7f elementor-widget elementor-widget-text-editor\" data-id=\"defdb7f\" data-element_type=\"widget\" data-e-type=\"widget\" data-widget_type=\"text-editor.default\">\n\t\t\t\t<div class=\"elementor-widget-container\">\n\t\t\t\t\t\t\t\t\t<p>Les r\u00e8glements g\u00e9n\u00e9raux d\u00e9crivent les principales modalit\u00e9s d\u2019organisation et de fonctionnement du CBRCR (l\u2019Association).<\/p><p>Ils ont \u00e9t\u00e9 \u00e9labor\u00e9s et adopt\u00e9s dans le respect du cadre de r\u00e9f\u00e9rence de la Politique nationale de l\u2019eau.<br \/>Approuv\u00e9s par l\u2019assembl\u00e9e g\u00e9n\u00e9rale de fondation le 3 d\u00e9cembre 2003, ils ont \u00e9t\u00e9 modifi\u00e9s par l\u2019assembl\u00e9e annuelle des membres des 10 mars 2005, 14 mars 2006, 26 mars 2009, 24 mars 2011, le 29 mars 2012, le 28 mars 2019 et le 18 juin 2020.<\/p><h5><strong><a href=\"http:\/\/cbrcr.org\/wp-content\/uploads\/2020\/11\/CBRCR-R%C3%A8glements-g%C3%A9n%C3%A9raux_r%C3%A9v8oct2020.ssm_rev19octo20ssm.pdf\" target=\"_blank\" rel=\"noopener noreferrer\">\u00a0CBRCR \u2013 R\u00c8GLEMENTS G\u00c9N\u00c9RAUX 2020<\/a><\/strong><\/h5>\t\t\t\t\t\t\t\t<\/div>\n\t\t\t\t<\/div>\n\t\t\t\t\t<\/div>\n\t\t<\/div>\n\t\t\t\t\t<\/div>\n\t\t<\/section>\n\t\t\t\t<\/div>\n\t\t","protected":false},"excerpt":{"rendered":"<p>Les membres Le conseil d&rsquo;administration Le comit\u00e9 de direction Les membres Assembl\u00e9e des membres &nbsp;Voici les documents disponibles pour l\u2019assembl\u00e9e annuelle de 2020 : Ordre du jour 2020 Conf\u00e9rence de Mme Sylvie Verreault Proc\u00e8s-verbal de la quinzi\u00e8me assembl\u00e9e annuelle (28 mars 2019) L\u2019assembl\u00e9e annuelle des membres est l\u2019occasion pour toutes les personnes int\u00e9ress\u00e9es par les &hellip; <\/p>\n<p class=\"link-more\"><a href=\"https:\/\/cbrcr.org\/index.php\/membres-et-administrateurs\/\" class=\"more-link\">Continuer la lecture<span class=\"screen-reader-text\"> de &laquo; Membres et administrateurs &raquo;<\/span><\/a><\/p>\n","protected":false},"author":1,"featured_media":0,"parent":0,"menu_order":0,"comment_status":"closed","ping_status":"closed","template":"","meta":{"inline_featured_image":false,"footnotes":""},"class_list":["post-1658","page","type-page","status-publish","hentry"],"publishpress_future_action":{"enabled":false,"date":"2026-04-23 23:18:18","action":"change-status","newStatus":"draft","terms":[],"taxonomy":"","extraData":[]},"publishpress_future_workflow_manual_trigger":{"enabledWorkflows":[]},"_links":{"self":[{"href":"https:\/\/cbrcr.org\/index.php\/wp-json\/wp\/v2\/pages\/1658","targetHints":{"allow":["GET"]}}],"collection":[{"href":"https:\/\/cbrcr.org\/index.php\/wp-json\/wp\/v2\/pages"}],"about":[{"href":"https:\/\/cbrcr.org\/index.php\/wp-json\/wp\/v2\/types\/page"}],"author":[{"embeddable":true,"href":"https:\/\/cbrcr.org\/index.php\/wp-json\/wp\/v2\/users\/1"}],"replies":[{"embeddable":true,"href":"https:\/\/cbrcr.org\/index.php\/wp-json\/wp\/v2\/comments?post=1658"}],"version-history":[{"count":35,"href":"https:\/\/cbrcr.org\/index.php\/wp-json\/wp\/v2\/pages\/1658\/revisions"}],"predecessor-version":[{"id":5933,"href":"https:\/\/cbrcr.org\/index.php\/wp-json\/wp\/v2\/pages\/1658\/revisions\/5933"}],"wp:attachment":[{"href":"https:\/\/cbrcr.org\/index.php\/wp-json\/wp\/v2\/media?parent=1658"}],"curies":[{"name":"wp","href":"https:\/\/api.w.org\/{rel}","templated":true}]}}