{"id":1832,"date":"2021-05-18T08:55:51","date_gmt":"2021-05-18T13:55:51","guid":{"rendered":"http:\/\/cbrcr.org\/?page_id=1832"},"modified":"2026-01-17T11:34:39","modified_gmt":"2026-01-17T16:34:39","slug":"devenir-membre","status":"publish","type":"page","link":"https:\/\/cbrcr.org\/index.php\/devenir-membre\/","title":{"rendered":"Devenir membre"},"content":{"rendered":"\t\t<div data-elementor-type=\"wp-page\" data-elementor-id=\"1832\" class=\"elementor elementor-1832\" data-elementor-post-type=\"page\">\n\t\t\t\t\t\t<section class=\"elementor-section elementor-top-section elementor-element elementor-element-5191853f elementor-section-boxed elementor-section-height-default elementor-section-height-default\" data-id=\"5191853f\" data-element_type=\"section\" data-e-type=\"section\">\n\t\t\t\t\t\t<div class=\"elementor-container elementor-column-gap-default\">\n\t\t\t\t\t<div class=\"elementor-column elementor-col-100 elementor-top-column elementor-element elementor-element-1ff81a47\" data-id=\"1ff81a47\" data-element_type=\"column\" data-e-type=\"column\">\n\t\t\t<div class=\"elementor-widget-wrap elementor-element-populated\">\n\t\t\t\t\t\t<div class=\"elementor-element elementor-element-1d8a119c elementor-widget elementor-widget-text-editor\" data-id=\"1d8a119c\" data-element_type=\"widget\" data-e-type=\"widget\" data-widget_type=\"text-editor.default\">\n\t\t\t\t<div class=\"elementor-widget-container\">\n\t\t\t\t\t\t\t\t\t<p>La rivi\u00e8re du Cap Rouge occupe une place importante dans votre milieu de vie et vous aimeriez contribuer \u00e0 sa pr\u00e9servation ?<\/p><p><span style=\"color: var( --e-global-color-0ba0e91 ); font-family: var( --e-global-typography-867b43a-font-family ), Sans-serif; font-size: var( --e-global-typography-867b43a-font-size ); font-weight: var( --e-global-typography-867b43a-font-weight ); letter-spacing: var( --e-global-typography-867b43a-letter-spacing );\">Notre mission et nos projets vous inspirent ?<\/span><\/p><p><strong>Devenez membre du CBRCR !\u00a0<\/strong><\/p><p>En devenant membre, vous &#8230;<\/p><ul><li style=\"list-style-type: none;\"><ul><li style=\"list-style-type: none;\"><ul><li style=\"font-weight: 400;\" aria-level=\"1\">exprimez votre appui \u00e0 la conservation de la qualit\u00e9 du milieu naturel de la rivi\u00e8re du Cap Rouge ;<\/li><li style=\"font-weight: 400;\" aria-level=\"1\">pouvez participer \u00e0 l\u2019assembl\u00e9e g\u00e9n\u00e9rale annuelle (qui se tiendra le 26 mars 2025);<\/li><li style=\"font-weight: 400;\" aria-level=\"1\">devenez \u00e9ligible \u00e0 si\u00e9ger comme administrateur ;<\/li><li style=\"font-weight: 400;\" aria-level=\"1\">collaborez \u00e0 l\u2019\u00e9laboration de nos orientations et pouvez vous proposer comme b\u00e9n\u00e9vole.<\/li><\/ul><\/li><\/ul><\/li><\/ul><p><strong>Vous pouvez adh\u00e9rer en ligne en utilisant le formulaire Web ci-bas (plateforme Zeffy). Sinon vous pouvez aussi imprimer le formulaire PDF et nous l&rsquo;envoyer par la poste: <a href=\"http:\/\/cbrcr.org\/wp-content\/uploads\/2026\/01\/CBRCR-formulaire-cotisation-annuelle-2026.pdf\">\u00a0CBRCR formulaire cotisation 2026<\/a><\/strong><\/p>\t\t\t\t\t\t\t\t<\/div>\n\t\t\t\t<\/div>\n\t\t\t\t\t<\/div>\n\t\t<\/div>\n\t\t\t\t\t<\/div>\n\t\t<\/section>\n\t\t\t\t<section class=\"elementor-section elementor-top-section elementor-element elementor-element-fbc1b76 elementor-section-boxed elementor-section-height-default elementor-section-height-default\" data-id=\"fbc1b76\" data-element_type=\"section\" data-e-type=\"section\">\n\t\t\t\t\t\t<div class=\"elementor-container elementor-column-gap-default\">\n\t\t\t\t\t<div class=\"elementor-column elementor-col-50 elementor-top-column elementor-element elementor-element-86c62a6\" data-id=\"86c62a6\" data-element_type=\"column\" data-e-type=\"column\">\n\t\t\t<div class=\"elementor-widget-wrap elementor-element-populated\">\n\t\t\t\t\t\t<div class=\"elementor-element elementor-element-794939b elementor-widget elementor-widget-html\" data-id=\"794939b\" data-element_type=\"widget\" data-e-type=\"widget\" data-widget_type=\"html.default\">\n\t\t\t\t<div class=\"elementor-widget-container\">\n\t\t\t\t\t<div style=\"position:relative;overflow:hidden;height:1000px;width:100%;padding-top:500px;\"><iframe title='Donation form powered by Zeffy' style='position: absolute; border: 0; top:0;left:0;bottom:0;right:0;width:100%;height:100%' src='https:\/\/www.zeffy.com\/fr-CA\/ticketing\/cotisation-annuelle--2026' allowpaymentrequest allowTransparency=\"true\"><\/iframe><\/div>\t\t\t\t<\/div>\n\t\t\t\t<\/div>\n\t\t\t\t\t<\/div>\n\t\t<\/div>\n\t\t\t\t<div class=\"elementor-column elementor-col-50 elementor-top-column elementor-element elementor-element-e90b615\" data-id=\"e90b615\" data-element_type=\"column\" data-e-type=\"column\">\n\t\t\t<div class=\"elementor-widget-wrap\">\n\t\t\t\t\t\t\t<\/div>\n\t\t<\/div>\n\t\t\t\t\t<\/div>\n\t\t<\/section>\n\t\t\t\t<\/div>\n\t\t","protected":false},"excerpt":{"rendered":"<p>La rivi\u00e8re du Cap Rouge occupe une place importante dans votre milieu de vie et vous aimeriez contribuer \u00e0 sa pr\u00e9servation ? Notre mission et nos projets vous inspirent ? Devenez membre du CBRCR !\u00a0 En devenant membre, vous &#8230; exprimez votre appui \u00e0 la conservation de la qualit\u00e9 du milieu naturel de la rivi\u00e8re &hellip; <\/p>\n<p class=\"link-more\"><a href=\"https:\/\/cbrcr.org\/index.php\/devenir-membre\/\" class=\"more-link\">Continuer la lecture<span class=\"screen-reader-text\"> de &laquo; Devenir membre &raquo;<\/span><\/a><\/p>\n","protected":false},"author":1,"featured_media":0,"parent":0,"menu_order":0,"comment_status":"closed","ping_status":"closed","template":"","meta":{"inline_featured_image":false,"footnotes":""},"class_list":["post-1832","page","type-page","status-publish","hentry"],"publishpress_future_action":{"enabled":false,"date":"2026-05-18 05:12:28","action":"change-status","newStatus":"draft","terms":[],"taxonomy":"","extraData":[]},"publishpress_future_workflow_manual_trigger":{"enabledWorkflows":[]},"_links":{"self":[{"href":"https:\/\/cbrcr.org\/index.php\/wp-json\/wp\/v2\/pages\/1832","targetHints":{"allow":["GET"]}}],"collection":[{"href":"https:\/\/cbrcr.org\/index.php\/wp-json\/wp\/v2\/pages"}],"about":[{"href":"https:\/\/cbrcr.org\/index.php\/wp-json\/wp\/v2\/types\/page"}],"author":[{"embeddable":true,"href":"https:\/\/cbrcr.org\/index.php\/wp-json\/wp\/v2\/users\/1"}],"replies":[{"embeddable":true,"href":"https:\/\/cbrcr.org\/index.php\/wp-json\/wp\/v2\/comments?post=1832"}],"version-history":[{"count":121,"href":"https:\/\/cbrcr.org\/index.php\/wp-json\/wp\/v2\/pages\/1832\/revisions"}],"predecessor-version":[{"id":6685,"href":"https:\/\/cbrcr.org\/index.php\/wp-json\/wp\/v2\/pages\/1832\/revisions\/6685"}],"wp:attachment":[{"href":"https:\/\/cbrcr.org\/index.php\/wp-json\/wp\/v2\/media?parent=1832"}],"curies":[{"name":"wp","href":"https:\/\/api.w.org\/{rel}","templated":true}]}}