{"id":3487,"date":"2021-12-14T16:52:00","date_gmt":"2021-12-14T21:52:00","guid":{"rendered":"http:\/\/cbrcr.org\/?page_id=3487"},"modified":"2025-02-27T09:34:21","modified_gmt":"2025-02-27T14:34:21","slug":"missions","status":"publish","type":"page","link":"https:\/\/cbrcr.org\/index.php\/missions\/","title":{"rendered":"Missions"},"content":{"rendered":"\t\t<div data-elementor-type=\"wp-page\" data-elementor-id=\"3487\" class=\"elementor elementor-3487\" data-elementor-post-type=\"page\">\n\t\t\t\t\t\t<section class=\"elementor-section elementor-top-section elementor-element elementor-element-21b855e elementor-section-boxed elementor-section-height-default elementor-section-height-default\" data-id=\"21b855e\" data-element_type=\"section\" data-e-type=\"section\">\n\t\t\t\t\t\t<div class=\"elementor-container elementor-column-gap-default\">\n\t\t\t\t\t<div class=\"elementor-column elementor-col-100 elementor-top-column elementor-element elementor-element-6e234f4\" data-id=\"6e234f4\" data-element_type=\"column\" data-e-type=\"column\">\n\t\t\t<div class=\"elementor-widget-wrap elementor-element-populated\">\n\t\t\t\t\t\t<div class=\"elementor-element elementor-element-14241e4 elementor-widget__width-initial elementor-widget elementor-widget-text-editor\" data-id=\"14241e4\" data-element_type=\"widget\" data-e-type=\"widget\" data-widget_type=\"text-editor.default\">\n\t\t\t\t<div class=\"elementor-widget-container\">\n\t\t\t\t\t\t\t\t\t<p><strong>Notre mission<\/strong><strong>\u00a0<\/strong><\/p><p style=\"padding-left: 40px;\">Le CBRCR met en valeur la rivi\u00e8re du Cap Rouge et les milieux naturels de son bassin versant.<\/p><p><strong>Notre vision<\/strong><strong>\u00a0<\/strong><\/p><p style=\"padding-left: 40px;\">La rivi\u00e8re du Cap Rouge est un milieu naturel de qualit\u00e9, attrayant, et accessible pour les citoyens.<\/p><p style=\"padding-left: 40px;\">Le CBRCR est un leader reconnu et un acteur incontournable dans la mise en valeur de la rivi\u00e8re du Cap Rouge et des milieux naturels de son bassin versant.<\/p><p style=\"padding-left: 40px;\">Les citoyens adoptent un comportement responsable \u00e0 l\u2019\u00e9gard de la rivi\u00e8re.<\/p><p><strong>\u00a0<\/strong><\/p><p><strong>Nos valeurs<\/strong><strong>\u00a0<\/strong><\/p><p style=\"padding-left: 40px;\"><strong>Respect des personnes<\/strong><\/p><p style=\"padding-left: 80px;\">Le CBRCR favorise une approche respectueuse dans les relations interpersonnelles dans l\u2019ensemble de ses activit\u00e9s.<\/p><p style=\"padding-left: 40px;\"><strong>\u00c9coute<\/strong><\/p><p style=\"padding-left: 80px;\">Le CBRCR promeut une approche d\u2019\u00e9coute afin d\u2019enrichir son action.<\/p><p style=\"text-align: left; padding-left: 40px;\"><strong>Collaboration<\/strong><\/p><p style=\"padding-left: 80px;\">Le CBRCR privil\u00e9gie la collaboration avec les personnes et les organismes du milieu.<\/p><p style=\"padding-left: 40px;\"><strong>P\u00e9rennit\u00e9 et respect de l\u2019environnement<\/strong><\/p><p style=\"padding-left: 80px;\">Le CBRCR consid\u00e8re qu\u2019un environnement de qualit\u00e9 est essentiel afin de r\u00e9pondre aux besoins des g\u00e9n\u00e9rations actuelles et futures ainsi qu\u2019aux besoins des esp\u00e8ces animales et v\u00e9g\u00e9tales.<\/p>\t\t\t\t\t\t\t\t<\/div>\n\t\t\t\t<\/div>\n\t\t\t\t\t<\/div>\n\t\t<\/div>\n\t\t\t\t\t<\/div>\n\t\t<\/section>\n\t\t\t\t<\/div>\n\t\t","protected":false},"excerpt":{"rendered":"<p>Notre mission\u00a0 Le CBRCR met en valeur la rivi\u00e8re du Cap Rouge et les milieux naturels de son bassin versant. Notre vision\u00a0 La rivi\u00e8re du Cap Rouge est un milieu naturel de qualit\u00e9, attrayant, et accessible pour les citoyens. Le CBRCR est un leader reconnu et un acteur incontournable dans la mise en valeur de &hellip; <\/p>\n<p class=\"link-more\"><a href=\"https:\/\/cbrcr.org\/index.php\/missions\/\" class=\"more-link\">Continuer la lecture<span class=\"screen-reader-text\"> de &laquo; Missions &raquo;<\/span><\/a><\/p>\n","protected":false},"author":1,"featured_media":0,"parent":0,"menu_order":0,"comment_status":"closed","ping_status":"closed","template":"","meta":{"inline_featured_image":false,"footnotes":""},"class_list":["post-3487","page","type-page","status-publish","hentry"],"publishpress_future_action":{"enabled":false,"date":"2026-05-18 05:12:28","action":"change-status","newStatus":"draft","terms":[],"taxonomy":"","extraData":[]},"publishpress_future_workflow_manual_trigger":{"enabledWorkflows":[]},"_links":{"self":[{"href":"https:\/\/cbrcr.org\/index.php\/wp-json\/wp\/v2\/pages\/3487","targetHints":{"allow":["GET"]}}],"collection":[{"href":"https:\/\/cbrcr.org\/index.php\/wp-json\/wp\/v2\/pages"}],"about":[{"href":"https:\/\/cbrcr.org\/index.php\/wp-json\/wp\/v2\/types\/page"}],"author":[{"embeddable":true,"href":"https:\/\/cbrcr.org\/index.php\/wp-json\/wp\/v2\/users\/1"}],"replies":[{"embeddable":true,"href":"https:\/\/cbrcr.org\/index.php\/wp-json\/wp\/v2\/comments?post=3487"}],"version-history":[{"count":52,"href":"https:\/\/cbrcr.org\/index.php\/wp-json\/wp\/v2\/pages\/3487\/revisions"}],"predecessor-version":[{"id":6542,"href":"https:\/\/cbrcr.org\/index.php\/wp-json\/wp\/v2\/pages\/3487\/revisions\/6542"}],"wp:attachment":[{"href":"https:\/\/cbrcr.org\/index.php\/wp-json\/wp\/v2\/media?parent=3487"}],"curies":[{"name":"wp","href":"https:\/\/api.w.org\/{rel}","templated":true}]}}