{"id":3507,"date":"2021-12-14T16:51:21","date_gmt":"2021-12-14T21:51:21","guid":{"rendered":"http:\/\/cbrcr.org\/?page_id=3507"},"modified":"2025-12-07T09:40:52","modified_gmt":"2025-12-07T14:40:52","slug":"administrateurs","status":"publish","type":"page","link":"https:\/\/cbrcr.org\/index.php\/administrateurs\/","title":{"rendered":"Administrateurs"},"content":{"rendered":"\t\t<div data-elementor-type=\"wp-page\" data-elementor-id=\"3507\" class=\"elementor elementor-3507\" data-elementor-post-type=\"page\">\n\t\t\t\t\t\t<section class=\"elementor-section elementor-top-section elementor-element elementor-element-600f320 elementor-section-boxed elementor-section-height-default elementor-section-height-default\" data-id=\"600f320\" data-element_type=\"section\" data-e-type=\"section\">\n\t\t\t\t\t\t<div class=\"elementor-container elementor-column-gap-default\">\n\t\t\t\t\t<div class=\"elementor-column elementor-col-100 elementor-top-column elementor-element elementor-element-3645fc2\" data-id=\"3645fc2\" data-element_type=\"column\" data-e-type=\"column\">\n\t\t\t<div class=\"elementor-widget-wrap elementor-element-populated\">\n\t\t\t\t\t\t<div class=\"elementor-element elementor-element-3b7ce63 elementor-widget elementor-widget-text-editor\" data-id=\"3b7ce63\" data-element_type=\"widget\" data-e-type=\"widget\" data-widget_type=\"text-editor.default\">\n\t\t\t\t<div class=\"elementor-widget-container\">\n\t\t\t\t\t\t\t\t\t<p>Le conseil d\u2019administration est constitu\u00e9 de membres r\u00e9guliers et de repr\u00e9sentants de membres corporatifs du Conseil de bassin qui ont \u00e9t\u00e9 \u00e9lus par l\u2019assembl\u00e9e annuelle des membres. L\u2019Association vise \u00e0 ce que certains administrateurs puissent provenir de divers secteurs touchant l\u2019environnement, le culturel et r\u00e9cr\u00e9otouristique et l\u2019\u00e9conomique (agricole, forestier, commercial, industriel ou institutionnel).<\/p><p><a href=\"https:\/\/cbrcr.org\/index.php\/devenir-membre\/\">Devenez membre du Conseil de bassin<\/a>\u00a0\u00e0 l\u2019aide de nos\u00a0services en ligne\u00a0!<strong>\u00a0<\/strong><\/p><p><strong>Conseil d&rsquo;administration<\/strong><\/p><p>Pour l\u2019exercice 2025-2026, les membres du conseil d\u2019administration sont :<\/p><ul><li style=\"list-style-type: none;\"><ul><li style=\"list-style-type: none;\"><ul><li>William Bolduc, secr\u00e9taire *<\/li><li>Marc Delahaie, tr\u00e9sorier\u00a0<strong>*<\/strong><\/li><li>Gilles Dion<\/li><li>Martin Ferland<\/li><li>Isabelle Gagnon, vice-pr\u00e9sidente *\u00a0<\/li><li>Denis Isabelle<\/li><li>Roch Maltais, pr\u00e9sident\u00a0<strong>*<\/strong><\/li><li>Huan Teng<\/li><li>Normand Villeneuve<\/li><\/ul><\/li><\/ul><\/li><\/ul><p>Des membres r\u00e9guliers peuvent aussi \u00eatre coopt\u00e9s en tant qu\u2019administrateurs par le conseil d\u2019administration, afin de combler des postes vacants \u00e9lectifs et d\u2019y assurer une juste repr\u00e9sentativit\u00e9 du bassin versant.<\/p><p>Enfin, l\u2019Association peut solliciter la pr\u00e9sence de conseillers au conseil d\u2019administration, selon ses besoins et l\u2019int\u00e9r\u00eat manifest\u00e9 par les minist\u00e8res ou organismes gouvernementaux, les ordres professionnels ou d\u2019autres organismes analogues. Ces conseillers n\u2019ont pas la qualit\u00e9 d\u2019administrateurs.<\/p><p>Pour le pr\u00e9sent exercice, ces personnes sont :<\/p><ul><li style=\"list-style-type: none;\"><ul><li style=\"list-style-type: none;\"><ul><li>Michel Lagac\u00e9, citoyen<\/li><li>Martin Lafrance (Minist\u00e8re des Transports)<\/li><li>Alain Schreiber, citoyen<\/li><\/ul><\/li><\/ul><\/li><\/ul>\t\t\t\t\t\t\t\t<\/div>\n\t\t\t\t<\/div>\n\t\t\t\t\t<\/div>\n\t\t<\/div>\n\t\t\t\t\t<\/div>\n\t\t<\/section>\n\t\t\t\t<section class=\"elementor-section elementor-top-section elementor-element elementor-element-710888d elementor-section-boxed elementor-section-height-default elementor-section-height-default\" data-id=\"710888d\" data-element_type=\"section\" data-e-type=\"section\">\n\t\t\t\t\t\t<div class=\"elementor-container elementor-column-gap-default\">\n\t\t\t\t\t<div class=\"elementor-column elementor-col-100 elementor-top-column elementor-element elementor-element-4ab5603\" data-id=\"4ab5603\" data-element_type=\"column\" data-e-type=\"column\">\n\t\t\t<div class=\"elementor-widget-wrap elementor-element-populated\">\n\t\t\t\t\t\t<div class=\"elementor-element elementor-element-edb8500 elementor-widget elementor-widget-heading\" data-id=\"edb8500\" data-element_type=\"widget\" data-e-type=\"widget\" data-widget_type=\"heading.default\">\n\t\t\t\t<div class=\"elementor-widget-container\">\n\t\t\t\t\t<h2 class=\"elementor-heading-title elementor-size-default\">Comit\u00e9 de direction<\/h2>\t\t\t\t<\/div>\n\t\t\t\t<\/div>\n\t\t\t\t<div class=\"elementor-element elementor-element-3ff06f4 elementor-widget elementor-widget-text-editor\" data-id=\"3ff06f4\" data-element_type=\"widget\" data-e-type=\"widget\" data-widget_type=\"text-editor.default\">\n\t\t\t\t<div class=\"elementor-widget-container\">\n\t\t\t\t\t\t\t\t\t<p>Le conseil d\u2019administration a \u00e9lu quatre des siens en tant qu\u2019officiers de la corporation pour former le comit\u00e9 de direction. Ensemble, ces derniers ont pour fonction de voir \u00e0 la gestion des affaires courantes du Conseil de bassin.<\/p><p>Les officiers ci-dessus marqu\u00e9s d\u2019un ast\u00e9risque* composent le comit\u00e9 de direction pour l\u2019exercice 2025-2026.<\/p>\t\t\t\t\t\t\t\t<\/div>\n\t\t\t\t<\/div>\n\t\t\t\t\t<\/div>\n\t\t<\/div>\n\t\t\t\t\t<\/div>\n\t\t<\/section>\n\t\t\t\t<\/div>\n\t\t","protected":false},"excerpt":{"rendered":"<p>Le conseil d\u2019administration est constitu\u00e9 de membres r\u00e9guliers et de repr\u00e9sentants de membres corporatifs du Conseil de bassin qui ont \u00e9t\u00e9 \u00e9lus par l\u2019assembl\u00e9e annuelle des membres. L\u2019Association vise \u00e0 ce que certains administrateurs puissent provenir de divers secteurs touchant l\u2019environnement, le culturel et r\u00e9cr\u00e9otouristique et l\u2019\u00e9conomique (agricole, forestier, commercial, industriel ou institutionnel). Devenez membre &hellip; <\/p>\n<p class=\"link-more\"><a href=\"https:\/\/cbrcr.org\/index.php\/administrateurs\/\" class=\"more-link\">Continuer la lecture<span class=\"screen-reader-text\"> de &laquo; Administrateurs &raquo;<\/span><\/a><\/p>\n","protected":false},"author":1,"featured_media":0,"parent":0,"menu_order":0,"comment_status":"closed","ping_status":"closed","template":"","meta":{"inline_featured_image":false,"footnotes":""},"class_list":["post-3507","page","type-page","status-publish","hentry"],"publishpress_future_action":{"enabled":false,"date":"2026-05-18 05:12:48","action":"change-status","newStatus":"draft","terms":[],"taxonomy":"","extraData":[]},"publishpress_future_workflow_manual_trigger":{"enabledWorkflows":[]},"_links":{"self":[{"href":"https:\/\/cbrcr.org\/index.php\/wp-json\/wp\/v2\/pages\/3507","targetHints":{"allow":["GET"]}}],"collection":[{"href":"https:\/\/cbrcr.org\/index.php\/wp-json\/wp\/v2\/pages"}],"about":[{"href":"https:\/\/cbrcr.org\/index.php\/wp-json\/wp\/v2\/types\/page"}],"author":[{"embeddable":true,"href":"https:\/\/cbrcr.org\/index.php\/wp-json\/wp\/v2\/users\/1"}],"replies":[{"embeddable":true,"href":"https:\/\/cbrcr.org\/index.php\/wp-json\/wp\/v2\/comments?post=3507"}],"version-history":[{"count":82,"href":"https:\/\/cbrcr.org\/index.php\/wp-json\/wp\/v2\/pages\/3507\/revisions"}],"predecessor-version":[{"id":6617,"href":"https:\/\/cbrcr.org\/index.php\/wp-json\/wp\/v2\/pages\/3507\/revisions\/6617"}],"wp:attachment":[{"href":"https:\/\/cbrcr.org\/index.php\/wp-json\/wp\/v2\/media?parent=3507"}],"curies":[{"name":"wp","href":"https:\/\/api.w.org\/{rel}","templated":true}]}}