{"id":3520,"date":"2021-12-14T16:52:19","date_gmt":"2021-12-14T21:52:19","guid":{"rendered":"http:\/\/cbrcr.org\/?page_id=3520"},"modified":"2022-01-06T10:20:53","modified_gmt":"2022-01-06T15:20:53","slug":"reglements-generaux","status":"publish","type":"page","link":"https:\/\/cbrcr.org\/index.php\/reglements-generaux\/","title":{"rendered":"R\u00e8glements g\u00e9n\u00e9raux"},"content":{"rendered":"\t\t<div data-elementor-type=\"wp-page\" data-elementor-id=\"3520\" class=\"elementor elementor-3520\" data-elementor-post-type=\"page\">\n\t\t\t\t\t\t<section class=\"elementor-section elementor-top-section elementor-element elementor-element-fbac701 elementor-section-boxed elementor-section-height-default elementor-section-height-default\" data-id=\"fbac701\" data-element_type=\"section\" data-e-type=\"section\">\n\t\t\t\t\t\t<div class=\"elementor-container elementor-column-gap-default\">\n\t\t\t\t\t<div class=\"elementor-column elementor-col-100 elementor-top-column elementor-element elementor-element-5e4d70f\" data-id=\"5e4d70f\" data-element_type=\"column\" data-e-type=\"column\">\n\t\t\t<div class=\"elementor-widget-wrap elementor-element-populated\">\n\t\t\t\t\t\t<div class=\"elementor-element elementor-element-797ab9b elementor-widget elementor-widget-text-editor\" data-id=\"797ab9b\" data-element_type=\"widget\" data-e-type=\"widget\" data-widget_type=\"text-editor.default\">\n\t\t\t\t<div class=\"elementor-widget-container\">\n\t\t\t\t\t\t\t\t\t<p><span style=\"font-weight: 400;\">Les <\/span><a href=\"http:\/\/cbrcr.org\/index.php\/documentation\/\" rel=\"noopener\"><span style=\"font-weight: 400;\">r\u00e8glements g\u00e9n\u00e9raux<\/span><\/a><span style=\"font-weight: 400;\"> d\u00e9crivent les principales modalit\u00e9s d\u2019organisation et de fonctionnement du Conseil de bassin.\u00a0 Ils ont \u00e9t\u00e9 \u00e9labor\u00e9s et adopt\u00e9s dans le respect du cadre de r\u00e9f\u00e9rence de la Politique nationale de l\u2019eau.<\/span><\/p><p><span style=\"font-weight: 400;\">Approuv\u00e9s par l\u2019assembl\u00e9e g\u00e9n\u00e9rale de fondation le 3 d\u00e9cembre 2003, ils ont \u00e9t\u00e9 modifi\u00e9s par la suite lors d\u2019assembl\u00e9es annuelles subs\u00e9quentes des membres.<\/span><\/p>\t\t\t\t\t\t\t\t<\/div>\n\t\t\t\t<\/div>\n\t\t\t\t\t<\/div>\n\t\t<\/div>\n\t\t\t\t\t<\/div>\n\t\t<\/section>\n\t\t\t\t<section class=\"elementor-section elementor-top-section elementor-element elementor-element-4d4e5ed elementor-section-boxed elementor-section-height-default elementor-section-height-default\" data-id=\"4d4e5ed\" data-element_type=\"section\" data-e-type=\"section\">\n\t\t\t\t\t\t<div class=\"elementor-container elementor-column-gap-default\">\n\t\t\t\t\t<div class=\"elementor-column elementor-col-100 elementor-top-column elementor-element elementor-element-2301c02\" data-id=\"2301c02\" data-element_type=\"column\" data-e-type=\"column\">\n\t\t\t<div class=\"elementor-widget-wrap elementor-element-populated\">\n\t\t\t\t\t\t<div class=\"elementor-element elementor-element-99549de elementor-widget elementor-widget-image\" data-id=\"99549de\" data-element_type=\"widget\" data-e-type=\"widget\" data-widget_type=\"image.default\">\n\t\t\t\t<div class=\"elementor-widget-container\">\n\t\t\t\t\t\t\t\t\t\t\t\t\t\t\t<img decoding=\"async\" src=\"http:\/\/cbrcr.org\/wp-content\/uploads\/2021\/11\/101_0187-585x295.jpg\" title=\"101_0187\" alt=\"101_0187\" loading=\"lazy\" \/>\t\t\t\t\t\t\t\t\t\t\t\t\t\t\t<\/div>\n\t\t\t\t<\/div>\n\t\t\t\t\t<\/div>\n\t\t<\/div>\n\t\t\t\t\t<\/div>\n\t\t<\/section>\n\t\t\t\t<\/div>\n\t\t","protected":false},"excerpt":{"rendered":"<p>Les r\u00e8glements g\u00e9n\u00e9raux d\u00e9crivent les principales modalit\u00e9s d\u2019organisation et de fonctionnement du Conseil de bassin.\u00a0 Ils ont \u00e9t\u00e9 \u00e9labor\u00e9s et adopt\u00e9s dans le respect du cadre de r\u00e9f\u00e9rence de la Politique nationale de l\u2019eau. Approuv\u00e9s par l\u2019assembl\u00e9e g\u00e9n\u00e9rale de fondation le 3 d\u00e9cembre 2003, ils ont \u00e9t\u00e9 modifi\u00e9s par la suite lors d\u2019assembl\u00e9es annuelles subs\u00e9quentes &hellip; <\/p>\n<p class=\"link-more\"><a href=\"https:\/\/cbrcr.org\/index.php\/reglements-generaux\/\" class=\"more-link\">Continuer la lecture<span class=\"screen-reader-text\"> de &laquo; R\u00e8glements g\u00e9n\u00e9raux &raquo;<\/span><\/a><\/p>\n","protected":false},"author":1,"featured_media":0,"parent":0,"menu_order":0,"comment_status":"closed","ping_status":"closed","template":"","meta":{"inline_featured_image":false,"footnotes":""},"class_list":["post-3520","page","type-page","status-publish","hentry"],"publishpress_future_action":{"enabled":false,"date":"2026-05-18 05:15:08","action":"change-status","newStatus":"draft","terms":[],"taxonomy":"","extraData":[]},"publishpress_future_workflow_manual_trigger":{"enabledWorkflows":[]},"_links":{"self":[{"href":"https:\/\/cbrcr.org\/index.php\/wp-json\/wp\/v2\/pages\/3520","targetHints":{"allow":["GET"]}}],"collection":[{"href":"https:\/\/cbrcr.org\/index.php\/wp-json\/wp\/v2\/pages"}],"about":[{"href":"https:\/\/cbrcr.org\/index.php\/wp-json\/wp\/v2\/types\/page"}],"author":[{"embeddable":true,"href":"https:\/\/cbrcr.org\/index.php\/wp-json\/wp\/v2\/users\/1"}],"replies":[{"embeddable":true,"href":"https:\/\/cbrcr.org\/index.php\/wp-json\/wp\/v2\/comments?post=3520"}],"version-history":[{"count":17,"href":"https:\/\/cbrcr.org\/index.php\/wp-json\/wp\/v2\/pages\/3520\/revisions"}],"predecessor-version":[{"id":4845,"href":"https:\/\/cbrcr.org\/index.php\/wp-json\/wp\/v2\/pages\/3520\/revisions\/4845"}],"wp:attachment":[{"href":"https:\/\/cbrcr.org\/index.php\/wp-json\/wp\/v2\/media?parent=3520"}],"curies":[{"name":"wp","href":"https:\/\/api.w.org\/{rel}","templated":true}]}}