{"id":3564,"date":"2021-12-14T16:52:39","date_gmt":"2021-12-14T21:52:39","guid":{"rendered":"http:\/\/cbrcr.org\/?page_id=3564"},"modified":"2022-01-06T10:35:18","modified_gmt":"2022-01-06T15:35:18","slug":"riviere","status":"publish","type":"page","link":"https:\/\/cbrcr.org\/index.php\/riviere\/","title":{"rendered":"Rivi\u00e8re"},"content":{"rendered":"\t\t<div data-elementor-type=\"wp-page\" data-elementor-id=\"3564\" class=\"elementor elementor-3564\" data-elementor-post-type=\"page\">\n\t\t\t\t\t\t<section class=\"elementor-section elementor-top-section elementor-element elementor-element-d505dbc elementor-section-boxed elementor-section-height-default elementor-section-height-default\" data-id=\"d505dbc\" data-element_type=\"section\" data-e-type=\"section\" data-settings=\"{&quot;background_background&quot;:&quot;classic&quot;}\">\n\t\t\t\t\t\t<div class=\"elementor-container elementor-column-gap-default\">\n\t\t\t\t\t<div class=\"elementor-column elementor-col-100 elementor-top-column elementor-element elementor-element-0aaca1b\" data-id=\"0aaca1b\" data-element_type=\"column\" data-e-type=\"column\">\n\t\t\t<div class=\"elementor-widget-wrap elementor-element-populated\">\n\t\t\t\t\t\t<div class=\"elementor-element elementor-element-df803e8 elementor-widget elementor-widget-text-editor\" data-id=\"df803e8\" data-element_type=\"widget\" data-e-type=\"widget\" data-widget_type=\"text-editor.default\">\n\t\t\t\t<div class=\"elementor-widget-container\">\n\t\t\t\t\t\t\t\t\t<p><span style=\"font-weight: 400;\">La rivi\u00e8re du Cap Rouge coule sur une distance de 23,5 km, de sa source jusqu\u2019\u00e0 son embouchure dans l\u2019anse du Cap Rouge.\u00a0<\/span><\/p><p><span style=\"font-weight: 400;\">La rivi\u00e8re est aliment\u00e9e par 13 tributaires, dont les plus importants sont le ruisseau d\u2019Eau Claire (5,5 km) et le ruisseau B\u00e9lair (5,7 km), prenant tous deux leur source au pied du mont B\u00e9lair. Le r\u00e9seau hydrographique total repr\u00e9sente plus de 135 km de cours d\u2019eau.<\/span><\/p><p><span style=\"font-weight: 400;\">Tout au long de son parcours, la rivi\u00e8re est influenc\u00e9e par diff\u00e9rents milieux : le massif forestier en amont du territoire, la zone agricole et la zone urbaine. <\/span><\/p>\t\t\t\t\t\t\t\t<\/div>\n\t\t\t\t<\/div>\n\t\t\t\t\t<\/div>\n\t\t<\/div>\n\t\t\t\t\t<\/div>\n\t\t<\/section>\n\t\t\t\t<section class=\"elementor-section elementor-top-section elementor-element elementor-element-4674428 elementor-section-boxed elementor-section-height-default elementor-section-height-default\" data-id=\"4674428\" data-element_type=\"section\" data-e-type=\"section\">\n\t\t\t\t\t\t<div class=\"elementor-container elementor-column-gap-default\">\n\t\t\t\t\t<div class=\"elementor-column elementor-col-16 elementor-top-column elementor-element elementor-element-ee3a7b0\" data-id=\"ee3a7b0\" data-element_type=\"column\" data-e-type=\"column\">\n\t\t\t<div class=\"elementor-widget-wrap\">\n\t\t\t\t\t\t\t<\/div>\n\t\t<\/div>\n\t\t\t\t<div class=\"elementor-column elementor-col-66 elementor-top-column elementor-element elementor-element-aa50c3d\" data-id=\"aa50c3d\" data-element_type=\"column\" data-e-type=\"column\">\n\t\t\t<div class=\"elementor-widget-wrap elementor-element-populated\">\n\t\t\t\t\t\t<div class=\"elementor-element elementor-element-6d9418e elementor-widget elementor-widget-video\" data-id=\"6d9418e\" data-element_type=\"widget\" data-e-type=\"widget\" data-settings=\"{&quot;youtube_url&quot;:&quot;https:\\\/\\\/www.youtube.com\\\/watch?v=TwCxcY0Cd88&amp;ab_channel=Communaut%C3%A9m%C3%A9tropolitainedeQu%C3%A9bec&quot;,&quot;video_type&quot;:&quot;youtube&quot;,&quot;controls&quot;:&quot;yes&quot;}\" data-widget_type=\"video.default\">\n\t\t\t\t<div class=\"elementor-widget-container\">\n\t\t\t\t\t\t\t<div class=\"elementor-wrapper elementor-open-inline\">\n\t\t\t<div class=\"elementor-video\"><\/div>\t\t<\/div>\n\t\t\t\t\t\t<\/div>\n\t\t\t\t<\/div>\n\t\t\t\t\t<\/div>\n\t\t<\/div>\n\t\t\t\t<div class=\"elementor-column elementor-col-16 elementor-top-column elementor-element elementor-element-70a7206\" data-id=\"70a7206\" data-element_type=\"column\" data-e-type=\"column\">\n\t\t\t<div class=\"elementor-widget-wrap\">\n\t\t\t\t\t\t\t<\/div>\n\t\t<\/div>\n\t\t\t\t\t<\/div>\n\t\t<\/section>\n\t\t\t\t<section class=\"elementor-section elementor-top-section elementor-element elementor-element-2d099f0 elementor-section-boxed elementor-section-height-default elementor-section-height-default\" data-id=\"2d099f0\" data-element_type=\"section\" data-e-type=\"section\">\n\t\t\t\t\t\t<div class=\"elementor-container elementor-column-gap-default\">\n\t\t\t\t\t<div class=\"elementor-column elementor-col-50 elementor-top-column elementor-element elementor-element-dc76ac5\" data-id=\"dc76ac5\" data-element_type=\"column\" data-e-type=\"column\">\n\t\t\t<div class=\"elementor-widget-wrap elementor-element-populated\">\n\t\t\t\t\t\t<div class=\"elementor-element elementor-element-9e244ca elementor-widget elementor-widget-heading\" data-id=\"9e244ca\" data-element_type=\"widget\" data-e-type=\"widget\" data-widget_type=\"heading.default\">\n\t\t\t\t<div class=\"elementor-widget-container\">\n\t\t\t\t\t<h2 class=\"elementor-heading-title elementor-size-default\">Influence du massif forestier<\/h2>\t\t\t\t<\/div>\n\t\t\t\t<\/div>\n\t\t\t\t<div class=\"elementor-element elementor-element-6e90bbb elementor-widget elementor-widget-text-editor\" data-id=\"6e90bbb\" data-element_type=\"widget\" data-e-type=\"widget\" data-widget_type=\"text-editor.default\">\n\t\t\t\t<div class=\"elementor-widget-container\">\n\t\t\t\t\t\t\t\t\t<p><span style=\"font-weight: 400;\">La zone bois\u00e9e du mont B\u00e9lair, en amont du bassin versant, constitue un atout appr\u00e9ciable puisqu\u2019elle filtre les eaux. De plus, elle favorise le maintien d\u2019un r\u00e9gime naturel d\u2019\u00e9coulement des eaux. <\/span><\/p><p><span style=\"font-weight: 400;\">Les ruisseaux sont sinueux et on y retrouve tr\u00e8s peu d\u2019\u00e9rosion. Les ruisseaux provenant des nappes phr\u00e9atiques sont les moins perturb\u00e9s, car ce secteur pr\u00e9sente une v\u00e9g\u00e9tation abondante (arbres, arbustes et herbac\u00e9es) par rapport \u00e0 d\u2019autres milieux. <\/span><span style=\"font-weight: 400;\">On y trouve peu d&rsquo;infrastructures et de b\u00e2timents.<\/span><\/p><p><span style=\"font-weight: 400;\">Toutefois, <\/span><span style=\"font-weight: 400;\">la situatio<\/span><span style=\"font-weight: 400;\">n commence \u00e0 se d\u00e9t\u00e9riorer dans la portion sud de la zone bois\u00e9e. La construction d&rsquo;habitations dans le couvert forestier sur le Chemin Notre-Dame, les coupes foresti\u00e8res, les foss\u00e9s municipaux mal am\u00e9nag\u00e9s sont devenus une source d\u2019apport en contaminants dans la rivi\u00e8re.<\/span><\/p>\t\t\t\t\t\t\t\t<\/div>\n\t\t\t\t<\/div>\n\t\t\t\t\t<\/div>\n\t\t<\/div>\n\t\t\t\t<div class=\"elementor-column elementor-col-50 elementor-top-column elementor-element elementor-element-1daccdd\" data-id=\"1daccdd\" data-element_type=\"column\" data-e-type=\"column\">\n\t\t\t<div class=\"elementor-widget-wrap elementor-element-populated\">\n\t\t\t\t\t\t<div class=\"elementor-element elementor-element-8515100 elementor-widget elementor-widget-image\" data-id=\"8515100\" data-element_type=\"widget\" data-e-type=\"widget\" data-widget_type=\"image.default\">\n\t\t\t\t<div class=\"elementor-widget-container\">\n\t\t\t\t\t\t\t\t\t\t\t\t\t\t\t<img decoding=\"async\" src=\"https:\/\/cbrcr.org\/wp-content\/uploads\/2021\/11\/DSC02560-e1636679437947.jpg\" title=\"DSC02560\" alt=\"DSC02560\" loading=\"lazy\" \/>\t\t\t\t\t\t\t\t\t\t\t\t\t\t\t<\/div>\n\t\t\t\t<\/div>\n\t\t\t\t\t<\/div>\n\t\t<\/div>\n\t\t\t\t\t<\/div>\n\t\t<\/section>\n\t\t\t\t<section class=\"elementor-section elementor-top-section elementor-element elementor-element-79f9709 elementor-section-boxed elementor-section-height-default elementor-section-height-default\" data-id=\"79f9709\" data-element_type=\"section\" data-e-type=\"section\">\n\t\t\t\t\t\t<div class=\"elementor-container elementor-column-gap-default\">\n\t\t\t\t\t\t<\/div>\n\t\t<\/section>\n\t\t\t\t<section class=\"elementor-section elementor-top-section elementor-element elementor-element-24f731c elementor-section-boxed elementor-section-height-default elementor-section-height-default\" data-id=\"24f731c\" data-element_type=\"section\" data-e-type=\"section\">\n\t\t\t\t\t\t<div class=\"elementor-container elementor-column-gap-default\">\n\t\t\t\t\t<div class=\"elementor-column elementor-col-50 elementor-top-column elementor-element elementor-element-c873dde\" data-id=\"c873dde\" data-element_type=\"column\" data-e-type=\"column\">\n\t\t\t<div class=\"elementor-widget-wrap elementor-element-populated\">\n\t\t\t\t\t\t<div class=\"elementor-element elementor-element-1e83d1d elementor-widget elementor-widget-image\" data-id=\"1e83d1d\" data-element_type=\"widget\" data-e-type=\"widget\" data-widget_type=\"image.default\">\n\t\t\t\t<div class=\"elementor-widget-container\">\n\t\t\t\t\t\t\t\t\t\t\t\t\t\t\t<img decoding=\"async\" src=\"https:\/\/cbrcr.org\/wp-content\/uploads\/2021\/11\/IMG_2023.jpg\" title=\"IMG_2023\" alt=\"IMG_2023\" loading=\"lazy\" \/>\t\t\t\t\t\t\t\t\t\t\t\t\t\t\t<\/div>\n\t\t\t\t<\/div>\n\t\t\t\t\t<\/div>\n\t\t<\/div>\n\t\t\t\t<div class=\"elementor-column elementor-col-50 elementor-top-column elementor-element elementor-element-ed703a0\" data-id=\"ed703a0\" data-element_type=\"column\" data-e-type=\"column\">\n\t\t\t<div class=\"elementor-widget-wrap elementor-element-populated\">\n\t\t\t\t\t\t<div class=\"elementor-element elementor-element-114732d elementor-widget elementor-widget-heading\" data-id=\"114732d\" data-element_type=\"widget\" data-e-type=\"widget\" data-widget_type=\"heading.default\">\n\t\t\t\t<div class=\"elementor-widget-container\">\n\t\t\t\t\t<h2 class=\"elementor-heading-title elementor-size-default\">Influence du milieu agricole<\/h2>\t\t\t\t<\/div>\n\t\t\t\t<\/div>\n\t\t\t\t<div class=\"elementor-element elementor-element-0e0615c elementor-widget elementor-widget-text-editor\" data-id=\"0e0615c\" data-element_type=\"widget\" data-e-type=\"widget\" data-widget_type=\"text-editor.default\">\n\t\t\t\t<div class=\"elementor-widget-container\">\n\t\t\t\t\t\t\t\t\t<p><span style=\"font-weight: 400;\">Les activit\u00e9s agricoles du bassin versant sont caract\u00e9ris\u00e9es par une faible densit\u00e9 animale et par des productions v\u00e9g\u00e9tales \u00e0 dominance de cultures p\u00e9rennes, ce qui met peu de pression sur l\u2019environnement, contrairement \u00e0 d\u2019autres r\u00e9gions agricoles.<\/span><\/p><p><span style=\"font-weight: 400;\">En revanche, le sol de ce secteur est principalement argileux, ce qui augmente le transport des s\u00e9diments, par exemple apr\u00e8s une forte pluie. De plus, les bandes riveraines ne jouent pas leur r\u00f4le de filtre et de stabilisation car plusieurs ne respectent pas les<a href=\"https:\/\/environnement.gouv.qc.ca\/eau\/rives\/index.htm\" target=\"_blank\" rel=\"noopener\"> normes d\u2019am\u00e9nagement<\/a> de 3 m\u00e8tres \u00e0 partir de la ligne des hautes eaux<\/span><span style=\"font-weight: 400;\">.\u00a0<\/span><\/p><p><span style=\"font-weight: 400;\">En 2019, une caract\u00e9risation des tron\u00e7ons de cours d\u2019eau en milieu agricole a recens\u00e9 les probl\u00e8mes li\u00e9s \u00e0 l\u2019\u00e9tat des rives de ce secteur : \u00e9rosion des berges, sorties de drain non enroch\u00e9es, bandes riveraines peu v\u00e9g\u00e9talis\u00e9es, etc. Ceci engendre une pollution diffuse dans la rivi\u00e8re. Le milieu agricole a une responsabilit\u00e9 dans la d\u00e9t\u00e9rioration de la qualit\u00e9 de l\u2019eau, mais le milieu urbain en a une plus grande encore.<\/span><\/p>\t\t\t\t\t\t\t\t<\/div>\n\t\t\t\t<\/div>\n\t\t\t\t\t<\/div>\n\t\t<\/div>\n\t\t\t\t\t<\/div>\n\t\t<\/section>\n\t\t\t\t<section class=\"elementor-section elementor-top-section elementor-element elementor-element-cc28b9d elementor-section-boxed elementor-section-height-default elementor-section-height-default\" data-id=\"cc28b9d\" data-element_type=\"section\" data-e-type=\"section\">\n\t\t\t\t\t\t<div class=\"elementor-container elementor-column-gap-default\">\n\t\t\t\t\t<div class=\"elementor-column elementor-col-50 elementor-top-column elementor-element elementor-element-adf43b1\" data-id=\"adf43b1\" data-element_type=\"column\" data-e-type=\"column\">\n\t\t\t<div class=\"elementor-widget-wrap elementor-element-populated\">\n\t\t\t\t\t\t<div class=\"elementor-element elementor-element-8905f22 elementor-widget elementor-widget-heading\" data-id=\"8905f22\" data-element_type=\"widget\" data-e-type=\"widget\" data-widget_type=\"heading.default\">\n\t\t\t\t<div class=\"elementor-widget-container\">\n\t\t\t\t\t<h2 class=\"elementor-heading-title elementor-size-default\">Influence du milieu urbain<\/h2>\t\t\t\t<\/div>\n\t\t\t\t<\/div>\n\t\t\t\t<div class=\"elementor-element elementor-element-17e03b4 elementor-widget elementor-widget-text-editor\" data-id=\"17e03b4\" data-element_type=\"widget\" data-e-type=\"widget\" data-widget_type=\"text-editor.default\">\n\t\t\t\t<div class=\"elementor-widget-container\">\n\t\t\t\t\t\t\t\t\t<p><span style=\"font-weight: 400;\">Le secteur urbain comprend plusieurs activit\u00e9s anthropiques qui nuisent \u00e0 la qualit\u00e9 de l\u2019eau. En voici quelques-unes :<\/span><\/p><ul><li style=\"list-style-type: none;\"><ul><li><strong>L\u2019imperm\u00e9abilisation des sols :\u00a0<\/strong>L\u2019utilisation de mat\u00e9riaux imperm\u00e9ables comme le b\u00e9ton ou l\u2019asphalte facilite notre vie au quotidien, mais elle r\u00e9duit l\u2019infiltration (passage de l\u2019eau \u00e0 travers le sol) et augmente le ruissellement de l\u2019eau.\u00a0Les pluies moindrement fortes produisent des crues qui \u00e9rodent les berges et augmentent la pollution de l\u2019eau.<span style=\"color: var( --e-global-color-0ba0e91 ); font-family: var( --e-global-typography-867b43a-font-family ), Sans-serif; font-size: var( --e-global-typography-867b43a-font-size ); letter-spacing: var( --e-global-typography-867b43a-letter-spacing ); word-spacing: var( --e-global-typography-867b43a-word-spacing );\">\u00a0<\/span><\/li><\/ul><\/li><li style=\"list-style-type: none;\"><ul><li><span style=\"font-weight: 400;\"><strong>Bande riveraine peu v\u00e9g\u00e9talis\u00e9e :<\/strong> <\/span>Le couvert v\u00e9g\u00e9tal des bandes riveraines a \u00e9t\u00e9 maintenu dans le\u00a0 parc lin\u00e9aire de la rivi\u00e8re du Cap-Rouge. En dehors de ce parc, les berges de la rivi\u00e8re n\u00e9cessitent des am\u00e9nagements de stabilisation ou de renaturalisation \u00e0 plusieurs endroits.<\/li><\/ul><\/li><li style=\"list-style-type: none;\"><ul><li><strong>Contamination de l\u2019eau : <\/strong>La contamination microbienne provenant des eaux us\u00e9es est particuli\u00e8rement marqu\u00e9e dans le p\u00e9rim\u00e8tre urbain. Ce probl\u00e8me provient des branchements crois\u00e9s, des surverses d\u2019\u00e9gouts et des rejets des eaux us\u00e9es non d\u00e9sinfect\u00e9es des industries. De plus, on retrouve les sels de d\u00e9gla\u00e7age dans la rivi\u00e8re \u00e0 cause de l\u2019\u00e9coulement du r\u00e9seau d\u2019\u00e9gout pluvial vers la rivi\u00e8re.<\/li><\/ul><\/li><\/ul>\t\t\t\t\t\t\t\t<\/div>\n\t\t\t\t<\/div>\n\t\t\t\t\t<\/div>\n\t\t<\/div>\n\t\t\t\t<div class=\"elementor-column elementor-col-50 elementor-top-column elementor-element elementor-element-7d52d23\" data-id=\"7d52d23\" data-element_type=\"column\" data-e-type=\"column\">\n\t\t\t<div class=\"elementor-widget-wrap elementor-element-populated\">\n\t\t\t\t\t\t<div class=\"elementor-element elementor-element-c66c1df elementor-widget elementor-widget-image\" data-id=\"c66c1df\" data-element_type=\"widget\" data-e-type=\"widget\" data-widget_type=\"image.default\">\n\t\t\t\t<div class=\"elementor-widget-container\">\n\t\t\t\t\t\t\t\t\t\t\t\t\t\t\t<img fetchpriority=\"high\" decoding=\"async\" width=\"5312\" height=\"2988\" src=\"https:\/\/cbrcr.org\/wp-content\/uploads\/2017\/04\/20181002_102737.jpg\" class=\"attachment-full size-full wp-image-713\" alt=\"\" srcset=\"https:\/\/cbrcr.org\/wp-content\/uploads\/2017\/04\/20181002_102737.jpg 5312w, https:\/\/cbrcr.org\/wp-content\/uploads\/2017\/04\/20181002_102737-350x197.jpg 350w, https:\/\/cbrcr.org\/wp-content\/uploads\/2017\/04\/20181002_102737-300x169.jpg 300w, https:\/\/cbrcr.org\/wp-content\/uploads\/2017\/04\/20181002_102737-768x432.jpg 768w, https:\/\/cbrcr.org\/wp-content\/uploads\/2017\/04\/20181002_102737-1024x576.jpg 1024w\" sizes=\"100vw\" \/>\t\t\t\t\t\t\t\t\t\t\t\t\t\t\t<\/div>\n\t\t\t\t<\/div>\n\t\t\t\t\t<\/div>\n\t\t<\/div>\n\t\t\t\t\t<\/div>\n\t\t<\/section>\n\t\t\t\t<section class=\"elementor-section elementor-top-section elementor-element elementor-element-1f50801 elementor-section-boxed elementor-section-height-default elementor-section-height-default\" data-id=\"1f50801\" data-element_type=\"section\" data-e-type=\"section\" data-settings=\"{&quot;background_background&quot;:&quot;classic&quot;}\">\n\t\t\t\t\t\t<div class=\"elementor-container elementor-column-gap-default\">\n\t\t\t\t\t<div class=\"elementor-column elementor-col-100 elementor-top-column elementor-element elementor-element-cfe6564\" data-id=\"cfe6564\" data-element_type=\"column\" data-e-type=\"column\">\n\t\t\t<div class=\"elementor-widget-wrap elementor-element-populated\">\n\t\t\t\t\t\t<div class=\"elementor-element elementor-element-51b1d10 elementor-widget elementor-widget-text-editor\" data-id=\"51b1d10\" data-element_type=\"widget\" data-e-type=\"widget\" data-widget_type=\"text-editor.default\">\n\t\t\t\t<div class=\"elementor-widget-container\">\n\t\t\t\t\t\t\t\t\t<p><span style=\"font-weight: 400;\">En conclusion, la qualit\u00e9 de l\u2019eau de la rivi\u00e8re du Cap Rouge subit des modifications de l\u2019amont vers l\u2019aval. La qualit\u00e9 des eaux de la rivi\u00e8re du Cap Rouge doit continuer \u00e0 faire l\u2019objet d\u2019une surveillance r\u00e9guli\u00e8re afin d\u2019identifier les secteurs probl\u00e9matiques et de voir, si, au fil des ans, les efforts fournis par les acteurs de l\u2019eau porteront leurs fruits.<\/span><\/p><p><strong>Pour en savoir plus sur nos actions, vous pouvez consulter l\u2019ensemble de nos <a href=\"http:\/\/cbrcr.org\/index.php\/projets\/\" rel=\"noopener\">projets<\/a>.<\/strong><\/p>\t\t\t\t\t\t\t\t<\/div>\n\t\t\t\t<\/div>\n\t\t\t\t\t<\/div>\n\t\t<\/div>\n\t\t\t\t\t<\/div>\n\t\t<\/section>\n\t\t\t\t<\/div>\n\t\t","protected":false},"excerpt":{"rendered":"<p>La rivi\u00e8re du Cap Rouge coule sur une distance de 23,5 km, de sa source jusqu\u2019\u00e0 son embouchure dans l\u2019anse du Cap Rouge.\u00a0 La rivi\u00e8re est aliment\u00e9e par 13 tributaires, dont les plus importants sont le ruisseau d\u2019Eau Claire (5,5 km) et le ruisseau B\u00e9lair (5,7 km), prenant tous deux leur source au pied du &hellip; <\/p>\n<p class=\"link-more\"><a href=\"https:\/\/cbrcr.org\/index.php\/riviere\/\" class=\"more-link\">Continuer la lecture<span class=\"screen-reader-text\"> de &laquo; Rivi\u00e8re &raquo;<\/span><\/a><\/p>\n","protected":false},"author":1,"featured_media":0,"parent":0,"menu_order":0,"comment_status":"closed","ping_status":"closed","template":"","meta":{"inline_featured_image":false,"footnotes":""},"class_list":["post-3564","page","type-page","status-publish","hentry"],"publishpress_future_action":{"enabled":false,"date":"2026-05-06 15:28:36","action":"change-status","newStatus":"draft","terms":[],"taxonomy":"","extraData":[]},"publishpress_future_workflow_manual_trigger":{"enabledWorkflows":[]},"_links":{"self":[{"href":"https:\/\/cbrcr.org\/index.php\/wp-json\/wp\/v2\/pages\/3564","targetHints":{"allow":["GET"]}}],"collection":[{"href":"https:\/\/cbrcr.org\/index.php\/wp-json\/wp\/v2\/pages"}],"about":[{"href":"https:\/\/cbrcr.org\/index.php\/wp-json\/wp\/v2\/types\/page"}],"author":[{"embeddable":true,"href":"https:\/\/cbrcr.org\/index.php\/wp-json\/wp\/v2\/users\/1"}],"replies":[{"embeddable":true,"href":"https:\/\/cbrcr.org\/index.php\/wp-json\/wp\/v2\/comments?post=3564"}],"version-history":[{"count":31,"href":"https:\/\/cbrcr.org\/index.php\/wp-json\/wp\/v2\/pages\/3564\/revisions"}],"predecessor-version":[{"id":4858,"href":"https:\/\/cbrcr.org\/index.php\/wp-json\/wp\/v2\/pages\/3564\/revisions\/4858"}],"wp:attachment":[{"href":"https:\/\/cbrcr.org\/index.php\/wp-json\/wp\/v2\/media?parent=3564"}],"curies":[{"name":"wp","href":"https:\/\/api.w.org\/{rel}","templated":true}]}}