{"id":3987,"date":"2021-12-14T16:45:44","date_gmt":"2021-12-14T21:45:44","guid":{"rendered":"http:\/\/cbrcr.org\/?page_id=3987"},"modified":"2022-01-17T11:10:48","modified_gmt":"2022-01-17T16:10:48","slug":"notre-histoire","status":"publish","type":"page","link":"https:\/\/cbrcr.org\/index.php\/notre-histoire\/","title":{"rendered":"Notre histoire"},"content":{"rendered":"\t\t<div data-elementor-type=\"wp-page\" data-elementor-id=\"3987\" class=\"elementor elementor-3987\" data-elementor-post-type=\"page\">\n\t\t\t\t\t\t<section class=\"elementor-section elementor-top-section elementor-element elementor-element-afaecbf elementor-section-boxed elementor-section-height-default elementor-section-height-default\" data-id=\"afaecbf\" data-element_type=\"section\" data-e-type=\"section\">\n\t\t\t\t\t\t<div class=\"elementor-container elementor-column-gap-default\">\n\t\t\t\t\t<div class=\"elementor-column elementor-col-50 elementor-top-column elementor-element elementor-element-971cfe6\" data-id=\"971cfe6\" data-element_type=\"column\" data-e-type=\"column\">\n\t\t\t<div class=\"elementor-widget-wrap elementor-element-populated\">\n\t\t\t\t\t\t<div class=\"elementor-element elementor-element-9e36c58 elementor-widget elementor-widget-image\" data-id=\"9e36c58\" data-element_type=\"widget\" data-e-type=\"widget\" data-widget_type=\"image.default\">\n\t\t\t\t<div class=\"elementor-widget-container\">\n\t\t\t\t\t\t\t\t\t\t\t\t\t\t\t<img fetchpriority=\"high\" decoding=\"async\" width=\"740\" height=\"458\" src=\"http:\/\/cbrcr.org\/wp-content\/uploads\/2021\/03\/Cap-Rouge_historique-1024x634.jpg\" class=\"attachment-large size-large wp-image-1620\" alt=\"\" srcset=\"http:\/\/cbrcr.org\/wp-content\/uploads\/2021\/03\/Cap-Rouge_historique-1024x634.jpg 1024w, http:\/\/cbrcr.org\/wp-content\/uploads\/2021\/03\/Cap-Rouge_historique-300x186.jpg 300w, http:\/\/cbrcr.org\/wp-content\/uploads\/2021\/03\/Cap-Rouge_historique-768x476.jpg 768w, http:\/\/cbrcr.org\/wp-content\/uploads\/2021\/03\/Cap-Rouge_historique-350x217.jpg 350w, http:\/\/cbrcr.org\/wp-content\/uploads\/2021\/03\/Cap-Rouge_historique.jpg 1397w\" sizes=\"100vw\" \/>\t\t\t\t\t\t\t\t\t\t\t\t\t\t\t<\/div>\n\t\t\t\t<\/div>\n\t\t\t\t<div class=\"elementor-element elementor-element-bb2145a elementor-widget elementor-widget-image\" data-id=\"bb2145a\" data-element_type=\"widget\" data-e-type=\"widget\" data-widget_type=\"image.default\">\n\t\t\t\t<div class=\"elementor-widget-container\">\n\t\t\t\t\t\t\t\t\t\t\t\t\t\t\t<img decoding=\"async\" width=\"740\" height=\"535\" src=\"http:\/\/cbrcr.org\/wp-content\/uploads\/2021\/11\/1000.11.2.21-Copie-1024x741.jpg\" class=\"attachment-large size-large wp-image-3451\" alt=\"\" srcset=\"http:\/\/cbrcr.org\/wp-content\/uploads\/2021\/11\/1000.11.2.21-Copie-1024x741.jpg 1024w, http:\/\/cbrcr.org\/wp-content\/uploads\/2021\/11\/1000.11.2.21-Copie-300x217.jpg 300w, http:\/\/cbrcr.org\/wp-content\/uploads\/2021\/11\/1000.11.2.21-Copie-768x556.jpg 768w, http:\/\/cbrcr.org\/wp-content\/uploads\/2021\/11\/1000.11.2.21-Copie-350x253.jpg 350w\" sizes=\"100vw\" \/>\t\t\t\t\t\t\t\t\t\t\t\t\t\t\t<\/div>\n\t\t\t\t<\/div>\n\t\t\t\t<div class=\"elementor-element elementor-element-9d57798 elementor-widget elementor-widget-image\" data-id=\"9d57798\" data-element_type=\"widget\" data-e-type=\"widget\" data-widget_type=\"image.default\">\n\t\t\t\t<div class=\"elementor-widget-container\">\n\t\t\t\t\t\t\t\t\t\t\t\t\t\t\t<img decoding=\"async\" width=\"740\" height=\"416\" src=\"http:\/\/cbrcr.org\/wp-content\/uploads\/2021\/05\/20200120_115627-1024x576.jpg\" class=\"attachment-large size-large wp-image-2494\" alt=\"\" srcset=\"http:\/\/cbrcr.org\/wp-content\/uploads\/2021\/05\/20200120_115627-1024x576.jpg 1024w, http:\/\/cbrcr.org\/wp-content\/uploads\/2021\/05\/20200120_115627-300x169.jpg 300w, http:\/\/cbrcr.org\/wp-content\/uploads\/2021\/05\/20200120_115627-768x432.jpg 768w, http:\/\/cbrcr.org\/wp-content\/uploads\/2021\/05\/20200120_115627-350x197.jpg 350w\" sizes=\"100vw\" \/>\t\t\t\t\t\t\t\t\t\t\t\t\t\t\t<\/div>\n\t\t\t\t<\/div>\n\t\t\t\t\t<\/div>\n\t\t<\/div>\n\t\t\t\t<div class=\"elementor-column elementor-col-50 elementor-top-column elementor-element elementor-element-cb6913e\" data-id=\"cb6913e\" data-element_type=\"column\" data-e-type=\"column\">\n\t\t\t<div class=\"elementor-widget-wrap elementor-element-populated\">\n\t\t\t\t\t\t<div class=\"elementor-element elementor-element-71be9c6 elementor-widget elementor-widget-timeline-widget-addon\" data-id=\"71be9c6\" data-element_type=\"widget\" data-e-type=\"widget\" data-widget_type=\"timeline-widget-addon.default\">\n\t\t\t\t<div class=\"elementor-widget-container\">\n\t\t\t\t\t<!-- ========= Timeline Widget Addon For Elementor 1.6.24 ========= -->\n<div id=\"twae-wrapper-71be9c6\" class=\"twae-vertical twae-wrapper  twae-both-sided\">   \n    <div class=\"twae-start\"><\/div>    \n    <div id=\"twea-timeline-71be9c6\" class=\"twae-timeline\" ><!-- Start of Story Repeater Content --><div id=\"story-848e1f8\" class=\"twae-story twae-repeater-item twae-story-right twae-story-no-icon\"><!-- Story Label --><div class=\"twae-labels\"><div class=\"twae-label-big\">D\u00e9cennie 1990<\/div><\/div><!-- Story Icon --><div class=\"twae-icon\"><\/div><!-- Story Arrow --><div class=\"twae-arrow\"><\/div><!-- Start of Story Content --><div class=\"twae-content\"><!-- Story Title --><div class=\"twae-title\">Pr\u00e9occupation citoyenne <\/div><!-- Story Description --><div class=\"twae-description\"><p>Le Conseil de bassin est n\u00e9 d\u2019une pr\u00e9occupation citoyenne pour la protection de la rivi\u00e8re du Cap Rouge. Par exemple, l\u2019Union qu\u00e9b\u00e9coise pour la conservation de la nature publiait en mars 1994 un \u00ab <a href=\"http:\/\/cbrcr.org\/index.php\/2021\/06\/22\/plan-restauration-mise-en-valeur-cap-rouge\/\">Plan de restauration et de mise en valeur de la rivi\u00e8re du Cap Rouge<\/a>\u00a0\u00bb avec la collaboration financi\u00e8re des anciennes villes de Cap-Rouge et de Sainte-Foy.<\/p><\/div><\/div><\/div><!-- Start of Story Repeater Content --><div id=\"story-ca0ece7\" class=\"twae-story twae-repeater-item twae-story-left twae-story-no-icon\"><!-- Story Label --><div class=\"twae-labels\"><div class=\"twae-label-big\">D\u00e9cembre 2003<\/div><\/div><!-- Story Icon --><div class=\"twae-icon\"><\/div><!-- Story Arrow --><div class=\"twae-arrow\"><\/div><!-- Start of Story Content --><div class=\"twae-content\"><!-- Story Title --><div class=\"twae-title\">Fondation<\/div><!-- Story Description --><div class=\"twae-description\"><p>En 2001, des intervenants conviennent de cr\u00e9er un organisme sans but lucratif vou\u00e9 \u00e0 la protection et \u00e0 la mise en valeur de la rivi\u00e8re du Cap Rouge.<\/p><p>Ces d\u00e9marches ont abouti en d\u00e9cembre 2003 \u00e0 la tenue de l\u2019assembl\u00e9e g\u00e9n\u00e9rale de fondation du Conseil de bassin de la rivi\u00e8re du Cap Rouge (CBRCR).<\/p><\/div><\/div><\/div><!-- Start of Story Repeater Content --><div id=\"story-349516f\" class=\"twae-story twae-repeater-item twae-story-right twae-story-no-icon\"><!-- Story Label --><div class=\"twae-labels\"><div class=\"twae-label-big\">2009<\/div><\/div><!-- Story Icon --><div class=\"twae-icon\"><\/div><!-- Story Arrow --><div class=\"twae-arrow\"><\/div><!-- Start of Story Content --><div class=\"twae-content\"><!-- Story Title --><div class=\"twae-title\">Collaboration<\/div><!-- Story Description --><div class=\"twae-description\"><p>Le Conseil de bassin est membre de l\u2019Organisme des bassins versants de la Capitale depuis la cr\u00e9ation de cet organisme en 2009. Cette adh\u00e9sion fait suite au red\u00e9coupage du Qu\u00e9bec m\u00e9ridional par le minist\u00e8re du D\u00e9veloppement durable, de l\u2019Environnement et des Parcs de l\u2019\u00e9poque, afin d\u2019assurer l\u2019implantation de la gestion int\u00e9gr\u00e9e de l\u2019eau sur l\u2019ensemble du territoire.<\/p><\/div><\/div><\/div><!-- Start of Story Repeater Content --><div id=\"story-5de646c\" class=\"twae-story twae-repeater-item twae-story-left twae-story-no-icon\"><!-- Story Label --><div class=\"twae-labels\"><div class=\"twae-label-big\">2011<\/div><\/div><!-- Story Icon --><div class=\"twae-icon\"><\/div><!-- Story Arrow --><div class=\"twae-arrow\"><\/div><!-- Start of Story Content --><div class=\"twae-content\"><!-- Story Title --><div class=\"twae-title\">Entretien de sentiers<\/div><!-- Story Description --><div class=\"twae-description\"><p>Le Conseil de bassin assure l\u2019entretien des sentiers du parc lin\u00e9aire de la rivi\u00e8re du Cap Rouge dans le cadre d\u2019un partenariat financier \u00e9tabli avec la Ville de Qu\u00e9bec depuis 2011.<\/p><\/div><\/div><\/div><\/div>\n    <div class=\"twae-end\"><\/div>\n    <\/div><style type=\"text\/css\">.elementor-3987 .elementor-element.elementor-element-71be9c6 .twae-wrapper.twae-vertical .twae-story{margin-bottom:60px!important}.elementor-3987 .elementor-element.elementor-element-71be9c6 .twae-wrapper{--tw-cbx-title-color:#004360;}.elementor-3987 .elementor-element.elementor-element-71be9c6 .twae-wrapper{--tw-lbl-big-color:#004360;}.elementor-3987 .elementor-element.elementor-element-71be9c6 .twae-wrapper{--tw-cbx-des-color:#004360;}.elementor-3987 .elementor-element.elementor-element-71be9c6 .twae-wrapper{--tw-cbx-bg:#9ED8F329}.elementor-3987 .elementor-element.elementor-element-71be9c6 .twae-wrapper{--tw-line-bg:#7EA52E}.elementor-3987 .elementor-element.elementor-element-71be9c6 .twae-title{font-family:Roboto;font-weight:600;}.elementor-3987 .elementor-element.elementor-element-71be9c6 .twae-label-big{font-family:Roboto;font-weight:600;}.elementor-3987 .elementor-element.elementor-element-71be9c6 .twae-description{font-family:Roboto;font-size:17px;font-weight:400;line-height:25px;letter-spacing:0px;}@media (max-width: 1024px){ .twae-wrapper{--tw-ybx-size: 80px !important;}}@media (max-width: 767px){ .twae-wrapper{--tw-ybx-size: 80px !important}}<\/style>\t\t\t\t<\/div>\n\t\t\t\t<\/div>\n\t\t\t\t\t<\/div>\n\t\t<\/div>\n\t\t\t\t\t<\/div>\n\t\t<\/section>\n\t\t\t\t<\/div>\n\t\t","protected":false},"excerpt":{"rendered":"<p>D\u00e9cennie 1990 Pr\u00e9occupation citoyenne Le Conseil de bassin est n\u00e9 d\u2019une pr\u00e9occupation citoyenne pour la protection de la rivi\u00e8re du Cap Rouge. Par exemple, l\u2019Union qu\u00e9b\u00e9coise pour la conservation de la nature publiait en mars 1994 un \u00ab Plan de restauration et de mise en valeur de la rivi\u00e8re du Cap Rouge\u00a0\u00bb avec la collaboration &hellip; <\/p>\n<p class=\"link-more\"><a href=\"https:\/\/cbrcr.org\/index.php\/notre-histoire\/\" class=\"more-link\">Continuer la lecture<span class=\"screen-reader-text\"> de &laquo; Notre histoire &raquo;<\/span><\/a><\/p>\n","protected":false},"author":1,"featured_media":0,"parent":0,"menu_order":0,"comment_status":"closed","ping_status":"closed","template":"","meta":{"inline_featured_image":false,"footnotes":""},"class_list":["post-3987","page","type-page","status-publish","hentry"],"publishpress_future_action":{"enabled":false,"date":"2026-05-18 05:12:20","action":"change-status","newStatus":"draft","terms":[],"taxonomy":"","extraData":[]},"publishpress_future_workflow_manual_trigger":{"enabledWorkflows":[]},"_links":{"self":[{"href":"https:\/\/cbrcr.org\/index.php\/wp-json\/wp\/v2\/pages\/3987","targetHints":{"allow":["GET"]}}],"collection":[{"href":"https:\/\/cbrcr.org\/index.php\/wp-json\/wp\/v2\/pages"}],"about":[{"href":"https:\/\/cbrcr.org\/index.php\/wp-json\/wp\/v2\/types\/page"}],"author":[{"embeddable":true,"href":"https:\/\/cbrcr.org\/index.php\/wp-json\/wp\/v2\/users\/1"}],"replies":[{"embeddable":true,"href":"https:\/\/cbrcr.org\/index.php\/wp-json\/wp\/v2\/comments?post=3987"}],"version-history":[{"count":14,"href":"https:\/\/cbrcr.org\/index.php\/wp-json\/wp\/v2\/pages\/3987\/revisions"}],"predecessor-version":[{"id":4976,"href":"https:\/\/cbrcr.org\/index.php\/wp-json\/wp\/v2\/pages\/3987\/revisions\/4976"}],"wp:attachment":[{"href":"https:\/\/cbrcr.org\/index.php\/wp-json\/wp\/v2\/media?parent=3987"}],"curies":[{"name":"wp","href":"https:\/\/api.w.org\/{rel}","templated":true}]}}