{"id":3989,"date":"2021-12-14T16:50:37","date_gmt":"2021-12-14T21:50:37","guid":{"rendered":"http:\/\/cbrcr.org\/?page_id=3989"},"modified":"2025-12-07T09:26:06","modified_gmt":"2025-12-07T14:26:06","slug":"mot-du-president","status":"publish","type":"page","link":"https:\/\/cbrcr.org\/index.php\/mot-du-president\/","title":{"rendered":"Mot du pr\u00e9sident"},"content":{"rendered":"\t\t<div data-elementor-type=\"wp-page\" data-elementor-id=\"3989\" class=\"elementor elementor-3989\" data-elementor-post-type=\"page\">\n\t\t\t\t\t\t<section class=\"elementor-section elementor-top-section elementor-element elementor-element-c411018 elementor-section-boxed elementor-section-height-default elementor-section-height-default\" data-id=\"c411018\" data-element_type=\"section\" data-e-type=\"section\">\n\t\t\t\t\t\t<div class=\"elementor-container elementor-column-gap-default\">\n\t\t\t\t\t<div class=\"elementor-column elementor-col-100 elementor-top-column elementor-element elementor-element-d0448c9\" data-id=\"d0448c9\" data-element_type=\"column\" data-e-type=\"column\">\n\t\t\t<div class=\"elementor-widget-wrap elementor-element-populated\">\n\t\t\t\t\t\t<div class=\"elementor-element elementor-element-b0b2d11 elementor-widget elementor-widget-eael-fancy-text\" data-id=\"b0b2d11\" data-element_type=\"widget\" data-e-type=\"widget\" data-widget_type=\"eael-fancy-text.default\">\n\t\t\t\t<div class=\"elementor-widget-container\">\n\t\t\t\t\t\n\t<div  class=\"eael-fancy-text-container style-1\" data-fancy-text-id=\"b0b2d11\" data-fancy-text=\"|source de vie et de bien-\u00eatre \" data-fancy-text-transition-type=\"typing\" data-fancy-text-speed=\"50\" data-fancy-text-delay=\"0\" data-fancy-text-cursor=\"yes\" data-fancy-text-loop=\"\" data-fancy-text-action=\"page_load\" >\n\t\t\t\t\t<span class=\"eael-fancy-text-prefix\">Notre rivi\u00e8re <\/span>\n\t\t\n\t\t\n\t\t\t\t\t<span id=\"eael-fancy-text-b0b2d11\" class=\"eael-fancy-text-strings solid-color\">\n\t\t\t\t<noscript>\n\t\t\t\t\tsource de vie et de bien-\u00eatre\t\t\t\t<\/noscript>\n\t\t\t<\/span>\n\t\t\n\t\t\t\t\t<span class=\"eael-fancy-text-suffix\"> pour la population<\/span>\n\t\t\t<\/div><!-- close .eael-fancy-text-container -->\n\n\t<div class=\"clearfix\"><\/div>\n\n\t\t\t\t\t<\/div>\n\t\t\t\t<\/div>\n\t\t\t\t<div class=\"elementor-element elementor-element-8b8879a elementor-widget elementor-widget-text-editor\" data-id=\"8b8879a\" data-element_type=\"widget\" data-e-type=\"widget\" data-widget_type=\"text-editor.default\">\n\t\t\t\t<div class=\"elementor-widget-container\">\n\t\t\t\t\t\t\t\t\t<p>En 2003, conscients de la fragilit\u00e9 de cet \u00e9cosyst\u00e8me, des citoyens se sont regroup\u00e9s pour former le conseil de bassin de la rivi\u00e8re du Cap Rouge\u00a0 (CBRCR) afin de mettre en valeur la rivi\u00e8re et les milieux naturels de son bassin versant. \u00a0<\/p><p>Depuis plus de 20 ans, avec votre appui et celui de ses partenaires financiers, des gouvernements et des municipalit\u00e9s, le CBRCR r\u00e9alise de nombreux projets afin que la rivi\u00e8re devienne un milieu naturel de qualit\u00e9, attrayant, et accessible pour les citoyens. L\u2019organisme s\u2019est vu notamment confier par la Ville de Qu\u00e9bec en 2011 l\u2019entretien des sentiers de la rivi\u00e8re du Cap Rouge qui donnent acc\u00e8s \u00e0 cette nature qui est \u00e0 nos portes. Le CBRCR est ainsi devenu un acteur incontournable dans la mise en valeur de la rivi\u00e8re du Cap Rouge et des milieux naturels de son bassin versant. Notre organisme a besoin de votre support et de votre contribution au respect et la protection des milieux naturels.<\/p><p>En terminant, je vous invite\u00a0<a href=\"http:\/\/cbrcr.org\/index.php\/devenir-membre\/\">\u00e0 devenir membre du CBRCR<\/a>\u00a0afin de soutenir l\u2019organisme dans sa mission et de participer \u00e0 sa vie associative \u00e0 l\u2019occasion de l\u2019assembl\u00e9e annuelle. Sachez que votre soutien fait la diff\u00e9rence !<\/p><p><strong>Roch Maltais<\/strong><\/p>\t\t\t\t\t\t\t\t<\/div>\n\t\t\t\t<\/div>\n\t\t\t\t<div class=\"elementor-element elementor-element-d162cde elementor-widget elementor-widget-heading\" data-id=\"d162cde\" data-element_type=\"widget\" data-e-type=\"widget\" data-widget_type=\"heading.default\">\n\t\t\t\t<div class=\"elementor-widget-container\">\n\t\t\t\t\t<h2 class=\"elementor-heading-title elementor-size-default\">Roch Maltais<\/h2>\t\t\t\t<\/div>\n\t\t\t\t<\/div>\n\t\t\t\t\t<\/div>\n\t\t<\/div>\n\t\t\t\t\t<\/div>\n\t\t<\/section>\n\t\t\t\t<\/div>\n\t\t","protected":false},"excerpt":{"rendered":"<p>Notre rivi\u00e8re source de vie et de bien-\u00eatre pour la population En 2003, conscients de la fragilit\u00e9 de cet \u00e9cosyst\u00e8me, des citoyens se sont regroup\u00e9s pour former le conseil de bassin de la rivi\u00e8re du Cap Rouge\u00a0 (CBRCR) afin de mettre en valeur la rivi\u00e8re et les milieux naturels de son bassin versant. \u00a0 Depuis &hellip; <\/p>\n<p class=\"link-more\"><a href=\"https:\/\/cbrcr.org\/index.php\/mot-du-president\/\" class=\"more-link\">Continuer la lecture<span class=\"screen-reader-text\"> de &laquo; Mot du pr\u00e9sident &raquo;<\/span><\/a><\/p>\n","protected":false},"author":1,"featured_media":0,"parent":0,"menu_order":0,"comment_status":"closed","ping_status":"closed","template":"","meta":{"inline_featured_image":false,"footnotes":""},"class_list":["post-3989","page","type-page","status-publish","hentry"],"publishpress_future_action":{"enabled":false,"date":"2026-05-08 13:27:59","action":"change-status","newStatus":"draft","terms":[],"taxonomy":"","extraData":[]},"publishpress_future_workflow_manual_trigger":{"enabledWorkflows":[]},"_links":{"self":[{"href":"https:\/\/cbrcr.org\/index.php\/wp-json\/wp\/v2\/pages\/3989","targetHints":{"allow":["GET"]}}],"collection":[{"href":"https:\/\/cbrcr.org\/index.php\/wp-json\/wp\/v2\/pages"}],"about":[{"href":"https:\/\/cbrcr.org\/index.php\/wp-json\/wp\/v2\/types\/page"}],"author":[{"embeddable":true,"href":"https:\/\/cbrcr.org\/index.php\/wp-json\/wp\/v2\/users\/1"}],"replies":[{"embeddable":true,"href":"https:\/\/cbrcr.org\/index.php\/wp-json\/wp\/v2\/comments?post=3989"}],"version-history":[{"count":34,"href":"https:\/\/cbrcr.org\/index.php\/wp-json\/wp\/v2\/pages\/3989\/revisions"}],"predecessor-version":[{"id":6607,"href":"https:\/\/cbrcr.org\/index.php\/wp-json\/wp\/v2\/pages\/3989\/revisions\/6607"}],"wp:attachment":[{"href":"https:\/\/cbrcr.org\/index.php\/wp-json\/wp\/v2\/media?parent=3989"}],"curies":[{"name":"wp","href":"https:\/\/api.w.org\/{rel}","templated":true}]}}